{"id":729393,"date":"2025-03-03T16:04:18","date_gmt":"2025-03-03T15:04:18","guid":{"rendered":"https:\/\/stoic-curie.212-227-153-4.plesk.page\/producto\/amarre-noire-a-oeil-episse-avec-cosse-coeur-d-16-mm-x-12-m\/"},"modified":"2026-02-24T23:08:34","modified_gmt":"2026-02-24T23:08:34","slug":"amarre-noire-a-oeil-episse-avec-cosse-coeur-d-16-mm-x-12-m","status":"publish","type":"product","link":"https:\/\/stoic-curie.212-227-153-4.plesk.page\/fr\/product\/amarre-noire-a-oeil-episse-avec-cosse-coeur-d-16-mm-x-12-m\/","title":{"rendered":"Amarre noire \u00e0 \u0153il \u00e9piss\u00e9 avec cosse c\u0153ur, D\u00a016\u00a0mm\u00a0x\u00a012\u00a0m"},"content":{"rendered":"<p>Amarre noire \u00e0 \u0153il \u00e9piss\u00e9 avec cosse c\u0153ur, D\u00a016\u00a0mm\u00a0x\u00a012\u00a0m &#8211; <\/p>\n<p>Filin d&#8217;amarrage et d&#8217;ancrage avec une boucle en acier inoxydable \u00e9piss\u00e9e. Fabrication en polyester \u00e0 double tresse de haute t\u00e9nacit\u00e9. Non flottant.<\/p>\n","protected":false},"excerpt":{"rendered":"<p>Amarre noire \u00e0 \u0153il \u00e9piss\u00e9 avec cosse c\u0153ur, D\u00a016\u00a0mm\u00a0x\u00a012\u00a0m &#8211; Filin d&#8217;amarrage et d&#8217;ancrage avec une boucle en acier inoxydable<\/p>\n","protected":false},"featured_media":5944282,"comment_status":"open","ping_status":"closed","template":"","meta":[],"product_brand":[3099],"product_cat":[1048,1049],"product_tag":[],"class_list":{"0":"post-729393","1":"product","2":"type-product","3":"status-publish","4":"has-post-thumbnail","6":"product_brand-marco-benvenuti-fr","7":"product_cat-corde-damarrage","8":"product_cat-cordes-pre-epissees","10":"first","11":"instock","12":"shipping-taxable","13":"purchasable","14":"product-type-simple"},"_links":{"self":[{"href":"https:\/\/stoic-curie.212-227-153-4.plesk.page\/fr\/wp-json\/wp\/v2\/product\/729393","targetHints":{"allow":["GET"]}}],"collection":[{"href":"https:\/\/stoic-curie.212-227-153-4.plesk.page\/fr\/wp-json\/wp\/v2\/product"}],"about":[{"href":"https:\/\/stoic-curie.212-227-153-4.plesk.page\/fr\/wp-json\/wp\/v2\/types\/product"}],"replies":[{"embeddable":true,"href":"https:\/\/stoic-curie.212-227-153-4.plesk.page\/fr\/wp-json\/wp\/v2\/comments?post=729393"}],"version-history":[{"count":0,"href":"https:\/\/stoic-curie.212-227-153-4.plesk.page\/fr\/wp-json\/wp\/v2\/product\/729393\/revisions"}],"wp:featuredmedia":[{"embeddable":true,"href":"https:\/\/stoic-curie.212-227-153-4.plesk.page\/fr\/wp-json\/wp\/v2\/media\/5944282"}],"wp:attachment":[{"href":"https:\/\/stoic-curie.212-227-153-4.plesk.page\/fr\/wp-json\/wp\/v2\/media?parent=729393"}],"wp:term":[{"taxonomy":"product_brand","embeddable":true,"href":"https:\/\/stoic-curie.212-227-153-4.plesk.page\/fr\/wp-json\/wp\/v2\/product_brand?post=729393"},{"taxonomy":"product_cat","embeddable":true,"href":"https:\/\/stoic-curie.212-227-153-4.plesk.page\/fr\/wp-json\/wp\/v2\/product_cat?post=729393"},{"taxonomy":"product_tag","embeddable":true,"href":"https:\/\/stoic-curie.212-227-153-4.plesk.page\/fr\/wp-json\/wp\/v2\/product_tag?post=729393"}],"curies":[{"name":"wp","href":"https:\/\/api.w.org\/{rel}","templated":true}]}}