{"id":729397,"date":"2025-03-03T16:04:19","date_gmt":"2025-03-03T15:04:19","guid":{"rendered":"https:\/\/stoic-curie.212-227-153-4.plesk.page\/producto\/amarre-pre-epissee-noire-d-16-mm-x-12-m\/"},"modified":"2026-02-24T23:08:34","modified_gmt":"2026-02-24T23:08:34","slug":"amarre-pre-epissee-noire-d-16-mm-x-12-m","status":"publish","type":"product","link":"https:\/\/stoic-curie.212-227-153-4.plesk.page\/fr\/product\/amarre-pre-epissee-noire-d-16-mm-x-12-m\/","title":{"rendered":"Amarre pr\u00e9-\u00e9piss\u00e9e noire, D\u00a016\u00a0mm\u00a0x\u00a012\u00a0m"},"content":{"rendered":"<p>Amarre pr\u00e9-\u00e9piss\u00e9e noire, D\u00a016\u00a0mm\u00a0x\u00a012\u00a0m &#8211; <\/p>\n<p>Pr\u00eate \u00e0 l&#8217;emploi, ligne de quai en polyester double tresse avec \u0153il souple.<br \/>Ne flotte pas.<\/p>\n","protected":false},"excerpt":{"rendered":"<p>Amarre pr\u00e9-\u00e9piss\u00e9e noire, D\u00a016\u00a0mm\u00a0x\u00a012\u00a0m &#8211; Pr\u00eate \u00e0 l&#8217;emploi, ligne de quai en polyester double tresse avec \u0153il souple.Ne flotte pas.<\/p>\n","protected":false},"featured_media":2979975,"comment_status":"open","ping_status":"closed","template":"","meta":[],"product_brand":[3099,2172],"product_cat":[1048,1049],"product_tag":[],"class_list":{"0":"post-729397","1":"product","2":"type-product","3":"status-publish","4":"has-post-thumbnail","6":"product_brand-marco-benvenuti-fr","7":"product_brand-nova-argonautica","8":"product_cat-corde-damarrage","9":"product_cat-cordes-pre-epissees","11":"first","12":"instock","13":"shipping-taxable","14":"purchasable","15":"product-type-simple"},"_links":{"self":[{"href":"https:\/\/stoic-curie.212-227-153-4.plesk.page\/fr\/wp-json\/wp\/v2\/product\/729397","targetHints":{"allow":["GET"]}}],"collection":[{"href":"https:\/\/stoic-curie.212-227-153-4.plesk.page\/fr\/wp-json\/wp\/v2\/product"}],"about":[{"href":"https:\/\/stoic-curie.212-227-153-4.plesk.page\/fr\/wp-json\/wp\/v2\/types\/product"}],"replies":[{"embeddable":true,"href":"https:\/\/stoic-curie.212-227-153-4.plesk.page\/fr\/wp-json\/wp\/v2\/comments?post=729397"}],"version-history":[{"count":0,"href":"https:\/\/stoic-curie.212-227-153-4.plesk.page\/fr\/wp-json\/wp\/v2\/product\/729397\/revisions"}],"wp:featuredmedia":[{"embeddable":true,"href":"https:\/\/stoic-curie.212-227-153-4.plesk.page\/fr\/wp-json\/"}],"wp:attachment":[{"href":"https:\/\/stoic-curie.212-227-153-4.plesk.page\/fr\/wp-json\/wp\/v2\/media?parent=729397"}],"wp:term":[{"taxonomy":"product_brand","embeddable":true,"href":"https:\/\/stoic-curie.212-227-153-4.plesk.page\/fr\/wp-json\/wp\/v2\/product_brand?post=729397"},{"taxonomy":"product_cat","embeddable":true,"href":"https:\/\/stoic-curie.212-227-153-4.plesk.page\/fr\/wp-json\/wp\/v2\/product_cat?post=729397"},{"taxonomy":"product_tag","embeddable":true,"href":"https:\/\/stoic-curie.212-227-153-4.plesk.page\/fr\/wp-json\/wp\/v2\/product_tag?post=729397"}],"curies":[{"name":"wp","href":"https:\/\/api.w.org\/{rel}","templated":true}]}}