{"id":729400,"date":"2025-03-03T16:04:19","date_gmt":"2025-03-03T15:04:19","guid":{"rendered":"https:\/\/stoic-curie.212-227-153-4.plesk.page\/producto\/lampe-sous-marine-a-led-bleue-36-x-h-17-mm-9-x-3-w-12-24-v\/"},"modified":"2026-02-24T23:08:34","modified_gmt":"2026-02-24T23:08:34","slug":"lampe-sous-marine-a-led-bleue-36-x-h-17-mm-9-x-3-w-12-24-v","status":"publish","type":"product","link":"https:\/\/stoic-curie.212-227-153-4.plesk.page\/fr\/product\/lampe-sous-marine-a-led-bleue-36-x-h-17-mm-9-x-3-w-12-24-v\/","title":{"rendered":"Lampe sous-marine \u00e0 LED bleue, 36\u00a0x\u00a0H\u00a017\u00a0mm, 9\u00a0x\u00a03\u00a0W, 12\/24\u00a0V"},"content":{"rendered":"<p>Lampe sous-marine \u00e0 LED bleue, 36\u00a0x\u00a0H\u00a017\u00a0mm, 9\u00a0x\u00a03\u00a0W, 12\/24\u00a0V &#8211; <\/p>\n<p>Projecteur LED sous-marin avec haute luminosit\u00e9 Power-CREE LED. Id\u00e9al pour \u00eatre mont\u00e9 sur des bouchons de drainage arri\u00e8re avec un filetage NPT de 1\/2&#8243; situ\u00e9s sous la ligne de flottaison. Bo\u00eetier \u00e9tanche IP68 en acier inoxydable 316 avec \u00e9lectronique scell\u00e9e en gel de silicone. Avec driver int\u00e9gr\u00e9 et protection contre la surchauffe. Alimentation universelle de 9-32V.<\/p>\n","protected":false},"excerpt":{"rendered":"<p>Lampe sous-marine \u00e0 LED bleue, 36\u00a0x\u00a0H\u00a017\u00a0mm, 9\u00a0x\u00a03\u00a0W, 12\/24\u00a0V &#8211; Projecteur LED sous-marin avec haute luminosit\u00e9 Power-CREE LED. Id\u00e9al pour \u00eatre<\/p>\n","protected":false},"featured_media":5944292,"comment_status":"open","ping_status":"closed","template":"","meta":[],"product_brand":[3219],"product_cat":[1157],"product_tag":[],"class_list":{"0":"post-729400","1":"product","2":"type-product","3":"status-publish","4":"has-post-thumbnail","6":"product_brand-oceanled-fr","7":"product_cat-lumieres-led-submersibles","9":"first","10":"instock","11":"shipping-taxable","12":"purchasable","13":"product-type-simple"},"_links":{"self":[{"href":"https:\/\/stoic-curie.212-227-153-4.plesk.page\/fr\/wp-json\/wp\/v2\/product\/729400","targetHints":{"allow":["GET"]}}],"collection":[{"href":"https:\/\/stoic-curie.212-227-153-4.plesk.page\/fr\/wp-json\/wp\/v2\/product"}],"about":[{"href":"https:\/\/stoic-curie.212-227-153-4.plesk.page\/fr\/wp-json\/wp\/v2\/types\/product"}],"replies":[{"embeddable":true,"href":"https:\/\/stoic-curie.212-227-153-4.plesk.page\/fr\/wp-json\/wp\/v2\/comments?post=729400"}],"version-history":[{"count":0,"href":"https:\/\/stoic-curie.212-227-153-4.plesk.page\/fr\/wp-json\/wp\/v2\/product\/729400\/revisions"}],"wp:featuredmedia":[{"embeddable":true,"href":"https:\/\/stoic-curie.212-227-153-4.plesk.page\/fr\/wp-json\/wp\/v2\/media\/5944292"}],"wp:attachment":[{"href":"https:\/\/stoic-curie.212-227-153-4.plesk.page\/fr\/wp-json\/wp\/v2\/media?parent=729400"}],"wp:term":[{"taxonomy":"product_brand","embeddable":true,"href":"https:\/\/stoic-curie.212-227-153-4.plesk.page\/fr\/wp-json\/wp\/v2\/product_brand?post=729400"},{"taxonomy":"product_cat","embeddable":true,"href":"https:\/\/stoic-curie.212-227-153-4.plesk.page\/fr\/wp-json\/wp\/v2\/product_cat?post=729400"},{"taxonomy":"product_tag","embeddable":true,"href":"https:\/\/stoic-curie.212-227-153-4.plesk.page\/fr\/wp-json\/wp\/v2\/product_tag?post=729400"}],"curies":[{"name":"wp","href":"https:\/\/api.w.org\/{rel}","templated":true}]}}