{"id":729402,"date":"2025-03-03T16:04:20","date_gmt":"2025-03-03T15:04:20","guid":{"rendered":"https:\/\/stoic-curie.212-227-153-4.plesk.page\/producto\/lampe-a-led-a-lumiere-bleue-submersible-en-inox-123-x-44-mm\/"},"modified":"2026-02-24T23:08:34","modified_gmt":"2026-02-24T23:08:34","slug":"lampe-a-led-a-lumiere-bleue-submersible-en-inox-123-x-44-mm","status":"publish","type":"product","link":"https:\/\/stoic-curie.212-227-153-4.plesk.page\/fr\/product\/lampe-a-led-a-lumiere-bleue-submersible-en-inox-123-x-44-mm\/","title":{"rendered":"Lampe \u00e0 LED \u00e0 lumi\u00e8re bleue submersible en inox, 123\u00a0x\u00a044\u00a0mm"},"content":{"rendered":"<p>Lampe \u00e0 LED \u00e0 lumi\u00e8re bleue submersible en inox, 123\u00a0x\u00a044\u00a0mm &#8211; <\/p>\n<p>Alimentation universelle 9-32V avec haute luminosit\u00e9 pour \u00e9clairage LED sous-marin. Bo\u00eetier \u00e9tanche IP68 en acier inoxydable 316 avec \u00e9lectronique scell\u00e9e par gel de silicone. Avec driver int\u00e9gr\u00e9 et protection contre la surchauffe. C\u00e2ble \u00e9lectrique de 1,5 m.<\/p>\n","protected":false},"excerpt":{"rendered":"<p>Lampe \u00e0 LED \u00e0 lumi\u00e8re bleue submersible en inox, 123\u00a0x\u00a044\u00a0mm &#8211; Alimentation universelle 9-32V avec haute luminosit\u00e9 pour \u00e9clairage LED<\/p>\n","protected":false},"featured_media":5944296,"comment_status":"open","ping_status":"closed","template":"","meta":[],"product_brand":[3219],"product_cat":[1157],"product_tag":[],"class_list":{"0":"post-729402","1":"product","2":"type-product","3":"status-publish","4":"has-post-thumbnail","6":"product_brand-oceanled-fr","7":"product_cat-lumieres-led-submersibles","9":"first","10":"instock","11":"shipping-taxable","12":"purchasable","13":"product-type-simple"},"_links":{"self":[{"href":"https:\/\/stoic-curie.212-227-153-4.plesk.page\/fr\/wp-json\/wp\/v2\/product\/729402","targetHints":{"allow":["GET"]}}],"collection":[{"href":"https:\/\/stoic-curie.212-227-153-4.plesk.page\/fr\/wp-json\/wp\/v2\/product"}],"about":[{"href":"https:\/\/stoic-curie.212-227-153-4.plesk.page\/fr\/wp-json\/wp\/v2\/types\/product"}],"replies":[{"embeddable":true,"href":"https:\/\/stoic-curie.212-227-153-4.plesk.page\/fr\/wp-json\/wp\/v2\/comments?post=729402"}],"version-history":[{"count":0,"href":"https:\/\/stoic-curie.212-227-153-4.plesk.page\/fr\/wp-json\/wp\/v2\/product\/729402\/revisions"}],"wp:featuredmedia":[{"embeddable":true,"href":"https:\/\/stoic-curie.212-227-153-4.plesk.page\/fr\/wp-json\/wp\/v2\/media\/5944296"}],"wp:attachment":[{"href":"https:\/\/stoic-curie.212-227-153-4.plesk.page\/fr\/wp-json\/wp\/v2\/media?parent=729402"}],"wp:term":[{"taxonomy":"product_brand","embeddable":true,"href":"https:\/\/stoic-curie.212-227-153-4.plesk.page\/fr\/wp-json\/wp\/v2\/product_brand?post=729402"},{"taxonomy":"product_cat","embeddable":true,"href":"https:\/\/stoic-curie.212-227-153-4.plesk.page\/fr\/wp-json\/wp\/v2\/product_cat?post=729402"},{"taxonomy":"product_tag","embeddable":true,"href":"https:\/\/stoic-curie.212-227-153-4.plesk.page\/fr\/wp-json\/wp\/v2\/product_tag?post=729402"}],"curies":[{"name":"wp","href":"https:\/\/api.w.org\/{rel}","templated":true}]}}