{"id":729403,"date":"2025-03-03T16:04:20","date_gmt":"2025-03-03T15:04:20","guid":{"rendered":"https:\/\/stoic-curie.212-227-153-4.plesk.page\/producto\/compas-de-route-riviera-aries-noir-et-blanc-a-led-d-65-mm\/"},"modified":"2026-02-24T23:08:34","modified_gmt":"2026-02-24T23:08:34","slug":"compas-de-route-riviera-aries-noir-et-blanc-a-led-d-65-mm","status":"publish","type":"product","link":"https:\/\/stoic-curie.212-227-153-4.plesk.page\/fr\/product\/compas-de-route-riviera-aries-noir-et-blanc-a-led-d-65-mm\/","title":{"rendered":"Compas de route Riviera Aries noir et blanc \u00e0 LED, D\u00a065\u00a0mm"},"content":{"rendered":"<p>Compas de route Riviera Aries noir et blanc \u00e0 LED, D\u00a065\u00a0mm &#8211; <\/p>\n<p>Compas Aries \u00e0 montage de pont avec \u00e9cran anti-\u00e9blouissement. \u00c9clairage LED 12V. <br \/> \u2022 Facile \u00e0 retirer gr\u00e2ce au montage \u00e0 ba\u00efonnette <br \/> \u2022 \u00c9clairage : 12V (24V sur demande) <br \/> \u2022 Diam\u00e8tre apparent de la carte 2&#8243; 1\/2 &#8211; 65 mm <br \/> \u2022 Lecture frontale (graduation de la carte 5\u00b0) <br \/> \u2022 Pour bateaux standards et \u00e0 grande vitesse <br \/> \u2022 Garantie de 3 ans<\/p>\n","protected":false},"excerpt":{"rendered":"<p>Compas de route Riviera Aries noir et blanc \u00e0 LED, D\u00a065\u00a0mm &#8211; Compas Aries \u00e0 montage de pont avec \u00e9cran<\/p>\n","protected":false},"featured_media":5944305,"comment_status":"open","ping_status":"closed","template":"","meta":[],"product_brand":[3304],"product_cat":[1206],"product_tag":[],"class_list":{"0":"post-729403","1":"product","2":"type-product","3":"status-publish","4":"has-post-thumbnail","6":"product_brand-riviera-fr","7":"product_cat-boussole-de-navigation","9":"first","10":"instock","11":"shipping-taxable","12":"purchasable","13":"product-type-simple"},"_links":{"self":[{"href":"https:\/\/stoic-curie.212-227-153-4.plesk.page\/fr\/wp-json\/wp\/v2\/product\/729403","targetHints":{"allow":["GET"]}}],"collection":[{"href":"https:\/\/stoic-curie.212-227-153-4.plesk.page\/fr\/wp-json\/wp\/v2\/product"}],"about":[{"href":"https:\/\/stoic-curie.212-227-153-4.plesk.page\/fr\/wp-json\/wp\/v2\/types\/product"}],"replies":[{"embeddable":true,"href":"https:\/\/stoic-curie.212-227-153-4.plesk.page\/fr\/wp-json\/wp\/v2\/comments?post=729403"}],"version-history":[{"count":0,"href":"https:\/\/stoic-curie.212-227-153-4.plesk.page\/fr\/wp-json\/wp\/v2\/product\/729403\/revisions"}],"wp:featuredmedia":[{"embeddable":true,"href":"https:\/\/stoic-curie.212-227-153-4.plesk.page\/fr\/wp-json\/wp\/v2\/media\/5944305"}],"wp:attachment":[{"href":"https:\/\/stoic-curie.212-227-153-4.plesk.page\/fr\/wp-json\/wp\/v2\/media?parent=729403"}],"wp:term":[{"taxonomy":"product_brand","embeddable":true,"href":"https:\/\/stoic-curie.212-227-153-4.plesk.page\/fr\/wp-json\/wp\/v2\/product_brand?post=729403"},{"taxonomy":"product_cat","embeddable":true,"href":"https:\/\/stoic-curie.212-227-153-4.plesk.page\/fr\/wp-json\/wp\/v2\/product_cat?post=729403"},{"taxonomy":"product_tag","embeddable":true,"href":"https:\/\/stoic-curie.212-227-153-4.plesk.page\/fr\/wp-json\/wp\/v2\/product_tag?post=729403"}],"curies":[{"name":"wp","href":"https:\/\/api.w.org\/{rel}","templated":true}]}}