{"id":729406,"date":"2025-03-03T16:04:20","date_gmt":"2025-03-03T15:04:20","guid":{"rendered":"https:\/\/stoic-curie.212-227-153-4.plesk.page\/producto\/chaise-de-tableau-arriere-reglable-en-plastique-pour-moteurs-hors-bord-jusqua-40-kg\/"},"modified":"2026-02-24T23:08:34","modified_gmt":"2026-02-24T23:08:34","slug":"chaise-de-tableau-arriere-reglable-en-plastique-pour-moteurs-hors-bord-jusqua-40-kg","status":"publish","type":"product","link":"https:\/\/stoic-curie.212-227-153-4.plesk.page\/fr\/product\/chaise-de-tableau-arriere-reglable-en-plastique-pour-moteurs-hors-bord-jusqua-40-kg\/","title":{"rendered":"Chaise de tableau arri\u00e8re r\u00e9glable en plastique, pour moteurs hors-bord jusqu\u2019\u00e0 40\u00a0kg"},"content":{"rendered":"<p>Chaise de tableau arri\u00e8re r\u00e9glable en plastique, pour moteurs hors-bord jusqu\u2019\u00e0 40\u00a0kg &#8211; <\/p>\n<p>Support de moteur hors-bord \u00e0 action assist\u00e9e par ressort avec angle de base r\u00e9glable. Pour des moteurs hors-bord jusqu&#8217;\u00e0 20 ch (2 temps) ou 15 ch (4 temps). Corps en acier inoxydable.<\/p>\n","protected":false},"excerpt":{"rendered":"<p>Chaise de tableau arri\u00e8re r\u00e9glable en plastique, pour moteurs hors-bord jusqu\u2019\u00e0 40\u00a0kg &#8211; Support de moteur hors-bord \u00e0 action assist\u00e9e<\/p>\n","protected":false},"featured_media":5944318,"comment_status":"open","ping_status":"closed","template":"","meta":[],"product_brand":[3489],"product_cat":[1253],"product_tag":[],"class_list":{"0":"post-729406","1":"product","2":"type-product","3":"status-publish","4":"has-post-thumbnail","6":"product_brand-trem-fr","7":"product_cat-accessoires-hors-bord","9":"first","10":"instock","11":"shipping-taxable","12":"purchasable","13":"product-type-simple"},"_links":{"self":[{"href":"https:\/\/stoic-curie.212-227-153-4.plesk.page\/fr\/wp-json\/wp\/v2\/product\/729406","targetHints":{"allow":["GET"]}}],"collection":[{"href":"https:\/\/stoic-curie.212-227-153-4.plesk.page\/fr\/wp-json\/wp\/v2\/product"}],"about":[{"href":"https:\/\/stoic-curie.212-227-153-4.plesk.page\/fr\/wp-json\/wp\/v2\/types\/product"}],"replies":[{"embeddable":true,"href":"https:\/\/stoic-curie.212-227-153-4.plesk.page\/fr\/wp-json\/wp\/v2\/comments?post=729406"}],"version-history":[{"count":0,"href":"https:\/\/stoic-curie.212-227-153-4.plesk.page\/fr\/wp-json\/wp\/v2\/product\/729406\/revisions"}],"wp:featuredmedia":[{"embeddable":true,"href":"https:\/\/stoic-curie.212-227-153-4.plesk.page\/fr\/wp-json\/wp\/v2\/media\/5944318"}],"wp:attachment":[{"href":"https:\/\/stoic-curie.212-227-153-4.plesk.page\/fr\/wp-json\/wp\/v2\/media?parent=729406"}],"wp:term":[{"taxonomy":"product_brand","embeddable":true,"href":"https:\/\/stoic-curie.212-227-153-4.plesk.page\/fr\/wp-json\/wp\/v2\/product_brand?post=729406"},{"taxonomy":"product_cat","embeddable":true,"href":"https:\/\/stoic-curie.212-227-153-4.plesk.page\/fr\/wp-json\/wp\/v2\/product_cat?post=729406"},{"taxonomy":"product_tag","embeddable":true,"href":"https:\/\/stoic-curie.212-227-153-4.plesk.page\/fr\/wp-json\/wp\/v2\/product_tag?post=729406"}],"curies":[{"name":"wp","href":"https:\/\/api.w.org\/{rel}","templated":true}]}}