{"id":729407,"date":"2025-03-03T16:04:21","date_gmt":"2025-03-03T15:04:21","guid":{"rendered":"https:\/\/stoic-curie.212-227-153-4.plesk.page\/producto\/telecommande-multi-usage-4-boutons-avec-torche-a-led-quick\/"},"modified":"2026-02-24T23:08:34","modified_gmt":"2026-02-24T23:08:34","slug":"telecommande-multi-usage-4-boutons-avec-torche-a-led-quick","status":"publish","type":"product","link":"https:\/\/stoic-curie.212-227-153-4.plesk.page\/fr\/product\/telecommande-multi-usage-4-boutons-avec-torche-a-led-quick\/","title":{"rendered":"T\u00e9l\u00e9commande multi-usage 4\u00a0boutons avec torche \u00e0 LED Quick"},"content":{"rendered":"<p>T\u00e9l\u00e9commande multi-usage 4\u00a0boutons avec torche \u00e0 LED Quick &#8211; <\/p>\n<p>T\u00e9l\u00e9commandes portables \u00e9tanches HRC utilis\u00e9es pour faire fonctionner des grues, des passerelles, des \u00e9chelles maritimes, des cabestans, etc. Construites avec des inserts en caoutchouc anti-chocs pour am\u00e9liorer la prise. Avec un c\u00e2ble extensible jusqu&#8217;\u00e0 4,2 m\u00e8tres, un connecteur \u00e9tanche, un support et une lumi\u00e8re LED int\u00e9gr\u00e9e sur demande.<\/p>\n","protected":false},"excerpt":{"rendered":"<p>T\u00e9l\u00e9commande multi-usage 4\u00a0boutons avec torche \u00e0 LED Quick &#8211; T\u00e9l\u00e9commandes portables \u00e9tanches HRC utilis\u00e9es pour faire fonctionner des grues, des<\/p>\n","protected":false},"featured_media":5944221,"comment_status":"open","ping_status":"closed","template":"","meta":[],"product_brand":[3279],"product_cat":[1037],"product_tag":[],"class_list":{"0":"post-729407","1":"product","2":"type-product","3":"status-publish","4":"has-post-thumbnail","6":"product_brand-quick-fr","7":"product_cat-guindeaux-quick","9":"first","10":"instock","11":"shipping-taxable","12":"purchasable","13":"product-type-simple"},"_links":{"self":[{"href":"https:\/\/stoic-curie.212-227-153-4.plesk.page\/fr\/wp-json\/wp\/v2\/product\/729407","targetHints":{"allow":["GET"]}}],"collection":[{"href":"https:\/\/stoic-curie.212-227-153-4.plesk.page\/fr\/wp-json\/wp\/v2\/product"}],"about":[{"href":"https:\/\/stoic-curie.212-227-153-4.plesk.page\/fr\/wp-json\/wp\/v2\/types\/product"}],"replies":[{"embeddable":true,"href":"https:\/\/stoic-curie.212-227-153-4.plesk.page\/fr\/wp-json\/wp\/v2\/comments?post=729407"}],"version-history":[{"count":0,"href":"https:\/\/stoic-curie.212-227-153-4.plesk.page\/fr\/wp-json\/wp\/v2\/product\/729407\/revisions"}],"wp:featuredmedia":[{"embeddable":true,"href":"https:\/\/stoic-curie.212-227-153-4.plesk.page\/fr\/wp-json\/wp\/v2\/media\/5944221"}],"wp:attachment":[{"href":"https:\/\/stoic-curie.212-227-153-4.plesk.page\/fr\/wp-json\/wp\/v2\/media?parent=729407"}],"wp:term":[{"taxonomy":"product_brand","embeddable":true,"href":"https:\/\/stoic-curie.212-227-153-4.plesk.page\/fr\/wp-json\/wp\/v2\/product_brand?post=729407"},{"taxonomy":"product_cat","embeddable":true,"href":"https:\/\/stoic-curie.212-227-153-4.plesk.page\/fr\/wp-json\/wp\/v2\/product_cat?post=729407"},{"taxonomy":"product_tag","embeddable":true,"href":"https:\/\/stoic-curie.212-227-153-4.plesk.page\/fr\/wp-json\/wp\/v2\/product_tag?post=729407"}],"curies":[{"name":"wp","href":"https:\/\/api.w.org\/{rel}","templated":true}]}}