{"id":729419,"date":"2025-03-03T16:04:22","date_gmt":"2025-03-03T15:04:22","guid":{"rendered":"https:\/\/stoic-curie.212-227-153-4.plesk.page\/producto\/rouet-en-nitrile-pour-pompe-jabsco-1414-01\/"},"modified":"2026-02-24T23:08:34","modified_gmt":"2026-02-24T23:08:34","slug":"rouet-en-nitrile-pour-pompe-jabsco-1414-01","status":"publish","type":"product","link":"https:\/\/stoic-curie.212-227-153-4.plesk.page\/fr\/product\/rouet-en-nitrile-pour-pompe-jabsco-1414-01\/","title":{"rendered":"Rouet en nitrile pour pompe Jabsco 1414-01"},"content":{"rendered":"<p>Rouet en nitrile pour pompe Jabsco 1414-01 &#8211; <\/p>\n<p>Impulseur Jabsco authentique pour les pompes de refroidissement et syst\u00e8mes d&#8217;eau du moteur. N\u00e9opr\u00e8ne : pour l&#8217;eau douce et sal\u00e9e ; Nitrile : pour les fonds, huiles et d\u00e9riv\u00e9s.<\/p>\n","protected":false},"excerpt":{"rendered":"<p>Rouet en nitrile pour pompe Jabsco 1414-01 &#8211; Impulseur Jabsco authentique pour les pompes de refroidissement et syst\u00e8mes d&#8217;eau du<\/p>\n","protected":false},"featured_media":5944331,"comment_status":"open","ping_status":"closed","template":"","meta":[],"product_brand":[3029],"product_cat":[1235],"product_tag":[],"class_list":{"0":"post-729419","1":"product","2":"type-product","3":"status-publish","4":"has-post-thumbnail","6":"product_brand-jabsco-marine-fr","7":"product_cat-pompes-de-refroidissement-du-moteur","9":"first","10":"instock","11":"shipping-taxable","12":"purchasable","13":"product-type-simple"},"_links":{"self":[{"href":"https:\/\/stoic-curie.212-227-153-4.plesk.page\/fr\/wp-json\/wp\/v2\/product\/729419","targetHints":{"allow":["GET"]}}],"collection":[{"href":"https:\/\/stoic-curie.212-227-153-4.plesk.page\/fr\/wp-json\/wp\/v2\/product"}],"about":[{"href":"https:\/\/stoic-curie.212-227-153-4.plesk.page\/fr\/wp-json\/wp\/v2\/types\/product"}],"replies":[{"embeddable":true,"href":"https:\/\/stoic-curie.212-227-153-4.plesk.page\/fr\/wp-json\/wp\/v2\/comments?post=729419"}],"version-history":[{"count":0,"href":"https:\/\/stoic-curie.212-227-153-4.plesk.page\/fr\/wp-json\/wp\/v2\/product\/729419\/revisions"}],"wp:featuredmedia":[{"embeddable":true,"href":"https:\/\/stoic-curie.212-227-153-4.plesk.page\/fr\/wp-json\/wp\/v2\/media\/5944331"}],"wp:attachment":[{"href":"https:\/\/stoic-curie.212-227-153-4.plesk.page\/fr\/wp-json\/wp\/v2\/media?parent=729419"}],"wp:term":[{"taxonomy":"product_brand","embeddable":true,"href":"https:\/\/stoic-curie.212-227-153-4.plesk.page\/fr\/wp-json\/wp\/v2\/product_brand?post=729419"},{"taxonomy":"product_cat","embeddable":true,"href":"https:\/\/stoic-curie.212-227-153-4.plesk.page\/fr\/wp-json\/wp\/v2\/product_cat?post=729419"},{"taxonomy":"product_tag","embeddable":true,"href":"https:\/\/stoic-curie.212-227-153-4.plesk.page\/fr\/wp-json\/wp\/v2\/product_tag?post=729419"}],"curies":[{"name":"wp","href":"https:\/\/api.w.org\/{rel}","templated":true}]}}