{"id":729421,"date":"2025-03-03T16:04:23","date_gmt":"2025-03-03T15:04:23","guid":{"rendered":"https:\/\/stoic-curie.212-227-153-4.plesk.page\/producto\/pompe-verticale-auto-amorcante-ocean-12-v\/"},"modified":"2026-02-24T23:08:34","modified_gmt":"2026-02-24T23:08:34","slug":"pompe-verticale-auto-amorcante-ocean-12-v","status":"publish","type":"product","link":"https:\/\/stoic-curie.212-227-153-4.plesk.page\/fr\/product\/pompe-verticale-auto-amorcante-ocean-12-v\/","title":{"rendered":"Pompe verticale auto-amor\u00e7ante Ocean, 12\u00a0V"},"content":{"rendered":"<p>Pompe verticale auto-amor\u00e7ante Ocean, 12\u00a0V &#8211; <\/p>\n<p>Pompe \u00e0 diaphragme auto-amor\u00e7ante pour l&#8217;oc\u00e9an. Pour le pompage d&#8217;eau douce, d&#8217;eau sal\u00e9e et de cale.<\/p>\n","protected":false},"excerpt":{"rendered":"<p>Pompe verticale auto-amor\u00e7ante Ocean, 12\u00a0V &#8211; Pompe \u00e0 diaphragme auto-amor\u00e7ante pour l&#8217;oc\u00e9an. Pour le pompage d&#8217;eau douce, d&#8217;eau sal\u00e9e et<\/p>\n","protected":false},"featured_media":5944333,"comment_status":"open","ping_status":"closed","template":"","meta":[],"product_brand":[3139],"product_cat":[1085],"product_tag":[],"class_list":{"0":"post-729421","1":"product","2":"type-product","3":"status-publish","4":"has-post-thumbnail","6":"product_brand-matromarine-fr","7":"product_cat-pompes-de-cale-electriques","9":"first","10":"instock","11":"shipping-taxable","12":"purchasable","13":"product-type-simple"},"_links":{"self":[{"href":"https:\/\/stoic-curie.212-227-153-4.plesk.page\/fr\/wp-json\/wp\/v2\/product\/729421","targetHints":{"allow":["GET"]}}],"collection":[{"href":"https:\/\/stoic-curie.212-227-153-4.plesk.page\/fr\/wp-json\/wp\/v2\/product"}],"about":[{"href":"https:\/\/stoic-curie.212-227-153-4.plesk.page\/fr\/wp-json\/wp\/v2\/types\/product"}],"replies":[{"embeddable":true,"href":"https:\/\/stoic-curie.212-227-153-4.plesk.page\/fr\/wp-json\/wp\/v2\/comments?post=729421"}],"version-history":[{"count":0,"href":"https:\/\/stoic-curie.212-227-153-4.plesk.page\/fr\/wp-json\/wp\/v2\/product\/729421\/revisions"}],"wp:featuredmedia":[{"embeddable":true,"href":"https:\/\/stoic-curie.212-227-153-4.plesk.page\/fr\/wp-json\/wp\/v2\/media\/5944333"}],"wp:attachment":[{"href":"https:\/\/stoic-curie.212-227-153-4.plesk.page\/fr\/wp-json\/wp\/v2\/media?parent=729421"}],"wp:term":[{"taxonomy":"product_brand","embeddable":true,"href":"https:\/\/stoic-curie.212-227-153-4.plesk.page\/fr\/wp-json\/wp\/v2\/product_brand?post=729421"},{"taxonomy":"product_cat","embeddable":true,"href":"https:\/\/stoic-curie.212-227-153-4.plesk.page\/fr\/wp-json\/wp\/v2\/product_cat?post=729421"},{"taxonomy":"product_tag","embeddable":true,"href":"https:\/\/stoic-curie.212-227-153-4.plesk.page\/fr\/wp-json\/wp\/v2\/product_tag?post=729421"}],"curies":[{"name":"wp","href":"https:\/\/api.w.org\/{rel}","templated":true}]}}