{"id":729423,"date":"2025-03-03T16:04:23","date_gmt":"2025-03-03T15:04:23","guid":{"rendered":"https:\/\/stoic-curie.212-227-153-4.plesk.page\/producto\/kit-de-reparation-pour-pompe-a-embrayage-electromagnetique-johnson-f7b-5001\/"},"modified":"2026-02-24T23:08:34","modified_gmt":"2026-02-24T23:08:34","slug":"kit-de-reparation-pour-pompe-a-embrayage-electromagnetique-johnson-f7b-5001","status":"publish","type":"product","link":"https:\/\/stoic-curie.212-227-153-4.plesk.page\/fr\/product\/kit-de-reparation-pour-pompe-a-embrayage-electromagnetique-johnson-f7b-5001\/","title":{"rendered":"Kit de r\u00e9paration pour pompe \u00e0 embrayage \u00e9lectromagn\u00e9tique Johnson F7b-5001"},"content":{"rendered":"<p>Kit de r\u00e9paration pour pompe \u00e0 embrayage \u00e9lectromagn\u00e9tique Johnson F7b-5001 &#8211; <\/p>\n<p>Pompe \u00e0 eau douce et sal\u00e9e Johnson.<br \/>Impulseur en nitrile, corps en bronze, arbre en acier inoxydable.<br \/>Maximum 2000 tr\/min.<br \/>Attention :<br \/>Embrayage \u00e9lectromagn\u00e9tique avec poulie vendu s\u00e9par\u00e9ment.<\/p>\n","protected":false},"excerpt":{"rendered":"<p>Kit de r\u00e9paration pour pompe \u00e0 embrayage \u00e9lectromagn\u00e9tique Johnson F7b-5001 &#8211; Pompe \u00e0 eau douce et sal\u00e9e Johnson.Impulseur en nitrile,<\/p>\n","protected":false},"featured_media":5944334,"comment_status":"open","ping_status":"closed","template":"","meta":[],"product_brand":[3044],"product_cat":[1235],"product_tag":[],"class_list":{"0":"post-729423","1":"product","2":"type-product","3":"status-publish","4":"has-post-thumbnail","6":"product_brand-johnson-marine-fr","7":"product_cat-pompes-de-refroidissement-du-moteur","9":"first","10":"instock","11":"shipping-taxable","12":"purchasable","13":"product-type-simple"},"_links":{"self":[{"href":"https:\/\/stoic-curie.212-227-153-4.plesk.page\/fr\/wp-json\/wp\/v2\/product\/729423","targetHints":{"allow":["GET"]}}],"collection":[{"href":"https:\/\/stoic-curie.212-227-153-4.plesk.page\/fr\/wp-json\/wp\/v2\/product"}],"about":[{"href":"https:\/\/stoic-curie.212-227-153-4.plesk.page\/fr\/wp-json\/wp\/v2\/types\/product"}],"replies":[{"embeddable":true,"href":"https:\/\/stoic-curie.212-227-153-4.plesk.page\/fr\/wp-json\/wp\/v2\/comments?post=729423"}],"version-history":[{"count":0,"href":"https:\/\/stoic-curie.212-227-153-4.plesk.page\/fr\/wp-json\/wp\/v2\/product\/729423\/revisions"}],"wp:featuredmedia":[{"embeddable":true,"href":"https:\/\/stoic-curie.212-227-153-4.plesk.page\/fr\/wp-json\/wp\/v2\/media\/5944334"}],"wp:attachment":[{"href":"https:\/\/stoic-curie.212-227-153-4.plesk.page\/fr\/wp-json\/wp\/v2\/media?parent=729423"}],"wp:term":[{"taxonomy":"product_brand","embeddable":true,"href":"https:\/\/stoic-curie.212-227-153-4.plesk.page\/fr\/wp-json\/wp\/v2\/product_brand?post=729423"},{"taxonomy":"product_cat","embeddable":true,"href":"https:\/\/stoic-curie.212-227-153-4.plesk.page\/fr\/wp-json\/wp\/v2\/product_cat?post=729423"},{"taxonomy":"product_tag","embeddable":true,"href":"https:\/\/stoic-curie.212-227-153-4.plesk.page\/fr\/wp-json\/wp\/v2\/product_tag?post=729423"}],"curies":[{"name":"wp","href":"https:\/\/api.w.org\/{rel}","templated":true}]}}