{"id":729424,"date":"2025-03-03T16:04:23","date_gmt":"2025-03-03T15:04:23","guid":{"rendered":"https:\/\/stoic-curie.212-227-153-4.plesk.page\/producto\/ampoule-pour-projecteur-double-12-v\/"},"modified":"2026-02-24T23:08:34","modified_gmt":"2026-02-24T23:08:34","slug":"ampoule-pour-projecteur-double-12-v","status":"publish","type":"product","link":"https:\/\/stoic-curie.212-227-153-4.plesk.page\/fr\/product\/ampoule-pour-projecteur-double-12-v\/","title":{"rendered":"Ampoule pour projecteur double, 12\u00a0V"},"content":{"rendered":"<p>Ampoule pour projecteur double, 12\u00a0V &#8211; <\/p>\n<p>Projecteur double r\u00e9glable avec panneau de contr\u00f4le filaire \u00e9tanche. Corps \u00e9tanche avec 2 x 55 W ampoules halog\u00e8nes \u00e9tanches. Combinaison de lumi\u00e8res double : 1) Mode spot 2) Mode inondation. Dimensions : L220 x l257 x H210 mm. Contr\u00f4le sans fil optionnel avec r\u00e9cepteur et \u00e9metteur plug and play jusqu&#8217;\u00e0 35 m. Lorsqu&#8217;il est install\u00e9, il remplace le panneau de contr\u00f4le filaire. Pour maintenir les deux, le panneau \u00e0 double station doit \u00eatre achet\u00e9.<\/p>\n","protected":false},"excerpt":{"rendered":"<p>Ampoule pour projecteur double, 12\u00a0V &#8211; Projecteur double r\u00e9glable avec panneau de contr\u00f4le filaire \u00e9tanche. Corps \u00e9tanche avec 2 x<\/p>\n","protected":false},"featured_media":5944343,"comment_status":"open","ping_status":"closed","template":"","meta":[],"product_brand":[3139],"product_cat":[1160],"product_tag":[],"class_list":{"0":"post-729424","1":"product","2":"type-product","3":"status-publish","4":"has-post-thumbnail","6":"product_brand-matromarine-fr","7":"product_cat-projecteurs","9":"first","10":"instock","11":"shipping-taxable","12":"purchasable","13":"product-type-simple"},"_links":{"self":[{"href":"https:\/\/stoic-curie.212-227-153-4.plesk.page\/fr\/wp-json\/wp\/v2\/product\/729424","targetHints":{"allow":["GET"]}}],"collection":[{"href":"https:\/\/stoic-curie.212-227-153-4.plesk.page\/fr\/wp-json\/wp\/v2\/product"}],"about":[{"href":"https:\/\/stoic-curie.212-227-153-4.plesk.page\/fr\/wp-json\/wp\/v2\/types\/product"}],"replies":[{"embeddable":true,"href":"https:\/\/stoic-curie.212-227-153-4.plesk.page\/fr\/wp-json\/wp\/v2\/comments?post=729424"}],"version-history":[{"count":0,"href":"https:\/\/stoic-curie.212-227-153-4.plesk.page\/fr\/wp-json\/wp\/v2\/product\/729424\/revisions"}],"wp:featuredmedia":[{"embeddable":true,"href":"https:\/\/stoic-curie.212-227-153-4.plesk.page\/fr\/wp-json\/wp\/v2\/media\/5944343"}],"wp:attachment":[{"href":"https:\/\/stoic-curie.212-227-153-4.plesk.page\/fr\/wp-json\/wp\/v2\/media?parent=729424"}],"wp:term":[{"taxonomy":"product_brand","embeddable":true,"href":"https:\/\/stoic-curie.212-227-153-4.plesk.page\/fr\/wp-json\/wp\/v2\/product_brand?post=729424"},{"taxonomy":"product_cat","embeddable":true,"href":"https:\/\/stoic-curie.212-227-153-4.plesk.page\/fr\/wp-json\/wp\/v2\/product_cat?post=729424"},{"taxonomy":"product_tag","embeddable":true,"href":"https:\/\/stoic-curie.212-227-153-4.plesk.page\/fr\/wp-json\/wp\/v2\/product_tag?post=729424"}],"curies":[{"name":"wp","href":"https:\/\/api.w.org\/{rel}","templated":true}]}}