{"id":729425,"date":"2025-03-03T16:04:23","date_gmt":"2025-03-03T15:04:23","guid":{"rendered":"https:\/\/stoic-curie.212-227-153-4.plesk.page\/producto\/cordage-marin-classique-blanc-d-10-mm-x-200-m\/"},"modified":"2026-02-24T23:08:34","modified_gmt":"2026-02-24T23:08:34","slug":"cordage-marin-classique-blanc-d-10-mm-x-200-m","status":"publish","type":"product","link":"https:\/\/stoic-curie.212-227-153-4.plesk.page\/fr\/product\/cordage-marin-classique-blanc-d-10-mm-x-200-m\/","title":{"rendered":"Cordage marin blanc, D\u00a010\u00a0mm\u00a0x\u00a0200\u00a0m"},"content":{"rendered":"<p>Cordage marin blanc, D\u00a010\u00a0mm\u00a0x\u00a0200\u00a0m &#8211; <\/p>\n<p>La corde en polyester blanche \u00e0 trois brins est un choix durable et flexible, id\u00e9al pour les applications en ext\u00e9rieur ou dans des environnements difficiles. Fabriqu\u00e9e \u00e0 partir de fibres de polyester de haute qualit\u00e9, elle r\u00e9siste \u00e0 la d\u00e9chirure, \u00e0 l&#8217;abrasion et \u00e0 la d\u00e9coloration. Cette corde offre \u00e9galement une r\u00e9sistance \u00e0 l&#8217;eau exceptionnelle, maintenant sa solidit\u00e9 m\u00eame par temps humide ou s\u00e9v\u00e8re. Avec sa r\u00e9sistance moyenne, cette corde en polyester \u00e0 trois brins est une option excellente pour tous vos besoins d&#8217;amarrage et d&#8217;ancrage. De plus, elle est fabriqu\u00e9e \u00e0 partir de bouteilles en plastique PET recycl\u00e9es, ce qui en fait un choix respectueux de l&#8217;environnement. Vous constaterez que cette corde en rPET offre des performances comparables \u00e0 celles du polyester conventionnel.<\/p>\n<p>Dans le secteur nautique, la corde en polyester est remarquablement polyvalente. Elle peut \u00eatre utilis\u00e9e pour des lignes d&#8217;ancre, des lignes de mouillage, des lignes de pare-battage, des lignes de vie, et m\u00eame pour des t\u00e2ches de treuillage ou de levage.<\/p>\n<p>Voici quelques caract\u00e9ristiques importantes de cette corde :<\/p>\n<ul>\n<li>Construction \u00e0 trois brins torsad\u00e9s<\/li>\n<li>Compos\u00e9e de mat\u00e9riaux synth\u00e9tiques<\/li>\n<li>Maintient sa solidit\u00e9 lorsqu&#8217;elle est humide<\/li>\n<li>R\u00e9sistante \u00e0 l&#8217;eau, aux rayons UV, \u00e0 la d\u00e9composition et \u00e0 l&#8217;usure<\/li>\n<li>Ne flotte pas et devient l\u00e9g\u00e8rement plus douce lorsqu&#8217;elle est mouill\u00e9e<\/li>\n<li>Produite en Europe<\/li>\n<\/ul>\n","protected":false},"excerpt":{"rendered":"<p>Cordage marin blanc, D\u00a010\u00a0mm\u00a0x\u00a0200\u00a0m &#8211; La corde en polyester blanche \u00e0 trois brins est un choix durable et flexible, id\u00e9al<\/p>\n","protected":false},"featured_media":5939640,"comment_status":"open","ping_status":"closed","template":"","meta":[],"product_brand":[3099],"product_cat":[1048,1288],"product_tag":[],"class_list":{"0":"post-729425","1":"product","2":"type-product","3":"status-publish","4":"has-post-thumbnail","6":"product_brand-marco-benvenuti-fr","7":"product_cat-corde-damarrage","8":"product_cat-lignes-de-mouillage","10":"first","11":"instock","12":"shipping-taxable","13":"purchasable","14":"product-type-simple"},"_links":{"self":[{"href":"https:\/\/stoic-curie.212-227-153-4.plesk.page\/fr\/wp-json\/wp\/v2\/product\/729425","targetHints":{"allow":["GET"]}}],"collection":[{"href":"https:\/\/stoic-curie.212-227-153-4.plesk.page\/fr\/wp-json\/wp\/v2\/product"}],"about":[{"href":"https:\/\/stoic-curie.212-227-153-4.plesk.page\/fr\/wp-json\/wp\/v2\/types\/product"}],"replies":[{"embeddable":true,"href":"https:\/\/stoic-curie.212-227-153-4.plesk.page\/fr\/wp-json\/wp\/v2\/comments?post=729425"}],"version-history":[{"count":0,"href":"https:\/\/stoic-curie.212-227-153-4.plesk.page\/fr\/wp-json\/wp\/v2\/product\/729425\/revisions"}],"wp:featuredmedia":[{"embeddable":true,"href":"https:\/\/stoic-curie.212-227-153-4.plesk.page\/fr\/wp-json\/wp\/v2\/media\/5939640"}],"wp:attachment":[{"href":"https:\/\/stoic-curie.212-227-153-4.plesk.page\/fr\/wp-json\/wp\/v2\/media?parent=729425"}],"wp:term":[{"taxonomy":"product_brand","embeddable":true,"href":"https:\/\/stoic-curie.212-227-153-4.plesk.page\/fr\/wp-json\/wp\/v2\/product_brand?post=729425"},{"taxonomy":"product_cat","embeddable":true,"href":"https:\/\/stoic-curie.212-227-153-4.plesk.page\/fr\/wp-json\/wp\/v2\/product_cat?post=729425"},{"taxonomy":"product_tag","embeddable":true,"href":"https:\/\/stoic-curie.212-227-153-4.plesk.page\/fr\/wp-json\/wp\/v2\/product_tag?post=729425"}],"curies":[{"name":"wp","href":"https:\/\/api.w.org\/{rel}","templated":true}]}}