{"id":729429,"date":"2025-03-03T16:04:24","date_gmt":"2025-03-03T15:04:24","guid":{"rendered":"https:\/\/stoic-curie.212-227-153-4.plesk.page\/producto\/cordage-marin-classique-blanc-d-20-mm-x-100-m\/"},"modified":"2026-02-24T23:08:34","modified_gmt":"2026-02-24T23:08:34","slug":"cordage-marin-classique-blanc-d-20-mm-x-100-m","status":"publish","type":"product","link":"https:\/\/stoic-curie.212-227-153-4.plesk.page\/fr\/product\/cordage-marin-classique-blanc-d-20-mm-x-100-m\/","title":{"rendered":"Cordage marin blanc, D\u00a020\u00a0mm\u00a0x\u00a0100\u00a0m"},"content":{"rendered":"<p>Cordage marin blanc, D\u00a020\u00a0mm\u00a0x\u00a0100\u00a0m &#8211; <\/p>\n<p>La corde en polyester blanche \u00e0 trois brins est un choix durable et flexible, id\u00e9ale pour les applications ext\u00e9rieures ou les environnements difficiles. Fabriqu\u00e9e \u00e0 partir de fibres de polyester de haute qualit\u00e9, elle r\u00e9siste \u00e0 la d\u00e9chirure, \u00e0 l&#8217;abrasion et \u00e0 la d\u00e9coloration. Cette corde est \u00e9galement tr\u00e8s r\u00e9sistante \u00e0 l&#8217;eau, conservant sa r\u00e9sistance m\u00eame dans des conditions m\u00e9t\u00e9orologiques humides ou s\u00e9v\u00e8res. Avec sa force moyenne, cette corde en polyester \u00e0 trois brins est une excellente option pour tous vos besoins en mati\u00e8re d&#8217;amarrage et d&#8217;ancrage. De plus, elle est fabriqu\u00e9e \u00e0 partir de bouteilles en plastique PET recycl\u00e9es, ce qui en fait un choix respectueux de l&#8217;environnement. Vous d\u00e9couvrirez que cette corde rPET offre des performances comparables \u00e0 celles du polyester conventional.<\/p>\n<p>Dans le secteur nautique, la corde en polyester est incroyablement polyvalente. Elle peut \u00eatre utilis\u00e9e pour les lignes d&#8217;ancre, les lignes de mouillage, les lignes de protection, les lignes de vie et m\u00eame pour des t\u00e2ches de palan ou de levage.<\/p>\n<p>Voici quelques caract\u00e9ristiques importantes de cette corde :<\/p>\n<ul>\n<li>Construction en trois brins torsad\u00e9s<\/li>\n<li>Compos\u00e9e de mat\u00e9riaux synth\u00e9tiques<\/li>\n<li>Maintient sa r\u00e9sistance lorsqu&#8217;elle est mouill\u00e9e<\/li>\n<li>R\u00e9sistante \u00e0 l&#8217;eau, aux rayons UV, \u00e0 la d\u00e9gradation et \u00e0 l&#8217;usure<\/li>\n<li>Ne flotte pas et devient l\u00e9g\u00e8rement plus souple lorsqu&#8217;elle est mouill\u00e9e<\/li>\n<li>Produite en Europe<\/li>\n<\/ul>\n","protected":false},"excerpt":{"rendered":"<p>Cordage marin blanc, D\u00a020\u00a0mm\u00a0x\u00a0100\u00a0m &#8211; La corde en polyester blanche \u00e0 trois brins est un choix durable et flexible, id\u00e9ale<\/p>\n","protected":false},"featured_media":5939640,"comment_status":"open","ping_status":"closed","template":"","meta":[],"product_brand":[3099],"product_cat":[1048,1288],"product_tag":[],"class_list":{"0":"post-729429","1":"product","2":"type-product","3":"status-publish","4":"has-post-thumbnail","6":"product_brand-marco-benvenuti-fr","7":"product_cat-corde-damarrage","8":"product_cat-lignes-de-mouillage","10":"first","11":"instock","12":"shipping-taxable","13":"purchasable","14":"product-type-simple"},"_links":{"self":[{"href":"https:\/\/stoic-curie.212-227-153-4.plesk.page\/fr\/wp-json\/wp\/v2\/product\/729429","targetHints":{"allow":["GET"]}}],"collection":[{"href":"https:\/\/stoic-curie.212-227-153-4.plesk.page\/fr\/wp-json\/wp\/v2\/product"}],"about":[{"href":"https:\/\/stoic-curie.212-227-153-4.plesk.page\/fr\/wp-json\/wp\/v2\/types\/product"}],"replies":[{"embeddable":true,"href":"https:\/\/stoic-curie.212-227-153-4.plesk.page\/fr\/wp-json\/wp\/v2\/comments?post=729429"}],"version-history":[{"count":0,"href":"https:\/\/stoic-curie.212-227-153-4.plesk.page\/fr\/wp-json\/wp\/v2\/product\/729429\/revisions"}],"wp:featuredmedia":[{"embeddable":true,"href":"https:\/\/stoic-curie.212-227-153-4.plesk.page\/fr\/wp-json\/wp\/v2\/media\/5939640"}],"wp:attachment":[{"href":"https:\/\/stoic-curie.212-227-153-4.plesk.page\/fr\/wp-json\/wp\/v2\/media?parent=729429"}],"wp:term":[{"taxonomy":"product_brand","embeddable":true,"href":"https:\/\/stoic-curie.212-227-153-4.plesk.page\/fr\/wp-json\/wp\/v2\/product_brand?post=729429"},{"taxonomy":"product_cat","embeddable":true,"href":"https:\/\/stoic-curie.212-227-153-4.plesk.page\/fr\/wp-json\/wp\/v2\/product_cat?post=729429"},{"taxonomy":"product_tag","embeddable":true,"href":"https:\/\/stoic-curie.212-227-153-4.plesk.page\/fr\/wp-json\/wp\/v2\/product_tag?post=729429"}],"curies":[{"name":"wp","href":"https:\/\/api.w.org\/{rel}","templated":true}]}}