{"id":729432,"date":"2025-03-03T16:04:24","date_gmt":"2025-03-03T15:04:24","guid":{"rendered":"https:\/\/stoic-curie.212-227-153-4.plesk.page\/producto\/cordage-marin-classique-blanc-d-40-mm-x-100-m\/"},"modified":"2026-02-24T23:08:34","modified_gmt":"2026-02-24T23:08:34","slug":"cordage-marin-classique-blanc-d-40-mm-x-100-m","status":"publish","type":"product","link":"https:\/\/stoic-curie.212-227-153-4.plesk.page\/fr\/product\/cordage-marin-classique-blanc-d-40-mm-x-100-m\/","title":{"rendered":"Cordage marin blanc, D\u00a040\u00a0mm\u00a0x\u00a0100\u00a0m"},"content":{"rendered":"<p>Cordage marin blanc, D\u00a040\u00a0mm\u00a0x\u00a0100\u00a0m &#8211; <\/p>\n<p>La corde en polyester blanche \u00e0 trois brins est une option robuste et flexible, parfaite pour une utilisation en ext\u00e9rieur ou dans des conditions difficiles. Fabriqu\u00e9e \u00e0 partir de fibres de polyester de haute qualit\u00e9, elle r\u00e9siste aux d\u00e9chirures, \u00e0 l&#8217;usure et \u00e0 la d\u00e9coloration. Cette corde est \u00e9galement tr\u00e8s r\u00e9sistante \u00e0 l&#8217;eau, conservant sa force m\u00eame par temps humide ou rigoureux. Avec sa r\u00e9sistance interm\u00e9diaire, cette corde en polyester \u00e0 trois brins est un excellent choix pour tous vos besoins d&#8217;amarrage et d&#8217;ancrage. De plus, elle est fabriqu\u00e9e \u00e0 partir de bouteilles en plastique PET recycl\u00e9es, ce qui en fait une option respectueuse de l&#8217;environnement. Vous constaterez que cette corde en rPET offre des performances similaires \u00e0 celles de la corde en polyester traditionnelle.<\/p>\n<p>Dans l&#8217;industrie nautique, la corde en polyester est tr\u00e8s polyvalente. Elle peut \u00eatre utilis\u00e9e pour les lignes d&#8217;ancre, les lignes de amarrage, les lignes de pare-battage, les lignes de vie et m\u00eame pour des t\u00e2ches de treuil ou de levage.<\/p>\n<p>Voici quelques caract\u00e9ristiques cl\u00e9s de cette corde :<\/p>\n<ul>\n<li>Conception \u00e0 trois brins torsad\u00e9s<\/li>\n<li>Fabriqu\u00e9e \u00e0 partir de mat\u00e9riaux synth\u00e9tiques<\/li>\n<li>Conserve sa r\u00e9sistance lorsqu&#8217;elle est mouill\u00e9e<\/li>\n<li>R\u00e9sistante \u00e0 l&#8217;eau, aux rayons UV, \u00e0 la d\u00e9composition et \u00e0 l&#8217;usure<\/li>\n<li>Ne flotte pas et devient l\u00e9g\u00e8rement plus douce lorsqu&#8217;elle est mouill\u00e9e<\/li>\n<li>Fabrication en Europe<\/li>\n<\/ul>\n","protected":false},"excerpt":{"rendered":"<p>Cordage marin blanc, D\u00a040\u00a0mm\u00a0x\u00a0100\u00a0m &#8211; La corde en polyester blanche \u00e0 trois brins est une option robuste et flexible, parfaite<\/p>\n","protected":false},"featured_media":5939640,"comment_status":"open","ping_status":"closed","template":"","meta":[],"product_brand":[3204],"product_cat":[1048,1288],"product_tag":[],"class_list":{"0":"post-729432","1":"product","2":"type-product","3":"status-publish","4":"has-post-thumbnail","6":"product_brand-nova-argonautica-fr","7":"product_cat-corde-damarrage","8":"product_cat-lignes-de-mouillage","10":"first","11":"instock","12":"shipping-taxable","13":"purchasable","14":"product-type-simple"},"_links":{"self":[{"href":"https:\/\/stoic-curie.212-227-153-4.plesk.page\/fr\/wp-json\/wp\/v2\/product\/729432","targetHints":{"allow":["GET"]}}],"collection":[{"href":"https:\/\/stoic-curie.212-227-153-4.plesk.page\/fr\/wp-json\/wp\/v2\/product"}],"about":[{"href":"https:\/\/stoic-curie.212-227-153-4.plesk.page\/fr\/wp-json\/wp\/v2\/types\/product"}],"replies":[{"embeddable":true,"href":"https:\/\/stoic-curie.212-227-153-4.plesk.page\/fr\/wp-json\/wp\/v2\/comments?post=729432"}],"version-history":[{"count":0,"href":"https:\/\/stoic-curie.212-227-153-4.plesk.page\/fr\/wp-json\/wp\/v2\/product\/729432\/revisions"}],"wp:featuredmedia":[{"embeddable":true,"href":"https:\/\/stoic-curie.212-227-153-4.plesk.page\/fr\/wp-json\/wp\/v2\/media\/5939640"}],"wp:attachment":[{"href":"https:\/\/stoic-curie.212-227-153-4.plesk.page\/fr\/wp-json\/wp\/v2\/media?parent=729432"}],"wp:term":[{"taxonomy":"product_brand","embeddable":true,"href":"https:\/\/stoic-curie.212-227-153-4.plesk.page\/fr\/wp-json\/wp\/v2\/product_brand?post=729432"},{"taxonomy":"product_cat","embeddable":true,"href":"https:\/\/stoic-curie.212-227-153-4.plesk.page\/fr\/wp-json\/wp\/v2\/product_cat?post=729432"},{"taxonomy":"product_tag","embeddable":true,"href":"https:\/\/stoic-curie.212-227-153-4.plesk.page\/fr\/wp-json\/wp\/v2\/product_tag?post=729432"}],"curies":[{"name":"wp","href":"https:\/\/api.w.org\/{rel}","templated":true}]}}