{"id":729438,"date":"2025-03-03T16:04:25","date_gmt":"2025-03-03T15:04:25","guid":{"rendered":"https:\/\/stoic-curie.212-227-153-4.plesk.page\/producto\/chaussette-a-pare-battage-fendress-f8-bleu-marine\/"},"modified":"2026-02-24T23:08:34","modified_gmt":"2026-02-24T23:08:34","slug":"chaussette-a-pare-battage-fendress-f8-bleu-marine","status":"publish","type":"product","link":"https:\/\/stoic-curie.212-227-153-4.plesk.page\/fr\/product\/chaussette-a-pare-battage-fendress-f8-bleu-marine\/","title":{"rendered":"Chaussette \u00e0 pare-battage Fendress F8, bleu marine"},"content":{"rendered":"<p>Chaussette \u00e0 pare-battage Fendress F8, bleu marine &#8211; <\/p>\n<p>Couvre-fenders Fendress en polaire fait main. Protection premium pour vos fenders, tout en \u00e9liminant les bruits de frottement et les marques. Doux et r\u00e9sistant, ces couvre-fenders prot\u00e8gent efficacement votre peinture gel-coat et prolongent la dur\u00e9e de vie de vos fenders. <br \/> \u2022 Les &#8220;Fendress Covers&#8221; sont en 100% acrylique, faites \u00e0 la main, de qualit\u00e9 sup\u00e9rieure, r\u00e9sistantes et non abrasives. Des couvre-fenders en polaire douce et moelleuse offrent une protection ultime pour vos c\u00f4t\u00e9s. <br \/> \u2022 Les &#8220;Fendress Covers&#8221; sont r\u00e9sistantes aux UV et \u00e0 l&#8217;eau de mer, prot\u00e9geant efficacement votre peinture gel-coat contre les marques et les abrasions. Le tissu en polaire robuste et r\u00e9sistant contient toutes les meilleures caract\u00e9ristiques, y compris la r\u00e9sistance \u00e0 la d\u00e9chirure et \u00e0 l&#8217;abrasion, le s\u00e9chage rapide et un retrait facile pour le nettoyage. <br \/> \u2022 Les &#8220;Fendress Covers&#8221; prolongent la dur\u00e9e de vie de vos fenders et \u00e9liminent le bruit d\u00e9sagr\u00e9able des fenders. Les couleurs r\u00e9sistantes aux UV ne laissent pas de marques sur vos c\u00f4t\u00e9s. Lavable en machine. <br \/> \u2022 Les &#8220;Fendress Covers&#8221; avec une partie sup\u00e9rieure haute r\u00e9sistance et un ourlet \u00e9lastiqu\u00e9 permettent un ajustement sur mesure pour tous les types de fenders. Les couvertures sont disponibles en 9 couleurs.<\/p>\n","protected":false},"excerpt":{"rendered":"<p>Chaussette \u00e0 pare-battage Fendress F8, bleu marine &#8211; Couvre-fenders Fendress en polaire fait main. Protection premium pour vos fenders, tout<\/p>\n","protected":false},"featured_media":5944351,"comment_status":"open","ping_status":"closed","template":"","meta":[],"product_brand":[2934],"product_cat":[1277],"product_tag":[],"class_list":{"0":"post-729438","1":"product","2":"type-product","3":"status-publish","4":"has-post-thumbnail","6":"product_brand-fendress-fr","7":"product_cat-housses-de-pare-battage","9":"first","10":"instock","11":"shipping-taxable","12":"purchasable","13":"product-type-simple"},"_links":{"self":[{"href":"https:\/\/stoic-curie.212-227-153-4.plesk.page\/fr\/wp-json\/wp\/v2\/product\/729438","targetHints":{"allow":["GET"]}}],"collection":[{"href":"https:\/\/stoic-curie.212-227-153-4.plesk.page\/fr\/wp-json\/wp\/v2\/product"}],"about":[{"href":"https:\/\/stoic-curie.212-227-153-4.plesk.page\/fr\/wp-json\/wp\/v2\/types\/product"}],"replies":[{"embeddable":true,"href":"https:\/\/stoic-curie.212-227-153-4.plesk.page\/fr\/wp-json\/wp\/v2\/comments?post=729438"}],"version-history":[{"count":0,"href":"https:\/\/stoic-curie.212-227-153-4.plesk.page\/fr\/wp-json\/wp\/v2\/product\/729438\/revisions"}],"wp:featuredmedia":[{"embeddable":true,"href":"https:\/\/stoic-curie.212-227-153-4.plesk.page\/fr\/wp-json\/wp\/v2\/media\/5944351"}],"wp:attachment":[{"href":"https:\/\/stoic-curie.212-227-153-4.plesk.page\/fr\/wp-json\/wp\/v2\/media?parent=729438"}],"wp:term":[{"taxonomy":"product_brand","embeddable":true,"href":"https:\/\/stoic-curie.212-227-153-4.plesk.page\/fr\/wp-json\/wp\/v2\/product_brand?post=729438"},{"taxonomy":"product_cat","embeddable":true,"href":"https:\/\/stoic-curie.212-227-153-4.plesk.page\/fr\/wp-json\/wp\/v2\/product_cat?post=729438"},{"taxonomy":"product_tag","embeddable":true,"href":"https:\/\/stoic-curie.212-227-153-4.plesk.page\/fr\/wp-json\/wp\/v2\/product_tag?post=729438"}],"curies":[{"name":"wp","href":"https:\/\/api.w.org\/{rel}","templated":true}]}}