{"id":729439,"date":"2025-03-03T16:04:25","date_gmt":"2025-03-03T15:04:25","guid":{"rendered":"https:\/\/stoic-curie.212-227-153-4.plesk.page\/producto\/chaussette-a-pare-battage-fendress-f8-noir\/"},"modified":"2026-02-24T23:08:34","modified_gmt":"2026-02-24T23:08:34","slug":"chaussette-a-pare-battage-fendress-f8-noir","status":"publish","type":"product","link":"https:\/\/stoic-curie.212-227-153-4.plesk.page\/fr\/product\/chaussette-a-pare-battage-fendress-f8-noir\/","title":{"rendered":"Chaussette \u00e0 pare-battage Fendress F8, noir"},"content":{"rendered":"<p>Chaussette \u00e0 pare-battage Fendress F8, noir &#8211; <\/p>\n<p>Couvres-fenders en polaire fait main Fendress. Protection premium pour vos fenders, tout en \u00e9liminant les grincements et les marques. Douces et robustes, ces housses de fender prot\u00e8gent efficacement votre peinture gel-coat et prolongent la dur\u00e9e de vie de vos fenders.<\/p>\n<p>\u2022 Les \u201cFendress Covers\u201d sont en 100% acrylique, faites main de qualit\u00e9 premium, r\u00e9sistantes et non abrasives. Les housses de fender en polaire douce et pelucheuse offrent une protection ultime pour vos surfaces sup\u00e9rieures. \u2022 Les \u201cFendress Covers\u201d sont r\u00e9sistantes aux UV et \u00e0 l&#8217;eau de mer, prot\u00e9geant efficacement votre peinture gel-coat contre les marques et les abrasions. Le tissu en polaire durable poss\u00e8de toutes les meilleures caract\u00e9ristiques, y compris la r\u00e9sistance aux d\u00e9chirures et \u00e0 l&#8217;abrasion, un s\u00e9chage rapide et un retrait facile pour le nettoyage. \u2022 Les \u201cFendress Covers\u201d prolongent la dur\u00e9e de vie de vos fenders et \u00e9liminent le grincement irritant des fenders. Les couleurs r\u00e9sistantes aux UV ne laissent pas de marques sur vos surfaces. Lavable en machine. \u2022 Les \u201cFendress Covers\u201d avec une partie sup\u00e9rieure tr\u00e8s r\u00e9sistante et un ourlet \u00e9lastique permettent un ajustement personnalis\u00e9 pour tous les types de fenders. Les housses sont disponibles en 9 couleurs.<\/p>\n","protected":false},"excerpt":{"rendered":"<p>Chaussette \u00e0 pare-battage Fendress F8, noir &#8211; Couvres-fenders en polaire fait main Fendress. Protection premium pour vos fenders, tout en<\/p>\n","protected":false},"featured_media":5944361,"comment_status":"open","ping_status":"closed","template":"","meta":[],"product_brand":[2934],"product_cat":[1277],"product_tag":[],"class_list":{"0":"post-729439","1":"product","2":"type-product","3":"status-publish","4":"has-post-thumbnail","6":"product_brand-fendress-fr","7":"product_cat-housses-de-pare-battage","9":"first","10":"instock","11":"shipping-taxable","12":"purchasable","13":"product-type-simple"},"_links":{"self":[{"href":"https:\/\/stoic-curie.212-227-153-4.plesk.page\/fr\/wp-json\/wp\/v2\/product\/729439","targetHints":{"allow":["GET"]}}],"collection":[{"href":"https:\/\/stoic-curie.212-227-153-4.plesk.page\/fr\/wp-json\/wp\/v2\/product"}],"about":[{"href":"https:\/\/stoic-curie.212-227-153-4.plesk.page\/fr\/wp-json\/wp\/v2\/types\/product"}],"replies":[{"embeddable":true,"href":"https:\/\/stoic-curie.212-227-153-4.plesk.page\/fr\/wp-json\/wp\/v2\/comments?post=729439"}],"version-history":[{"count":0,"href":"https:\/\/stoic-curie.212-227-153-4.plesk.page\/fr\/wp-json\/wp\/v2\/product\/729439\/revisions"}],"wp:featuredmedia":[{"embeddable":true,"href":"https:\/\/stoic-curie.212-227-153-4.plesk.page\/fr\/wp-json\/wp\/v2\/media\/5944361"}],"wp:attachment":[{"href":"https:\/\/stoic-curie.212-227-153-4.plesk.page\/fr\/wp-json\/wp\/v2\/media?parent=729439"}],"wp:term":[{"taxonomy":"product_brand","embeddable":true,"href":"https:\/\/stoic-curie.212-227-153-4.plesk.page\/fr\/wp-json\/wp\/v2\/product_brand?post=729439"},{"taxonomy":"product_cat","embeddable":true,"href":"https:\/\/stoic-curie.212-227-153-4.plesk.page\/fr\/wp-json\/wp\/v2\/product_cat?post=729439"},{"taxonomy":"product_tag","embeddable":true,"href":"https:\/\/stoic-curie.212-227-153-4.plesk.page\/fr\/wp-json\/wp\/v2\/product_tag?post=729439"}],"curies":[{"name":"wp","href":"https:\/\/api.w.org\/{rel}","templated":true}]}}