{"id":729442,"date":"2025-03-03T16:04:26","date_gmt":"2025-03-03T15:04:26","guid":{"rendered":"https:\/\/stoic-curie.212-227-153-4.plesk.page\/producto\/chaussette-a-pare-battage-fendress-f8-bordeaux\/"},"modified":"2026-02-24T23:08:34","modified_gmt":"2026-02-24T23:08:34","slug":"chaussette-a-pare-battage-fendress-f8-bordeaux","status":"publish","type":"product","link":"https:\/\/stoic-curie.212-227-153-4.plesk.page\/fr\/product\/chaussette-a-pare-battage-fendress-f8-bordeaux\/","title":{"rendered":"Chaussette \u00e0 pare-battage Fendress F8, bordeaux"},"content":{"rendered":"<p>Chaussette \u00e0 pare-battage Fendress F8, bordeaux &#8211; <\/p>\n<p>Couvercles de fender Fendress faits \u00e0 la main en polaire. Protection premium pour vos fenders, tout en \u00e9liminant les bruits de fender et les marques. Doux et durables, ces couvercles de fender prot\u00e8gent efficacement votre peinture en gelcoat et prolongent la dur\u00e9e de vie de vos fenders. <br \/>\u2022 Les \u00ab Couvercles Fendress \u00bb sont en acrylique 100% de qualit\u00e9 premium, fabriqu\u00e9s \u00e0 la main, r\u00e9sistants et en tricot boucl\u00e9 non abrasif. Les couvercles de fender en polaire douce et moelleuse offrent la protection ultime pour vos surfaces sup\u00e9rieures. <br \/>\u2022 Les \u00ab Couvercles Fendress \u00bb sont r\u00e9sistants aux UV et \u00e0 l&#8217;eau de mer, prot\u00e9geant efficacement votre peinture en gelcoat contre les marques et l&#8217;abrasion. Le tissu en polaire robuste et r\u00e9sistant comprend toutes les meilleures caract\u00e9ristiques, notamment la r\u00e9sistance aux d\u00e9chirures et aux abrasions, un s\u00e9chage rapide et un retrait facile pour le nettoyage. <br \/>\u2022 Les \u00ab Couvercles Fendress \u00bb prolongent la dur\u00e9e de vie de vos fenders et \u00e9liminent les bruits irritants. Les couleurs r\u00e9sistantes aux UV ne laissent pas de marques sur vos surfaces sup\u00e9rieures. Lavable en machine. <br \/>\u2022 Les \u00ab Couvercles Fendress \u00bb avec une partie sup\u00e9rieure \u00e0 haute r\u00e9sistance et un ourlet inf\u00e9rieur \u00e9lastique permettent un ajustement sur mesure pour tous les types de fenders. Les couvercles sont disponibles en 9 couleurs.<\/p>\n","protected":false},"excerpt":{"rendered":"<p>Chaussette \u00e0 pare-battage Fendress F8, bordeaux &#8211; Couvercles de fender Fendress faits \u00e0 la main en polaire. Protection premium pour<\/p>\n","protected":false},"featured_media":5944364,"comment_status":"open","ping_status":"closed","template":"","meta":[],"product_brand":[2934],"product_cat":[1277],"product_tag":[],"class_list":{"0":"post-729442","1":"product","2":"type-product","3":"status-publish","4":"has-post-thumbnail","6":"product_brand-fendress-fr","7":"product_cat-housses-de-pare-battage","9":"first","10":"instock","11":"shipping-taxable","12":"purchasable","13":"product-type-simple"},"_links":{"self":[{"href":"https:\/\/stoic-curie.212-227-153-4.plesk.page\/fr\/wp-json\/wp\/v2\/product\/729442","targetHints":{"allow":["GET"]}}],"collection":[{"href":"https:\/\/stoic-curie.212-227-153-4.plesk.page\/fr\/wp-json\/wp\/v2\/product"}],"about":[{"href":"https:\/\/stoic-curie.212-227-153-4.plesk.page\/fr\/wp-json\/wp\/v2\/types\/product"}],"replies":[{"embeddable":true,"href":"https:\/\/stoic-curie.212-227-153-4.plesk.page\/fr\/wp-json\/wp\/v2\/comments?post=729442"}],"version-history":[{"count":0,"href":"https:\/\/stoic-curie.212-227-153-4.plesk.page\/fr\/wp-json\/wp\/v2\/product\/729442\/revisions"}],"wp:featuredmedia":[{"embeddable":true,"href":"https:\/\/stoic-curie.212-227-153-4.plesk.page\/fr\/wp-json\/wp\/v2\/media\/5944364"}],"wp:attachment":[{"href":"https:\/\/stoic-curie.212-227-153-4.plesk.page\/fr\/wp-json\/wp\/v2\/media?parent=729442"}],"wp:term":[{"taxonomy":"product_brand","embeddable":true,"href":"https:\/\/stoic-curie.212-227-153-4.plesk.page\/fr\/wp-json\/wp\/v2\/product_brand?post=729442"},{"taxonomy":"product_cat","embeddable":true,"href":"https:\/\/stoic-curie.212-227-153-4.plesk.page\/fr\/wp-json\/wp\/v2\/product_cat?post=729442"},{"taxonomy":"product_tag","embeddable":true,"href":"https:\/\/stoic-curie.212-227-153-4.plesk.page\/fr\/wp-json\/wp\/v2\/product_tag?post=729442"}],"curies":[{"name":"wp","href":"https:\/\/api.w.org\/{rel}","templated":true}]}}