{"id":729443,"date":"2025-03-03T16:04:26","date_gmt":"2025-03-03T15:04:26","guid":{"rendered":"https:\/\/stoic-curie.212-227-153-4.plesk.page\/producto\/chaussette-a-pare-battage-fendress-f10-bleu-marine\/"},"modified":"2026-02-24T23:08:34","modified_gmt":"2026-02-24T23:08:34","slug":"chaussette-a-pare-battage-fendress-f10-bleu-marine","status":"publish","type":"product","link":"https:\/\/stoic-curie.212-227-153-4.plesk.page\/fr\/product\/chaussette-a-pare-battage-fendress-f10-bleu-marine\/","title":{"rendered":"Chaussette \u00e0 pare-battage Fendress F10, bleu marine"},"content":{"rendered":"<p>Chaussette \u00e0 pare-battage Fendress F10, bleu marine &#8211; <\/p>\n<p>Couvre-fenders Fendress en polaire douce faits main. Protection de qualit\u00e9 premium pour vos fenders, tout en \u00e9liminant les bruits de fender et les marques d&#8217;usure. Doux et robustes, ces couvre-fenders prot\u00e8gent efficacement votre peinture en gel-coat et prolongent la dur\u00e9e de vie de vos fenders.<\/p>\n<p>\u2022 Les \u00ab Couvre-Fendress \u00bb sont faits main en acrylique 100 %, de qualit\u00e9 premium, r\u00e9sistants et non abrasifs, tricot en boucle. Les couvertures de fender en polaire douce offrent la protection ultime pour vos dessus. <br \/>\u2022 Les \u00ab Couvre-Fendress \u00bb sont r\u00e9sistants aux UV et \u00e0 l&#8217;eau de mer, prot\u00e9geant efficacement votre peinture en gel-coat des marques d&#8217;usure et des abrasions. Le tissu en polaire, r\u00e9sistant et robuste, poss\u00e8de toutes les meilleures caract\u00e9ristiques, y compris la r\u00e9sistance \u00e0 la d\u00e9chirure et \u00e0 l&#8217;abrasion, un s\u00e9chage rapide et un retrait facile pour le nettoyage. <br \/>\u2022 Les \u00ab Couvre-Fendress \u00bb prolongent la dur\u00e9e de vie de vos fenders et \u00e9liminent les bruits irritants. Les couleurs r\u00e9sistantes aux UV ne laissent pas de marques sur vos surfaces. Lavable en machine. <br \/>\u2022 Les \u00ab Couvre-Fendress \u00bb avec une haute r\u00e9sistance en haut et un ourlet \u00e9lastiqu\u00e9 au bas permettent un ajustement personnalis\u00e9 pour tous les types de fenders. Les couvertures sont disponibles en 9 couleurs.<\/p>\n","protected":false},"excerpt":{"rendered":"<p>Chaussette \u00e0 pare-battage Fendress F10, bleu marine &#8211; Couvre-fenders Fendress en polaire douce faits main. Protection de qualit\u00e9 premium pour<\/p>\n","protected":false},"featured_media":5944351,"comment_status":"open","ping_status":"closed","template":"","meta":[],"product_brand":[2934],"product_cat":[1277],"product_tag":[],"class_list":{"0":"post-729443","1":"product","2":"type-product","3":"status-publish","4":"has-post-thumbnail","6":"product_brand-fendress-fr","7":"product_cat-housses-de-pare-battage","9":"first","10":"instock","11":"shipping-taxable","12":"purchasable","13":"product-type-simple"},"_links":{"self":[{"href":"https:\/\/stoic-curie.212-227-153-4.plesk.page\/fr\/wp-json\/wp\/v2\/product\/729443","targetHints":{"allow":["GET"]}}],"collection":[{"href":"https:\/\/stoic-curie.212-227-153-4.plesk.page\/fr\/wp-json\/wp\/v2\/product"}],"about":[{"href":"https:\/\/stoic-curie.212-227-153-4.plesk.page\/fr\/wp-json\/wp\/v2\/types\/product"}],"replies":[{"embeddable":true,"href":"https:\/\/stoic-curie.212-227-153-4.plesk.page\/fr\/wp-json\/wp\/v2\/comments?post=729443"}],"version-history":[{"count":0,"href":"https:\/\/stoic-curie.212-227-153-4.plesk.page\/fr\/wp-json\/wp\/v2\/product\/729443\/revisions"}],"wp:featuredmedia":[{"embeddable":true,"href":"https:\/\/stoic-curie.212-227-153-4.plesk.page\/fr\/wp-json\/wp\/v2\/media\/5944351"}],"wp:attachment":[{"href":"https:\/\/stoic-curie.212-227-153-4.plesk.page\/fr\/wp-json\/wp\/v2\/media?parent=729443"}],"wp:term":[{"taxonomy":"product_brand","embeddable":true,"href":"https:\/\/stoic-curie.212-227-153-4.plesk.page\/fr\/wp-json\/wp\/v2\/product_brand?post=729443"},{"taxonomy":"product_cat","embeddable":true,"href":"https:\/\/stoic-curie.212-227-153-4.plesk.page\/fr\/wp-json\/wp\/v2\/product_cat?post=729443"},{"taxonomy":"product_tag","embeddable":true,"href":"https:\/\/stoic-curie.212-227-153-4.plesk.page\/fr\/wp-json\/wp\/v2\/product_tag?post=729443"}],"curies":[{"name":"wp","href":"https:\/\/api.w.org\/{rel}","templated":true}]}}