{"id":729445,"date":"2025-03-03T16:04:26","date_gmt":"2025-03-03T15:04:26","guid":{"rendered":"https:\/\/stoic-curie.212-227-153-4.plesk.page\/producto\/chaussette-a-pare-battage-fendress-f11-bleu-marine\/"},"modified":"2026-02-24T23:08:34","modified_gmt":"2026-02-24T23:08:34","slug":"chaussette-a-pare-battage-fendress-f11-bleu-marine","status":"publish","type":"product","link":"https:\/\/stoic-curie.212-227-153-4.plesk.page\/fr\/product\/chaussette-a-pare-battage-fendress-f11-bleu-marine\/","title":{"rendered":"Chaussette \u00e0 pare-battage Fendress F11, bleu marine"},"content":{"rendered":"<p>Chaussette \u00e0 pare-battage Fendress F11, bleu marine &#8211; <\/p>\n<p>Housses de fenders Fendress en polaire fait main. Protection premium pour vos fenders, tout en \u00e9liminant les grincements et les marques. Douces et r\u00e9sistantes, ces housses de fender prot\u00e8gent efficacement votre peinture gelcoat et prolongent la dur\u00e9e de vie de vos fenders.<\/p>\n<p>&#149; Les &#8220;Housses Fendress&#8221; sont en acrylique 100 % fait-main, de qualit\u00e9 premium, r\u00e9sistantes et non abrasives. Les housses pour fenders en polaire douce et moelleuse offrent la protection ultime pour vos ponts.&#149; Les &#8220;Housses Fendress&#8221; r\u00e9sistent aux UV et \u00e0 l\u2019eau de mer, prot\u00e9geant efficacement votre peinture gelcoat des marques et des abrasions. Le tissu en polaire robuste et extensible contient toutes les meilleures caract\u00e9ristiques, y compris la r\u00e9sistance \u00e0 la d\u00e9chirure et \u00e0 l&#8217;abrasion, un s\u00e9chage rapide et un retrait facile pour le nettoyage.&#149; Les &#8220;Housses Fendress&#8221; prolongent la dur\u00e9e de vie de vos fenders et \u00e9liminent les grincements ennuyeux. Les couleurs r\u00e9sistantes aux UV ne laissent pas de taches sur vos ponts. Lavables en machine.&#149; La haute r\u00e9sistance en haut et l&#8217;ourlet \u00e9lastique en bas des &#8220;Housses Fendress&#8221; permettent un ajustement sur mesure pour tous types de fenders. Les housses sont disponibles en 9 couleurs.<\/p>\n","protected":false},"excerpt":{"rendered":"<p>Chaussette \u00e0 pare-battage Fendress F11, bleu marine &#8211; Housses de fenders Fendress en polaire fait main. Protection premium pour vos<\/p>\n","protected":false},"featured_media":5944351,"comment_status":"open","ping_status":"closed","template":"","meta":[],"product_brand":[2934],"product_cat":[1277],"product_tag":[],"class_list":{"0":"post-729445","1":"product","2":"type-product","3":"status-publish","4":"has-post-thumbnail","6":"product_brand-fendress-fr","7":"product_cat-housses-de-pare-battage","9":"first","10":"instock","11":"shipping-taxable","12":"purchasable","13":"product-type-simple"},"_links":{"self":[{"href":"https:\/\/stoic-curie.212-227-153-4.plesk.page\/fr\/wp-json\/wp\/v2\/product\/729445","targetHints":{"allow":["GET"]}}],"collection":[{"href":"https:\/\/stoic-curie.212-227-153-4.plesk.page\/fr\/wp-json\/wp\/v2\/product"}],"about":[{"href":"https:\/\/stoic-curie.212-227-153-4.plesk.page\/fr\/wp-json\/wp\/v2\/types\/product"}],"replies":[{"embeddable":true,"href":"https:\/\/stoic-curie.212-227-153-4.plesk.page\/fr\/wp-json\/wp\/v2\/comments?post=729445"}],"version-history":[{"count":0,"href":"https:\/\/stoic-curie.212-227-153-4.plesk.page\/fr\/wp-json\/wp\/v2\/product\/729445\/revisions"}],"wp:featuredmedia":[{"embeddable":true,"href":"https:\/\/stoic-curie.212-227-153-4.plesk.page\/fr\/wp-json\/wp\/v2\/media\/5944351"}],"wp:attachment":[{"href":"https:\/\/stoic-curie.212-227-153-4.plesk.page\/fr\/wp-json\/wp\/v2\/media?parent=729445"}],"wp:term":[{"taxonomy":"product_brand","embeddable":true,"href":"https:\/\/stoic-curie.212-227-153-4.plesk.page\/fr\/wp-json\/wp\/v2\/product_brand?post=729445"},{"taxonomy":"product_cat","embeddable":true,"href":"https:\/\/stoic-curie.212-227-153-4.plesk.page\/fr\/wp-json\/wp\/v2\/product_cat?post=729445"},{"taxonomy":"product_tag","embeddable":true,"href":"https:\/\/stoic-curie.212-227-153-4.plesk.page\/fr\/wp-json\/wp\/v2\/product_tag?post=729445"}],"curies":[{"name":"wp","href":"https:\/\/api.w.org\/{rel}","templated":true}]}}