{"id":729448,"date":"2025-03-03T16:04:27","date_gmt":"2025-03-03T15:04:27","guid":{"rendered":"https:\/\/stoic-curie.212-227-153-4.plesk.page\/producto\/porte-pare-battage-modulaire-nawa-170-mm\/"},"modified":"2026-02-24T23:08:34","modified_gmt":"2026-02-24T23:08:34","slug":"porte-pare-battage-modulaire-nawa-170-mm","status":"publish","type":"product","link":"https:\/\/stoic-curie.212-227-153-4.plesk.page\/fr\/product\/porte-pare-battage-modulaire-nawa-170-mm\/","title":{"rendered":"Porte-pare-battage modulaire Nawa, 170\u00a0mm"},"content":{"rendered":"<p>Porte-pare-battage modulaire Nawa, 170\u00a0mm &#8211; <\/p>\n<p>Les porte-fenders modulaires NAWA sont fabriqu\u00e9s en acier inoxydable 316 de haute qualit\u00e9, \u00e9lectropoliss\u00e9. La solution de stockage de fenders la plus polyvalente, avec des connecteurs brevet\u00e9s qui permettent de fixer les paniers \u00e0 n&#8217;importe quelle rambarde de toutes les combinaisons. Tout ce dont vous avez besoin pour l&#8217;installation est un tournevis, un ou plusieurs paniers et un ou plusieurs connecteurs pivotants ou parall\u00e8les. Le connecteur pivotant est un collier de tube de rail de 22, 25, 30 ou 32 mm. Le connecteur parall\u00e8le relie plusieurs paniers ensemble.<\/p>\n","protected":false},"excerpt":{"rendered":"<p>Porte-pare-battage modulaire Nawa, 170\u00a0mm &#8211; Les porte-fenders modulaires NAWA sont fabriqu\u00e9s en acier inoxydable 316 de haute qualit\u00e9, \u00e9lectropoliss\u00e9. La<\/p>\n","protected":false},"featured_media":5940131,"comment_status":"open","ping_status":"closed","template":"","meta":[],"product_brand":[3179],"product_cat":[1273],"product_tag":[],"class_list":{"0":"post-729448","1":"product","2":"type-product","3":"status-publish","4":"has-post-thumbnail","6":"product_brand-nawa-fr","7":"product_cat-accessoires-de-pare-battages","9":"first","10":"instock","11":"shipping-taxable","12":"purchasable","13":"product-type-simple"},"_links":{"self":[{"href":"https:\/\/stoic-curie.212-227-153-4.plesk.page\/fr\/wp-json\/wp\/v2\/product\/729448","targetHints":{"allow":["GET"]}}],"collection":[{"href":"https:\/\/stoic-curie.212-227-153-4.plesk.page\/fr\/wp-json\/wp\/v2\/product"}],"about":[{"href":"https:\/\/stoic-curie.212-227-153-4.plesk.page\/fr\/wp-json\/wp\/v2\/types\/product"}],"replies":[{"embeddable":true,"href":"https:\/\/stoic-curie.212-227-153-4.plesk.page\/fr\/wp-json\/wp\/v2\/comments?post=729448"}],"version-history":[{"count":0,"href":"https:\/\/stoic-curie.212-227-153-4.plesk.page\/fr\/wp-json\/wp\/v2\/product\/729448\/revisions"}],"wp:featuredmedia":[{"embeddable":true,"href":"https:\/\/stoic-curie.212-227-153-4.plesk.page\/fr\/wp-json\/wp\/v2\/media\/5940131"}],"wp:attachment":[{"href":"https:\/\/stoic-curie.212-227-153-4.plesk.page\/fr\/wp-json\/wp\/v2\/media?parent=729448"}],"wp:term":[{"taxonomy":"product_brand","embeddable":true,"href":"https:\/\/stoic-curie.212-227-153-4.plesk.page\/fr\/wp-json\/wp\/v2\/product_brand?post=729448"},{"taxonomy":"product_cat","embeddable":true,"href":"https:\/\/stoic-curie.212-227-153-4.plesk.page\/fr\/wp-json\/wp\/v2\/product_cat?post=729448"},{"taxonomy":"product_tag","embeddable":true,"href":"https:\/\/stoic-curie.212-227-153-4.plesk.page\/fr\/wp-json\/wp\/v2\/product_tag?post=729448"}],"curies":[{"name":"wp","href":"https:\/\/api.w.org\/{rel}","templated":true}]}}