{"id":729459,"date":"2025-03-03T16:04:28","date_gmt":"2025-03-03T15:04:28","guid":{"rendered":"https:\/\/stoic-curie.212-227-153-4.plesk.page\/producto\/liston-pare-battage-eco1-blanc-h-25-mm-x-16-m\/"},"modified":"2026-02-24T23:08:35","modified_gmt":"2026-02-24T23:08:35","slug":"liston-pare-battage-eco1-blanc-h-25-mm-x-16-m","status":"publish","type":"product","link":"https:\/\/stoic-curie.212-227-153-4.plesk.page\/fr\/product\/liston-pare-battage-eco1-blanc-h-25-mm-x-16-m\/","title":{"rendered":"Liston pare-battage Eco1 blanc, H\u00a025\u00a0mm\u00a0x\u00a016\u00a0m"},"content":{"rendered":"<p>Liston pare-battage Eco1 blanc, H\u00a025\u00a0mm\u00a0x\u00a016\u00a0m &#8211; <\/p>\n<p>Profil de fendering en PVC pour terminer les bords de joint entre le pont et la coque. Le profil est vendu en paquets de 12, 16 et 24 m\u00e8tres. Le capuchon d&#8217;extr\u00e9mit\u00e9 et le joint de finition sont disponibles en fonction du type de profil et de la couleur.<\/p>\n","protected":false},"excerpt":{"rendered":"<p>Liston pare-battage Eco1 blanc, H\u00a025\u00a0mm\u00a0x\u00a016\u00a0m &#8211; Profil de fendering en PVC pour terminer les bords de joint entre le pont<\/p>\n","protected":false},"featured_media":5944392,"comment_status":"open","ping_status":"closed","template":"","meta":[],"product_brand":[3479],"product_cat":[1278],"product_tag":[],"class_list":{"0":"post-729459","1":"product","2":"type-product","3":"status-publish","4":"has-post-thumbnail","6":"product_brand-tessilmare-fr","7":"product_cat-profils-de-pare-battage","9":"first","10":"instock","11":"shipping-taxable","12":"purchasable","13":"product-type-simple"},"_links":{"self":[{"href":"https:\/\/stoic-curie.212-227-153-4.plesk.page\/fr\/wp-json\/wp\/v2\/product\/729459","targetHints":{"allow":["GET"]}}],"collection":[{"href":"https:\/\/stoic-curie.212-227-153-4.plesk.page\/fr\/wp-json\/wp\/v2\/product"}],"about":[{"href":"https:\/\/stoic-curie.212-227-153-4.plesk.page\/fr\/wp-json\/wp\/v2\/types\/product"}],"replies":[{"embeddable":true,"href":"https:\/\/stoic-curie.212-227-153-4.plesk.page\/fr\/wp-json\/wp\/v2\/comments?post=729459"}],"version-history":[{"count":0,"href":"https:\/\/stoic-curie.212-227-153-4.plesk.page\/fr\/wp-json\/wp\/v2\/product\/729459\/revisions"}],"wp:featuredmedia":[{"embeddable":true,"href":"https:\/\/stoic-curie.212-227-153-4.plesk.page\/fr\/wp-json\/wp\/v2\/media\/5944392"}],"wp:attachment":[{"href":"https:\/\/stoic-curie.212-227-153-4.plesk.page\/fr\/wp-json\/wp\/v2\/media?parent=729459"}],"wp:term":[{"taxonomy":"product_brand","embeddable":true,"href":"https:\/\/stoic-curie.212-227-153-4.plesk.page\/fr\/wp-json\/wp\/v2\/product_brand?post=729459"},{"taxonomy":"product_cat","embeddable":true,"href":"https:\/\/stoic-curie.212-227-153-4.plesk.page\/fr\/wp-json\/wp\/v2\/product_cat?post=729459"},{"taxonomy":"product_tag","embeddable":true,"href":"https:\/\/stoic-curie.212-227-153-4.plesk.page\/fr\/wp-json\/wp\/v2\/product_tag?post=729459"}],"curies":[{"name":"wp","href":"https:\/\/api.w.org\/{rel}","templated":true}]}}