{"id":729462,"date":"2025-03-03T16:04:29","date_gmt":"2025-03-03T15:04:29","guid":{"rendered":"https:\/\/stoic-curie.212-227-153-4.plesk.page\/producto\/bande-detancheite-en-neoprene-13-x-9-mm-x-15-m\/"},"modified":"2026-02-24T23:08:35","modified_gmt":"2026-02-24T23:08:35","slug":"bande-detancheite-en-neoprene-13-x-9-mm-x-15-m","status":"publish","type":"product","link":"https:\/\/stoic-curie.212-227-153-4.plesk.page\/fr\/product\/bande-detancheite-en-neoprene-13-x-9-mm-x-15-m\/","title":{"rendered":"Bande d&#8217;\u00e9tanch\u00e9it\u00e9 en n\u00e9opr\u00e8ne, 13\u00a0x\u00a09\u00a0mm\u00a0x\u00a015\u00a0m"},"content":{"rendered":"<p>Bande d&#8217;\u00e9tanch\u00e9it\u00e9 en n\u00e9opr\u00e8ne, 13\u00a0x\u00a09\u00a0mm\u00a0x\u00a015\u00a0m &#8211; <\/p>\n<p>Joint Trim-Lok \u00e9tanche pour portes, \u00e9coutilles et verrous. Complet avec un adh\u00e9sif acrylique HT ou un adh\u00e9sif 3M puissant sp\u00e9cifique pour les ext\u00e9rieurs. Il est facile \u00e0 monter gr\u00e2ce \u00e0 la structure en caoutchouc EPDM expans\u00e9 qui s&#8217;adapte parfaitement \u00e0 la forme du bord. Pack de 15 m\u00e8tres.<\/p>\n","protected":false},"excerpt":{"rendered":"<p>Bande d&#8217;\u00e9tanch\u00e9it\u00e9 en n\u00e9opr\u00e8ne, 13\u00a0x\u00a09\u00a0mm\u00a0x\u00a015\u00a0m &#8211; Joint Trim-Lok \u00e9tanche pour portes, \u00e9coutilles et verrous. Complet avec un adh\u00e9sif acrylique HT<\/p>\n","protected":false},"featured_media":5944403,"comment_status":"open","ping_status":"closed","template":"","meta":[],"product_brand":[3479],"product_cat":[1128],"product_tag":[],"class_list":{"0":"post-729462","1":"product","2":"type-product","3":"status-publish","4":"has-post-thumbnail","6":"product_brand-tessilmare-fr","7":"product_cat-panneaux-de-pont","9":"first","10":"instock","11":"shipping-taxable","12":"purchasable","13":"product-type-simple"},"_links":{"self":[{"href":"https:\/\/stoic-curie.212-227-153-4.plesk.page\/fr\/wp-json\/wp\/v2\/product\/729462","targetHints":{"allow":["GET"]}}],"collection":[{"href":"https:\/\/stoic-curie.212-227-153-4.plesk.page\/fr\/wp-json\/wp\/v2\/product"}],"about":[{"href":"https:\/\/stoic-curie.212-227-153-4.plesk.page\/fr\/wp-json\/wp\/v2\/types\/product"}],"replies":[{"embeddable":true,"href":"https:\/\/stoic-curie.212-227-153-4.plesk.page\/fr\/wp-json\/wp\/v2\/comments?post=729462"}],"version-history":[{"count":0,"href":"https:\/\/stoic-curie.212-227-153-4.plesk.page\/fr\/wp-json\/wp\/v2\/product\/729462\/revisions"}],"wp:featuredmedia":[{"embeddable":true,"href":"https:\/\/stoic-curie.212-227-153-4.plesk.page\/fr\/wp-json\/wp\/v2\/media\/5944403"}],"wp:attachment":[{"href":"https:\/\/stoic-curie.212-227-153-4.plesk.page\/fr\/wp-json\/wp\/v2\/media?parent=729462"}],"wp:term":[{"taxonomy":"product_brand","embeddable":true,"href":"https:\/\/stoic-curie.212-227-153-4.plesk.page\/fr\/wp-json\/wp\/v2\/product_brand?post=729462"},{"taxonomy":"product_cat","embeddable":true,"href":"https:\/\/stoic-curie.212-227-153-4.plesk.page\/fr\/wp-json\/wp\/v2\/product_cat?post=729462"},{"taxonomy":"product_tag","embeddable":true,"href":"https:\/\/stoic-curie.212-227-153-4.plesk.page\/fr\/wp-json\/wp\/v2\/product_tag?post=729462"}],"curies":[{"name":"wp","href":"https:\/\/api.w.org\/{rel}","templated":true}]}}