{"id":729472,"date":"2025-03-03T16:04:30","date_gmt":"2025-03-03T15:04:30","guid":{"rendered":"https:\/\/stoic-curie.212-227-153-4.plesk.page\/producto\/joint-en-caoutchouc-blanc-en-bande-19-x-125-mm-x-15-m\/"},"modified":"2026-02-24T23:08:35","modified_gmt":"2026-02-24T23:08:35","slug":"joint-en-caoutchouc-blanc-en-bande-19-x-125-mm-x-15-m","status":"publish","type":"product","link":"https:\/\/stoic-curie.212-227-153-4.plesk.page\/fr\/product\/joint-en-caoutchouc-blanc-en-bande-19-x-125-mm-x-15-m\/","title":{"rendered":"Joint en caoutchouc blanc en bande, 19\u00a0x\u00a012,5\u00a0mm\u00a0x\u00a015\u00a0m"},"content":{"rendered":"<p>Joint en caoutchouc blanc en bande, 19\u00a0x\u00a012,5\u00a0mm\u00a0x\u00a015\u00a0m &#8211; <\/p>\n<p>Joint Trim-Lok \u00e9tanche pour portes, trappes et loquets. Inclus avec un adh\u00e9sif acrylique HT ou un adh\u00e9sif puissant 3M sp\u00e9cifique pour les ext\u00e9rieurs. Il est facilement mont\u00e9 gr\u00e2ce \u00e0 la structure en caoutchouc EPDM expans\u00e9 qui s&#8217;adapte parfaitement \u00e0 la forme du bord. Pack de 15 m\u00e8tres.<\/p>\n","protected":false},"excerpt":{"rendered":"<p>Joint en caoutchouc blanc en bande, 19\u00a0x\u00a012,5\u00a0mm\u00a0x\u00a015\u00a0m &#8211; Joint Trim-Lok \u00e9tanche pour portes, trappes et loquets. Inclus avec un adh\u00e9sif<\/p>\n","protected":false},"featured_media":5944410,"comment_status":"open","ping_status":"closed","template":"","meta":[],"product_brand":[3479],"product_cat":[1128],"product_tag":[],"class_list":{"0":"post-729472","1":"product","2":"type-product","3":"status-publish","4":"has-post-thumbnail","6":"product_brand-tessilmare-fr","7":"product_cat-panneaux-de-pont","9":"first","10":"instock","11":"shipping-taxable","12":"purchasable","13":"product-type-simple"},"_links":{"self":[{"href":"https:\/\/stoic-curie.212-227-153-4.plesk.page\/fr\/wp-json\/wp\/v2\/product\/729472","targetHints":{"allow":["GET"]}}],"collection":[{"href":"https:\/\/stoic-curie.212-227-153-4.plesk.page\/fr\/wp-json\/wp\/v2\/product"}],"about":[{"href":"https:\/\/stoic-curie.212-227-153-4.plesk.page\/fr\/wp-json\/wp\/v2\/types\/product"}],"replies":[{"embeddable":true,"href":"https:\/\/stoic-curie.212-227-153-4.plesk.page\/fr\/wp-json\/wp\/v2\/comments?post=729472"}],"version-history":[{"count":0,"href":"https:\/\/stoic-curie.212-227-153-4.plesk.page\/fr\/wp-json\/wp\/v2\/product\/729472\/revisions"}],"wp:featuredmedia":[{"embeddable":true,"href":"https:\/\/stoic-curie.212-227-153-4.plesk.page\/fr\/wp-json\/wp\/v2\/media\/5944410"}],"wp:attachment":[{"href":"https:\/\/stoic-curie.212-227-153-4.plesk.page\/fr\/wp-json\/wp\/v2\/media?parent=729472"}],"wp:term":[{"taxonomy":"product_brand","embeddable":true,"href":"https:\/\/stoic-curie.212-227-153-4.plesk.page\/fr\/wp-json\/wp\/v2\/product_brand?post=729472"},{"taxonomy":"product_cat","embeddable":true,"href":"https:\/\/stoic-curie.212-227-153-4.plesk.page\/fr\/wp-json\/wp\/v2\/product_cat?post=729472"},{"taxonomy":"product_tag","embeddable":true,"href":"https:\/\/stoic-curie.212-227-153-4.plesk.page\/fr\/wp-json\/wp\/v2\/product_tag?post=729472"}],"curies":[{"name":"wp","href":"https:\/\/api.w.org\/{rel}","templated":true}]}}