{"id":729473,"date":"2025-03-03T16:04:30","date_gmt":"2025-03-03T15:04:30","guid":{"rendered":"https:\/\/stoic-curie.212-227-153-4.plesk.page\/producto\/joint-en-caoutchouc-11-x-11-mm-x-25-m\/"},"modified":"2026-02-24T23:08:35","modified_gmt":"2026-02-24T23:08:35","slug":"joint-en-caoutchouc-11-x-11-mm-x-25-m","status":"publish","type":"product","link":"https:\/\/stoic-curie.212-227-153-4.plesk.page\/fr\/product\/joint-en-caoutchouc-11-x-11-mm-x-25-m\/","title":{"rendered":"Joint en caoutchouc, 11\u00a0x\u00a011\u00a0mm\u00a0x\u00a025\u00a0m"},"content":{"rendered":"<p>Joint en caoutchouc, 11\u00a0x\u00a011\u00a0mm\u00a0x\u00a025\u00a0m &#8211; <\/p>\n<p>Joints en caoutchouc EPDM expans\u00e9 de tr\u00e8s haute qualit\u00e9 de Jim Black. R\u00e9sistants \u00e0 l&#8217;ozone et aux intemp\u00e9ries, id\u00e9aux pour les applications int\u00e9rieures et ext\u00e9rieures. Parfaits pour le scellement de trappes, fen\u00eatres et portes. Pack de 25 m\u00e8tres.<\/p>\n","protected":false},"excerpt":{"rendered":"<p>Joint en caoutchouc, 11\u00a0x\u00a011\u00a0mm\u00a0x\u00a025\u00a0m &#8211; Joints en caoutchouc EPDM expans\u00e9 de tr\u00e8s haute qualit\u00e9 de Jim Black. R\u00e9sistants \u00e0 l&#8217;ozone<\/p>\n","protected":false},"featured_media":5944412,"comment_status":"open","ping_status":"closed","template":"","meta":[],"product_brand":[3479],"product_cat":[1128],"product_tag":[],"class_list":{"0":"post-729473","1":"product","2":"type-product","3":"status-publish","4":"has-post-thumbnail","6":"product_brand-tessilmare-fr","7":"product_cat-panneaux-de-pont","9":"first","10":"instock","11":"shipping-taxable","12":"purchasable","13":"product-type-simple"},"_links":{"self":[{"href":"https:\/\/stoic-curie.212-227-153-4.plesk.page\/fr\/wp-json\/wp\/v2\/product\/729473","targetHints":{"allow":["GET"]}}],"collection":[{"href":"https:\/\/stoic-curie.212-227-153-4.plesk.page\/fr\/wp-json\/wp\/v2\/product"}],"about":[{"href":"https:\/\/stoic-curie.212-227-153-4.plesk.page\/fr\/wp-json\/wp\/v2\/types\/product"}],"replies":[{"embeddable":true,"href":"https:\/\/stoic-curie.212-227-153-4.plesk.page\/fr\/wp-json\/wp\/v2\/comments?post=729473"}],"version-history":[{"count":0,"href":"https:\/\/stoic-curie.212-227-153-4.plesk.page\/fr\/wp-json\/wp\/v2\/product\/729473\/revisions"}],"wp:featuredmedia":[{"embeddable":true,"href":"https:\/\/stoic-curie.212-227-153-4.plesk.page\/fr\/wp-json\/wp\/v2\/media\/5944412"}],"wp:attachment":[{"href":"https:\/\/stoic-curie.212-227-153-4.plesk.page\/fr\/wp-json\/wp\/v2\/media?parent=729473"}],"wp:term":[{"taxonomy":"product_brand","embeddable":true,"href":"https:\/\/stoic-curie.212-227-153-4.plesk.page\/fr\/wp-json\/wp\/v2\/product_brand?post=729473"},{"taxonomy":"product_cat","embeddable":true,"href":"https:\/\/stoic-curie.212-227-153-4.plesk.page\/fr\/wp-json\/wp\/v2\/product_cat?post=729473"},{"taxonomy":"product_tag","embeddable":true,"href":"https:\/\/stoic-curie.212-227-153-4.plesk.page\/fr\/wp-json\/wp\/v2\/product_tag?post=729473"}],"curies":[{"name":"wp","href":"https:\/\/api.w.org\/{rel}","templated":true}]}}