{"id":729477,"date":"2025-03-03T16:04:31","date_gmt":"2025-03-03T15:04:31","guid":{"rendered":"https:\/\/stoic-curie.212-227-153-4.plesk.page\/producto\/rallonge-de-faisceau-de-cables-de-propulseur-detrave-vetus-20-m\/"},"modified":"2026-02-24T23:08:35","modified_gmt":"2026-02-24T23:08:35","slug":"rallonge-de-faisceau-de-cables-de-propulseur-detrave-vetus-20-m","status":"publish","type":"product","link":"https:\/\/stoic-curie.212-227-153-4.plesk.page\/fr\/product\/rallonge-de-faisceau-de-cables-de-propulseur-detrave-vetus-20-m\/","title":{"rendered":"Rallonge de faisceau de c\u00e2bles de propulseur d\u2019\u00e9trave Vetus, 20\u00a0m"},"content":{"rendered":"<p>Rallonge de faisceau de c\u00e2bles de propulseur d\u2019\u00e9trave Vetus, 20\u00a0m &#8211; <\/p>\n<p>Panneaux de contr\u00f4le doubles \u00e9tanches IP65 combinant les fonctions de deux joysticks en un seul bouton facile \u00e0 utiliser. BPDJE2 : dot\u00e9 d&#8217;un double joystick, d&#8217;un minuteur et d&#8217;une alarme visuelle. EZDOCK2 : avec bouton pour un fonctionnement synchronis\u00e9 sur les deux h\u00e9lices (proa et poupe). Dimensions : 85 x 138 mm.<\/p>\n","protected":false},"excerpt":{"rendered":"<p>Rallonge de faisceau de c\u00e2bles de propulseur d\u2019\u00e9trave Vetus, 20\u00a0m &#8211; Panneaux de contr\u00f4le doubles \u00e9tanches IP65 combinant les fonctions<\/p>\n","protected":false},"featured_media":5937165,"comment_status":"open","ping_status":"closed","template":"","meta":[],"product_brand":[3519],"product_cat":[1035],"product_tag":[],"class_list":{"0":"post-729477","1":"product","2":"type-product","3":"status-publish","4":"has-post-thumbnail","6":"product_brand-vetus-fr","7":"product_cat-propulseurs-detrave-vetus","9":"first","10":"instock","11":"shipping-taxable","12":"purchasable","13":"product-type-simple"},"_links":{"self":[{"href":"https:\/\/stoic-curie.212-227-153-4.plesk.page\/fr\/wp-json\/wp\/v2\/product\/729477","targetHints":{"allow":["GET"]}}],"collection":[{"href":"https:\/\/stoic-curie.212-227-153-4.plesk.page\/fr\/wp-json\/wp\/v2\/product"}],"about":[{"href":"https:\/\/stoic-curie.212-227-153-4.plesk.page\/fr\/wp-json\/wp\/v2\/types\/product"}],"replies":[{"embeddable":true,"href":"https:\/\/stoic-curie.212-227-153-4.plesk.page\/fr\/wp-json\/wp\/v2\/comments?post=729477"}],"version-history":[{"count":0,"href":"https:\/\/stoic-curie.212-227-153-4.plesk.page\/fr\/wp-json\/wp\/v2\/product\/729477\/revisions"}],"wp:featuredmedia":[{"embeddable":true,"href":"https:\/\/stoic-curie.212-227-153-4.plesk.page\/fr\/wp-json\/wp\/v2\/media\/5937165"}],"wp:attachment":[{"href":"https:\/\/stoic-curie.212-227-153-4.plesk.page\/fr\/wp-json\/wp\/v2\/media?parent=729477"}],"wp:term":[{"taxonomy":"product_brand","embeddable":true,"href":"https:\/\/stoic-curie.212-227-153-4.plesk.page\/fr\/wp-json\/wp\/v2\/product_brand?post=729477"},{"taxonomy":"product_cat","embeddable":true,"href":"https:\/\/stoic-curie.212-227-153-4.plesk.page\/fr\/wp-json\/wp\/v2\/product_cat?post=729477"},{"taxonomy":"product_tag","embeddable":true,"href":"https:\/\/stoic-curie.212-227-153-4.plesk.page\/fr\/wp-json\/wp\/v2\/product_tag?post=729477"}],"curies":[{"name":"wp","href":"https:\/\/api.w.org\/{rel}","templated":true}]}}