{"id":729478,"date":"2025-03-03T16:04:31","date_gmt":"2025-03-03T15:04:31","guid":{"rendered":"https:\/\/stoic-curie.212-227-153-4.plesk.page\/producto\/faisceau-de-cables-pour-panneaux-de-commande-tcd-quick-12-m\/"},"modified":"2026-02-24T23:08:35","modified_gmt":"2026-02-24T23:08:35","slug":"faisceau-de-cables-pour-panneaux-de-commande-tcd-quick-12-m","status":"publish","type":"product","link":"https:\/\/stoic-curie.212-227-153-4.plesk.page\/fr\/product\/faisceau-de-cables-pour-panneaux-de-commande-tcd-quick-12-m\/","title":{"rendered":"Faisceau de c\u00e2bles pour panneaux de commande TCD Quick, 12\u00a0m"},"content":{"rendered":"<p>Faisceau de c\u00e2bles pour panneaux de commande TCD Quick, 12\u00a0m &#8211; <\/p>\n<p>Panneaux de contr\u00f4le rapides TCD avec boutons-poussoirs ou joysticks pour faire fonctionner les h\u00e9lices des propulseurs d&#8217;\u00e9trave. Interface utilisateur simple et intuitive. Alimentation universelle 8-30 Vcc. Possibilit\u00e9 de connecter plusieurs contr\u00f4les TCD en parall\u00e8le. Facile \u00e0 installer gr\u00e2ce au connecteur \u00e0 2 fils (extensions optionnelles). Syst\u00e8me de priorit\u00e9 automatique et de d\u00e9sactivation. Protection contre la polarit\u00e9 invers\u00e9e, le court-circuit de sortie, l&#8217;activit\u00e9 prolong\u00e9e du moteur et l&#8217;interruption du c\u00e2blage des contr\u00f4les de propulseur.<\/p>\n","protected":false},"excerpt":{"rendered":"<p>Faisceau de c\u00e2bles pour panneaux de commande TCD Quick, 12\u00a0m &#8211; Panneaux de contr\u00f4le rapides TCD avec boutons-poussoirs ou joysticks<\/p>\n","protected":false},"featured_media":5940409,"comment_status":"open","ping_status":"closed","template":"","meta":[],"product_brand":[3279],"product_cat":[1036],"product_tag":[],"class_list":{"0":"post-729478","1":"product","2":"type-product","3":"status-publish","4":"has-post-thumbnail","6":"product_brand-quick-fr","7":"product_cat-propulseurs-detrave-quick","9":"first","10":"instock","11":"shipping-taxable","12":"purchasable","13":"product-type-simple"},"_links":{"self":[{"href":"https:\/\/stoic-curie.212-227-153-4.plesk.page\/fr\/wp-json\/wp\/v2\/product\/729478","targetHints":{"allow":["GET"]}}],"collection":[{"href":"https:\/\/stoic-curie.212-227-153-4.plesk.page\/fr\/wp-json\/wp\/v2\/product"}],"about":[{"href":"https:\/\/stoic-curie.212-227-153-4.plesk.page\/fr\/wp-json\/wp\/v2\/types\/product"}],"replies":[{"embeddable":true,"href":"https:\/\/stoic-curie.212-227-153-4.plesk.page\/fr\/wp-json\/wp\/v2\/comments?post=729478"}],"version-history":[{"count":0,"href":"https:\/\/stoic-curie.212-227-153-4.plesk.page\/fr\/wp-json\/wp\/v2\/product\/729478\/revisions"}],"wp:featuredmedia":[{"embeddable":true,"href":"https:\/\/stoic-curie.212-227-153-4.plesk.page\/fr\/wp-json\/wp\/v2\/media\/5940409"}],"wp:attachment":[{"href":"https:\/\/stoic-curie.212-227-153-4.plesk.page\/fr\/wp-json\/wp\/v2\/media?parent=729478"}],"wp:term":[{"taxonomy":"product_brand","embeddable":true,"href":"https:\/\/stoic-curie.212-227-153-4.plesk.page\/fr\/wp-json\/wp\/v2\/product_brand?post=729478"},{"taxonomy":"product_cat","embeddable":true,"href":"https:\/\/stoic-curie.212-227-153-4.plesk.page\/fr\/wp-json\/wp\/v2\/product_cat?post=729478"},{"taxonomy":"product_tag","embeddable":true,"href":"https:\/\/stoic-curie.212-227-153-4.plesk.page\/fr\/wp-json\/wp\/v2\/product_tag?post=729478"}],"curies":[{"name":"wp","href":"https:\/\/api.w.org\/{rel}","templated":true}]}}