{"id":729498,"date":"2025-03-03T16:04:34","date_gmt":"2025-03-03T15:04:34","guid":{"rendered":"https:\/\/stoic-curie.212-227-153-4.plesk.page\/producto\/bague-hydrolube-en-laiton-pour-arbre-d-100-mm-d-ext-51-4-133-mm\/"},"modified":"2026-02-24T23:08:35","modified_gmt":"2026-02-24T23:08:35","slug":"bague-hydrolube-en-laiton-pour-arbre-d-100-mm-d-ext-51-4-133-mm","status":"publish","type":"product","link":"https:\/\/stoic-curie.212-227-153-4.plesk.page\/fr\/product\/bague-hydrolube-en-laiton-pour-arbre-d-100-mm-d-ext-51-4-133-mm\/","title":{"rendered":"Bague hydrolube en laiton 100 x 133.35 x 406.4mm"},"content":{"rendered":"<p>Bague hydrolube en laiton 100 x 133.35 x 406.4mm &#8211; <\/p>\n<p style=\"color: rgb(34, 34, 34); font-family: Arial, Helvetica, sans-serif; font-size: small;\">Les paliers de arbre lubrifi\u00e9s \u00e0 l&#8217;eau se caract\u00e9risent par un diam\u00e8tre int\u00e9rieur m\u00e9trique et un diam\u00e8tre ext\u00e9rieur mesur\u00e9 en pouces. Ces paliers sont construits avec une coque ext\u00e9rieure en laiton et une section int\u00e9rieure en caoutchouc qui comprend des canaux axiaux. Con\u00e7us pour durer, ils utilisent du laiton marin ainsi qu&#8217;un rev\u00eatement en caoutchouc nitrile synth\u00e9tique durable.<\/p>\n<p style=\"color: rgb(34, 34, 34); font-family: Arial, Helvetica, sans-serif; font-size: small;\">Pour garantir des performances optimales, un nouveau palier cutless avec une coque en laiton doit avoir un jeu de 0,006 pouces pour chaque pouce de diam\u00e8tre de l&#8217;arbre.<\/p>\n<p style=\"color: rgb(34, 34, 34); font-family: Arial, Helvetica, sans-serif; font-size: small;\">Sp\u00e9cifications :<\/p>\n<ul style=\"color: rgb(34, 34, 34); font-family: Arial, Helvetica, sans-serif; font-size: small;\">\n<li>Diam\u00e8tre de l&#8217;arbre : 100 mm<\/li>\n<li>Diam\u00e8tre ext\u00e9rieur : 133,35 mm<\/li>\n<li>Longueur : 406,4 mm<\/li>\n<\/ul>\n","protected":false},"excerpt":{"rendered":"<p>Bague hydrolube en laiton 100 x 133.35 x 406.4mm &#8211; Les paliers de arbre lubrifi\u00e9s \u00e0 l&#8217;eau se caract\u00e9risent par<\/p>\n","protected":false},"featured_media":5940503,"comment_status":"open","ping_status":"closed","template":"","meta":[],"product_brand":[2914],"product_cat":[1238],"product_tag":[],"class_list":{"0":"post-729498","1":"product","2":"type-product","3":"status-publish","4":"has-post-thumbnail","6":"product_brand-eliche-radice-fr","7":"product_cat-paliers-darbre-dhelice","9":"first","10":"instock","11":"shipping-taxable","12":"purchasable","13":"product-type-simple"},"_links":{"self":[{"href":"https:\/\/stoic-curie.212-227-153-4.plesk.page\/fr\/wp-json\/wp\/v2\/product\/729498","targetHints":{"allow":["GET"]}}],"collection":[{"href":"https:\/\/stoic-curie.212-227-153-4.plesk.page\/fr\/wp-json\/wp\/v2\/product"}],"about":[{"href":"https:\/\/stoic-curie.212-227-153-4.plesk.page\/fr\/wp-json\/wp\/v2\/types\/product"}],"replies":[{"embeddable":true,"href":"https:\/\/stoic-curie.212-227-153-4.plesk.page\/fr\/wp-json\/wp\/v2\/comments?post=729498"}],"version-history":[{"count":0,"href":"https:\/\/stoic-curie.212-227-153-4.plesk.page\/fr\/wp-json\/wp\/v2\/product\/729498\/revisions"}],"wp:featuredmedia":[{"embeddable":true,"href":"https:\/\/stoic-curie.212-227-153-4.plesk.page\/fr\/wp-json\/wp\/v2\/media\/5940503"}],"wp:attachment":[{"href":"https:\/\/stoic-curie.212-227-153-4.plesk.page\/fr\/wp-json\/wp\/v2\/media?parent=729498"}],"wp:term":[{"taxonomy":"product_brand","embeddable":true,"href":"https:\/\/stoic-curie.212-227-153-4.plesk.page\/fr\/wp-json\/wp\/v2\/product_brand?post=729498"},{"taxonomy":"product_cat","embeddable":true,"href":"https:\/\/stoic-curie.212-227-153-4.plesk.page\/fr\/wp-json\/wp\/v2\/product_cat?post=729498"},{"taxonomy":"product_tag","embeddable":true,"href":"https:\/\/stoic-curie.212-227-153-4.plesk.page\/fr\/wp-json\/wp\/v2\/product_tag?post=729498"}],"curies":[{"name":"wp","href":"https:\/\/api.w.org\/{rel}","templated":true}]}}