{"id":729999,"date":"2025-03-03T16:05:52","date_gmt":"2025-03-03T15:05:52","guid":{"rendered":"https:\/\/stoic-curie.212-227-153-4.plesk.page\/producto\/bouee-de-marquage-gonflable-orange-150-x-h-150-cm\/"},"modified":"2026-02-24T23:08:37","modified_gmt":"2026-02-24T23:08:37","slug":"bouee-de-marquage-gonflable-orange-150-x-h-150-cm","status":"publish","type":"product","link":"https:\/\/stoic-curie.212-227-153-4.plesk.page\/fr\/product\/bouee-de-marquage-gonflable-orange-150-x-h-150-cm\/","title":{"rendered":"Bou\u00e9e de marquage gonflable orange, 150\u00a0x\u00a0H\u00a0150\u00a0cm"},"content":{"rendered":"<p>Bou\u00e9e de marquage gonflable orange, 150\u00a0x\u00a0H\u00a0150\u00a0cm &#8211; <\/p>\n<p>Bou\u00e9e de course gonflable en polyester 1000D recouverte de PVC, tr\u00e8s r\u00e9sistante et durable. Dot\u00e9e d&#8217;une valve de gonflage et de d\u00e9gonflage rapide et de 5 anneaux en acier inoxydable \u00e0 la base qui garantissent une fixation s\u00fbre et r\u00e9sistante dans toutes les conditions m\u00e9t\u00e9orologiques. Gr\u00e2ce \u00e0 la solidit\u00e9 du mat\u00e9riau, aucun filet n&#8217;est n\u00e9cessaire. Compl\u00e8te avec des poign\u00e9es pour un transport et un positionnement faciles et 3 poches en PVC pour afficher des publicit\u00e9s. Pompe \u00e0 gonfler compacte et rapide, code 2930080.<\/p>\n","protected":false},"excerpt":{"rendered":"<p>Bou\u00e9e de marquage gonflable orange, 150\u00a0x\u00a0H\u00a0150\u00a0cm &#8211; Bou\u00e9e de course gonflable en polyester 1000D recouverte de PVC, tr\u00e8s r\u00e9sistante et<\/p>\n","protected":false},"featured_media":5945099,"comment_status":"open","ping_status":"closed","template":"","meta":[],"product_brand":[3489],"product_cat":[1276],"product_tag":[],"class_list":{"0":"post-729999","1":"product","2":"type-product","3":"status-publish","4":"has-post-thumbnail","6":"product_brand-trem-fr","7":"product_cat-bouees-damarrage-et-de-signalisation","9":"first","10":"instock","11":"shipping-taxable","12":"purchasable","13":"product-type-simple"},"_links":{"self":[{"href":"https:\/\/stoic-curie.212-227-153-4.plesk.page\/fr\/wp-json\/wp\/v2\/product\/729999","targetHints":{"allow":["GET"]}}],"collection":[{"href":"https:\/\/stoic-curie.212-227-153-4.plesk.page\/fr\/wp-json\/wp\/v2\/product"}],"about":[{"href":"https:\/\/stoic-curie.212-227-153-4.plesk.page\/fr\/wp-json\/wp\/v2\/types\/product"}],"replies":[{"embeddable":true,"href":"https:\/\/stoic-curie.212-227-153-4.plesk.page\/fr\/wp-json\/wp\/v2\/comments?post=729999"}],"version-history":[{"count":0,"href":"https:\/\/stoic-curie.212-227-153-4.plesk.page\/fr\/wp-json\/wp\/v2\/product\/729999\/revisions"}],"wp:featuredmedia":[{"embeddable":true,"href":"https:\/\/stoic-curie.212-227-153-4.plesk.page\/fr\/wp-json\/wp\/v2\/media\/5945099"}],"wp:attachment":[{"href":"https:\/\/stoic-curie.212-227-153-4.plesk.page\/fr\/wp-json\/wp\/v2\/media?parent=729999"}],"wp:term":[{"taxonomy":"product_brand","embeddable":true,"href":"https:\/\/stoic-curie.212-227-153-4.plesk.page\/fr\/wp-json\/wp\/v2\/product_brand?post=729999"},{"taxonomy":"product_cat","embeddable":true,"href":"https:\/\/stoic-curie.212-227-153-4.plesk.page\/fr\/wp-json\/wp\/v2\/product_cat?post=729999"},{"taxonomy":"product_tag","embeddable":true,"href":"https:\/\/stoic-curie.212-227-153-4.plesk.page\/fr\/wp-json\/wp\/v2\/product_tag?post=729999"}],"curies":[{"name":"wp","href":"https:\/\/api.w.org\/{rel}","templated":true}]}}