{"id":730000,"date":"2025-03-03T16:05:52","date_gmt":"2025-03-03T15:05:52","guid":{"rendered":"https:\/\/stoic-curie.212-227-153-4.plesk.page\/producto\/bouee-de-mouillage-biconique-rouge-1030-x-500-mm\/"},"modified":"2026-02-24T23:08:37","modified_gmt":"2026-02-24T23:08:37","slug":"bouee-de-mouillage-biconique-rouge-1030-x-500-mm","status":"publish","type":"product","link":"https:\/\/stoic-curie.212-227-153-4.plesk.page\/fr\/product\/bouee-de-mouillage-biconique-rouge-1030-x-500-mm\/","title":{"rendered":"Bou\u00e9e de mouillage biconique rouge, 1030\u00a0x\u00a0500\u00a0mm"},"content":{"rendered":"<p>Bou\u00e9e de mouillage biconique rouge, 1030\u00a0x\u00a0500\u00a0mm &#8211; <\/p>\n<p>Bou\u00e9es d&#8217;amarrage \u00e0 double c\u00f4ne en poly\u00e9thyl\u00e8ne renforc\u00e9.<\/p>\n","protected":false},"excerpt":{"rendered":"<p>Bou\u00e9e de mouillage biconique rouge, 1030\u00a0x\u00a0500\u00a0mm &#8211; Bou\u00e9es d&#8217;amarrage \u00e0 double c\u00f4ne en poly\u00e9thyl\u00e8ne renforc\u00e9.<\/p>\n","protected":false},"featured_media":5945100,"comment_status":"open","ping_status":"closed","template":"","meta":[],"product_brand":[2854],"product_cat":[1276],"product_tag":[],"class_list":{"0":"post-730000","1":"product","2":"type-product","3":"status-publish","4":"has-post-thumbnail","6":"product_brand-can-marine-fr","7":"product_cat-bouees-damarrage-et-de-signalisation","9":"first","10":"instock","11":"shipping-taxable","12":"purchasable","13":"product-type-simple"},"_links":{"self":[{"href":"https:\/\/stoic-curie.212-227-153-4.plesk.page\/fr\/wp-json\/wp\/v2\/product\/730000","targetHints":{"allow":["GET"]}}],"collection":[{"href":"https:\/\/stoic-curie.212-227-153-4.plesk.page\/fr\/wp-json\/wp\/v2\/product"}],"about":[{"href":"https:\/\/stoic-curie.212-227-153-4.plesk.page\/fr\/wp-json\/wp\/v2\/types\/product"}],"replies":[{"embeddable":true,"href":"https:\/\/stoic-curie.212-227-153-4.plesk.page\/fr\/wp-json\/wp\/v2\/comments?post=730000"}],"version-history":[{"count":0,"href":"https:\/\/stoic-curie.212-227-153-4.plesk.page\/fr\/wp-json\/wp\/v2\/product\/730000\/revisions"}],"wp:featuredmedia":[{"embeddable":true,"href":"https:\/\/stoic-curie.212-227-153-4.plesk.page\/fr\/wp-json\/wp\/v2\/media\/5945100"}],"wp:attachment":[{"href":"https:\/\/stoic-curie.212-227-153-4.plesk.page\/fr\/wp-json\/wp\/v2\/media?parent=730000"}],"wp:term":[{"taxonomy":"product_brand","embeddable":true,"href":"https:\/\/stoic-curie.212-227-153-4.plesk.page\/fr\/wp-json\/wp\/v2\/product_brand?post=730000"},{"taxonomy":"product_cat","embeddable":true,"href":"https:\/\/stoic-curie.212-227-153-4.plesk.page\/fr\/wp-json\/wp\/v2\/product_cat?post=730000"},{"taxonomy":"product_tag","embeddable":true,"href":"https:\/\/stoic-curie.212-227-153-4.plesk.page\/fr\/wp-json\/wp\/v2\/product_tag?post=730000"}],"curies":[{"name":"wp","href":"https:\/\/api.w.org\/{rel}","templated":true}]}}