{"id":730002,"date":"2025-03-03T16:05:52","date_gmt":"2025-03-03T15:05:52","guid":{"rendered":"https:\/\/stoic-curie.212-227-153-4.plesk.page\/producto\/bouee-de-mouillage-castro-remplie-de-mousse-polyurethane-400-x-870-mm\/"},"modified":"2026-02-24T23:08:37","modified_gmt":"2026-02-24T23:08:37","slug":"bouee-de-mouillage-castro-remplie-de-mousse-polyurethane-400-x-870-mm","status":"publish","type":"product","link":"https:\/\/stoic-curie.212-227-153-4.plesk.page\/fr\/product\/bouee-de-mouillage-castro-remplie-de-mousse-polyurethane-400-x-870-mm\/","title":{"rendered":"Bou\u00e9e de mouillage Castro remplie de mousse polyur\u00e9thane, 400\u00a0x\u00a0870\u00a0mm"},"content":{"rendered":"<p>Bou\u00e9e de mouillage Castro remplie de mousse polyur\u00e9thane, 400\u00a0x\u00a0870\u00a0mm &#8211; <\/p>\n<p>Bou\u00e9e en poly\u00e9thyl\u00e8ne renforc\u00e9 remplie de mousse de polyur\u00e9thane \u00e0 cellules ferm\u00e9es.<br \/>Barre en acier haute avec rev\u00eatement Rilsan.<br \/>Excellente r\u00e9sistance \u00e0 l&#8217;abrasion et aux rayons UVA.<br \/>Flottabilit\u00e9 exceptionnelle.<\/p>\n","protected":false},"excerpt":{"rendered":"<p>Bou\u00e9e de mouillage Castro remplie de mousse polyur\u00e9thane, 400\u00a0x\u00a0870\u00a0mm &#8211; Bou\u00e9e en poly\u00e9thyl\u00e8ne renforc\u00e9 remplie de mousse de polyur\u00e9thane \u00e0<\/p>\n","protected":false},"featured_media":5945104,"comment_status":"open","ping_status":"closed","template":"","meta":[],"product_brand":[3024],"product_cat":[1276],"product_tag":[],"class_list":{"0":"post-730002","1":"product","2":"type-product","3":"status-publish","4":"has-post-thumbnail","6":"product_brand-ip-castro-fr","7":"product_cat-bouees-damarrage-et-de-signalisation","9":"first","10":"instock","11":"shipping-taxable","12":"purchasable","13":"product-type-simple"},"_links":{"self":[{"href":"https:\/\/stoic-curie.212-227-153-4.plesk.page\/fr\/wp-json\/wp\/v2\/product\/730002","targetHints":{"allow":["GET"]}}],"collection":[{"href":"https:\/\/stoic-curie.212-227-153-4.plesk.page\/fr\/wp-json\/wp\/v2\/product"}],"about":[{"href":"https:\/\/stoic-curie.212-227-153-4.plesk.page\/fr\/wp-json\/wp\/v2\/types\/product"}],"replies":[{"embeddable":true,"href":"https:\/\/stoic-curie.212-227-153-4.plesk.page\/fr\/wp-json\/wp\/v2\/comments?post=730002"}],"version-history":[{"count":0,"href":"https:\/\/stoic-curie.212-227-153-4.plesk.page\/fr\/wp-json\/wp\/v2\/product\/730002\/revisions"}],"wp:featuredmedia":[{"embeddable":true,"href":"https:\/\/stoic-curie.212-227-153-4.plesk.page\/fr\/wp-json\/wp\/v2\/media\/5945104"}],"wp:attachment":[{"href":"https:\/\/stoic-curie.212-227-153-4.plesk.page\/fr\/wp-json\/wp\/v2\/media?parent=730002"}],"wp:term":[{"taxonomy":"product_brand","embeddable":true,"href":"https:\/\/stoic-curie.212-227-153-4.plesk.page\/fr\/wp-json\/wp\/v2\/product_brand?post=730002"},{"taxonomy":"product_cat","embeddable":true,"href":"https:\/\/stoic-curie.212-227-153-4.plesk.page\/fr\/wp-json\/wp\/v2\/product_cat?post=730002"},{"taxonomy":"product_tag","embeddable":true,"href":"https:\/\/stoic-curie.212-227-153-4.plesk.page\/fr\/wp-json\/wp\/v2\/product_tag?post=730002"}],"curies":[{"name":"wp","href":"https:\/\/api.w.org\/{rel}","templated":true}]}}