{"id":730005,"date":"2025-03-03T16:05:53","date_gmt":"2025-03-03T15:05:53","guid":{"rendered":"https:\/\/stoic-curie.212-227-153-4.plesk.page\/producto\/pare-battage-spherique-castro-a-3hd-blanc-570-mm\/"},"modified":"2026-02-24T23:08:37","modified_gmt":"2026-02-24T23:08:37","slug":"pare-battage-spherique-castro-a-3hd-blanc-570-mm","status":"publish","type":"product","link":"https:\/\/stoic-curie.212-227-153-4.plesk.page\/fr\/product\/pare-battage-spherique-castro-a-3hd-blanc-570-mm\/","title":{"rendered":"Pare-battage sph\u00e9rique Castro A-3HD blanc, 570\u00a0mm"},"content":{"rendered":"<p>Pare-battage sph\u00e9rique Castro A-3HD blanc, 570\u00a0mm &#8211; <\/p>\n<p>Fenders extr\u00eamement robustes avec un \u0153illet renforc\u00e9. Joint en anneau renforc\u00e9 entre le corps et la t\u00eate. Valve de haute qualit\u00e9 pour un joint parfait.<\/p>\n","protected":false},"excerpt":{"rendered":"<p>Pare-battage sph\u00e9rique Castro A-3HD blanc, 570\u00a0mm &#8211; Fenders extr\u00eamement robustes avec un \u0153illet renforc\u00e9. Joint en anneau renforc\u00e9 entre le<\/p>\n","protected":false},"featured_media":5945105,"comment_status":"open","ping_status":"closed","template":"","meta":[],"product_brand":[3024],"product_cat":[1276],"product_tag":[],"class_list":{"0":"post-730005","1":"product","2":"type-product","3":"status-publish","4":"has-post-thumbnail","6":"product_brand-ip-castro-fr","7":"product_cat-bouees-damarrage-et-de-signalisation","9":"first","10":"instock","11":"shipping-taxable","12":"purchasable","13":"product-type-simple"},"_links":{"self":[{"href":"https:\/\/stoic-curie.212-227-153-4.plesk.page\/fr\/wp-json\/wp\/v2\/product\/730005","targetHints":{"allow":["GET"]}}],"collection":[{"href":"https:\/\/stoic-curie.212-227-153-4.plesk.page\/fr\/wp-json\/wp\/v2\/product"}],"about":[{"href":"https:\/\/stoic-curie.212-227-153-4.plesk.page\/fr\/wp-json\/wp\/v2\/types\/product"}],"replies":[{"embeddable":true,"href":"https:\/\/stoic-curie.212-227-153-4.plesk.page\/fr\/wp-json\/wp\/v2\/comments?post=730005"}],"version-history":[{"count":0,"href":"https:\/\/stoic-curie.212-227-153-4.plesk.page\/fr\/wp-json\/wp\/v2\/product\/730005\/revisions"}],"wp:featuredmedia":[{"embeddable":true,"href":"https:\/\/stoic-curie.212-227-153-4.plesk.page\/fr\/wp-json\/wp\/v2\/media\/5945105"}],"wp:attachment":[{"href":"https:\/\/stoic-curie.212-227-153-4.plesk.page\/fr\/wp-json\/wp\/v2\/media?parent=730005"}],"wp:term":[{"taxonomy":"product_brand","embeddable":true,"href":"https:\/\/stoic-curie.212-227-153-4.plesk.page\/fr\/wp-json\/wp\/v2\/product_brand?post=730005"},{"taxonomy":"product_cat","embeddable":true,"href":"https:\/\/stoic-curie.212-227-153-4.plesk.page\/fr\/wp-json\/wp\/v2\/product_cat?post=730005"},{"taxonomy":"product_tag","embeddable":true,"href":"https:\/\/stoic-curie.212-227-153-4.plesk.page\/fr\/wp-json\/wp\/v2\/product_tag?post=730005"}],"curies":[{"name":"wp","href":"https:\/\/api.w.org\/{rel}","templated":true}]}}