{"id":730013,"date":"2025-03-03T16:05:54","date_gmt":"2025-03-03T15:05:54","guid":{"rendered":"https:\/\/stoic-curie.212-227-153-4.plesk.page\/producto\/pare-battage-castro-f3-a-extremites-bleues-750-x-220-mm\/"},"modified":"2026-02-24T23:08:37","modified_gmt":"2026-02-24T23:08:37","slug":"pare-battage-castro-f3-a-extremites-bleues-750-x-220-mm","status":"publish","type":"product","link":"https:\/\/stoic-curie.212-227-153-4.plesk.page\/fr\/product\/pare-battage-castro-f3-a-extremites-bleues-750-x-220-mm\/","title":{"rendered":"Pare-battage Castro F3 \u00e0 extr\u00e9mit\u00e9s bleues, 750\u00a0x\u00a0220\u00a0mm"},"content":{"rendered":"<p>Pare-battage Castro F3 \u00e0 extr\u00e9mit\u00e9s bleues, 750\u00a0x\u00a0220\u00a0mm &#8211; <\/p>\n<p>Fenders extr\u00eamement robustes avec deux \u0153illets renforc\u00e9s. Joint en anneau renforc\u00e9 entre le corps et la t\u00eate. Vanne de haute qualit\u00e9 pour un scellage parfait.<\/p>\n","protected":false},"excerpt":{"rendered":"<p>Pare-battage Castro F3 \u00e0 extr\u00e9mit\u00e9s bleues, 750\u00a0x\u00a0220\u00a0mm &#8211; Fenders extr\u00eamement robustes avec deux \u0153illets renforc\u00e9s. Joint en anneau renforc\u00e9 entre<\/p>\n","protected":false},"featured_media":5945112,"comment_status":"open","ping_status":"closed","template":"","meta":[],"product_brand":[2304,3024],"product_cat":[1274],"product_tag":[],"class_list":{"0":"post-730013","1":"product","2":"type-product","3":"status-publish","4":"has-post-thumbnail","6":"product_brand-ip-castro","7":"product_brand-ip-castro-fr","8":"product_cat-defenses-pare-battages","10":"first","11":"instock","12":"shipping-taxable","13":"purchasable","14":"product-type-simple"},"_links":{"self":[{"href":"https:\/\/stoic-curie.212-227-153-4.plesk.page\/fr\/wp-json\/wp\/v2\/product\/730013","targetHints":{"allow":["GET"]}}],"collection":[{"href":"https:\/\/stoic-curie.212-227-153-4.plesk.page\/fr\/wp-json\/wp\/v2\/product"}],"about":[{"href":"https:\/\/stoic-curie.212-227-153-4.plesk.page\/fr\/wp-json\/wp\/v2\/types\/product"}],"replies":[{"embeddable":true,"href":"https:\/\/stoic-curie.212-227-153-4.plesk.page\/fr\/wp-json\/wp\/v2\/comments?post=730013"}],"version-history":[{"count":0,"href":"https:\/\/stoic-curie.212-227-153-4.plesk.page\/fr\/wp-json\/wp\/v2\/product\/730013\/revisions"}],"wp:featuredmedia":[{"embeddable":true,"href":"https:\/\/stoic-curie.212-227-153-4.plesk.page\/fr\/wp-json\/wp\/v2\/media\/5945112"}],"wp:attachment":[{"href":"https:\/\/stoic-curie.212-227-153-4.plesk.page\/fr\/wp-json\/wp\/v2\/media?parent=730013"}],"wp:term":[{"taxonomy":"product_brand","embeddable":true,"href":"https:\/\/stoic-curie.212-227-153-4.plesk.page\/fr\/wp-json\/wp\/v2\/product_brand?post=730013"},{"taxonomy":"product_cat","embeddable":true,"href":"https:\/\/stoic-curie.212-227-153-4.plesk.page\/fr\/wp-json\/wp\/v2\/product_cat?post=730013"},{"taxonomy":"product_tag","embeddable":true,"href":"https:\/\/stoic-curie.212-227-153-4.plesk.page\/fr\/wp-json\/wp\/v2\/product_tag?post=730013"}],"curies":[{"name":"wp","href":"https:\/\/api.w.org\/{rel}","templated":true}]}}