{"id":730016,"date":"2025-03-03T16:05:54","date_gmt":"2025-03-03T15:05:54","guid":{"rendered":"https:\/\/stoic-curie.212-227-153-4.plesk.page\/producto\/pare-battage-castro-f6-a-extremites-bleues-1000-x-270-mm\/"},"modified":"2026-02-24T23:08:37","modified_gmt":"2026-02-24T23:08:37","slug":"pare-battage-castro-f6-a-extremites-bleues-1000-x-270-mm","status":"publish","type":"product","link":"https:\/\/stoic-curie.212-227-153-4.plesk.page\/fr\/product\/pare-battage-castro-f6-a-extremites-bleues-1000-x-270-mm\/","title":{"rendered":"Pare-battage Castro F6 \u00e0 extr\u00e9mit\u00e9s bleues, 1000\u00a0x\u00a0270\u00a0mm"},"content":{"rendered":"<p>Pare-battage Castro F6 \u00e0 extr\u00e9mit\u00e9s bleues, 1000\u00a0x\u00a0270\u00a0mm &#8211; <\/p>\n<p>Fenders extr\u00eamement robustes avec deux \u0153illets renforc\u00e9s. Joint en anneau renforc\u00e9 entre le corps et la t\u00eate. Valve de haute qualit\u00e9 pour un \u00e9tanch\u00e9it\u00e9 parfaite.<\/p>\n","protected":false},"excerpt":{"rendered":"<p>Pare-battage Castro F6 \u00e0 extr\u00e9mit\u00e9s bleues, 1000\u00a0x\u00a0270\u00a0mm &#8211; Fenders extr\u00eamement robustes avec deux \u0153illets renforc\u00e9s. Joint en anneau renforc\u00e9 entre<\/p>\n","protected":false},"featured_media":5945112,"comment_status":"open","ping_status":"closed","template":"","meta":[],"product_brand":[3024],"product_cat":[1274],"product_tag":[],"class_list":{"0":"post-730016","1":"product","2":"type-product","3":"status-publish","4":"has-post-thumbnail","6":"product_brand-ip-castro-fr","7":"product_cat-defenses-pare-battages","9":"first","10":"instock","11":"shipping-taxable","12":"purchasable","13":"product-type-simple"},"_links":{"self":[{"href":"https:\/\/stoic-curie.212-227-153-4.plesk.page\/fr\/wp-json\/wp\/v2\/product\/730016","targetHints":{"allow":["GET"]}}],"collection":[{"href":"https:\/\/stoic-curie.212-227-153-4.plesk.page\/fr\/wp-json\/wp\/v2\/product"}],"about":[{"href":"https:\/\/stoic-curie.212-227-153-4.plesk.page\/fr\/wp-json\/wp\/v2\/types\/product"}],"replies":[{"embeddable":true,"href":"https:\/\/stoic-curie.212-227-153-4.plesk.page\/fr\/wp-json\/wp\/v2\/comments?post=730016"}],"version-history":[{"count":0,"href":"https:\/\/stoic-curie.212-227-153-4.plesk.page\/fr\/wp-json\/wp\/v2\/product\/730016\/revisions"}],"wp:featuredmedia":[{"embeddable":true,"href":"https:\/\/stoic-curie.212-227-153-4.plesk.page\/fr\/wp-json\/wp\/v2\/media\/5945112"}],"wp:attachment":[{"href":"https:\/\/stoic-curie.212-227-153-4.plesk.page\/fr\/wp-json\/wp\/v2\/media?parent=730016"}],"wp:term":[{"taxonomy":"product_brand","embeddable":true,"href":"https:\/\/stoic-curie.212-227-153-4.plesk.page\/fr\/wp-json\/wp\/v2\/product_brand?post=730016"},{"taxonomy":"product_cat","embeddable":true,"href":"https:\/\/stoic-curie.212-227-153-4.plesk.page\/fr\/wp-json\/wp\/v2\/product_cat?post=730016"},{"taxonomy":"product_tag","embeddable":true,"href":"https:\/\/stoic-curie.212-227-153-4.plesk.page\/fr\/wp-json\/wp\/v2\/product_tag?post=730016"}],"curies":[{"name":"wp","href":"https:\/\/api.w.org\/{rel}","templated":true}]}}