{"id":730022,"date":"2025-03-03T16:05:55","date_gmt":"2025-03-03T15:05:55","guid":{"rendered":"https:\/\/stoic-curie.212-227-153-4.plesk.page\/producto\/pare-battage-castro-nfd3-noir-710-x-260-mm\/"},"modified":"2026-02-24T23:08:37","modified_gmt":"2026-02-24T23:08:37","slug":"pare-battage-castro-nfd3-noir-710-x-260-mm","status":"publish","type":"product","link":"https:\/\/stoic-curie.212-227-153-4.plesk.page\/fr\/product\/pare-battage-castro-nfd3-noir-710-x-260-mm\/","title":{"rendered":"Pare-battage Castro NFD3 noir, 710\u00a0x\u00a0260\u00a0mm"},"content":{"rendered":"<p>Pare-battage Castro NFD3 noir, 710\u00a0x\u00a0260\u00a0mm &#8211; <\/p>\n<p>Boudins tr\u00e8s robustes, avec un design moderne et \u00e9l\u00e9gant. Grande capacit\u00e9 gr\u00e2ce \u00e0 leur surface plus large. \u0152illet en retrait renforc\u00e9 et valve de haute qualit\u00e9 pour un scellement parfait.<\/p>\n","protected":false},"excerpt":{"rendered":"<p>Pare-battage Castro NFD3 noir, 710\u00a0x\u00a0260\u00a0mm &#8211; Boudins tr\u00e8s robustes, avec un design moderne et \u00e9l\u00e9gant. Grande capacit\u00e9 gr\u00e2ce \u00e0 leur<\/p>\n","protected":false},"featured_media":5945126,"comment_status":"open","ping_status":"closed","template":"","meta":[],"product_brand":[3024],"product_cat":[1274],"product_tag":[],"class_list":{"0":"post-730022","1":"product","2":"type-product","3":"status-publish","4":"has-post-thumbnail","6":"product_brand-ip-castro-fr","7":"product_cat-defenses-pare-battages","9":"first","10":"instock","11":"shipping-taxable","12":"purchasable","13":"product-type-simple"},"_links":{"self":[{"href":"https:\/\/stoic-curie.212-227-153-4.plesk.page\/fr\/wp-json\/wp\/v2\/product\/730022","targetHints":{"allow":["GET"]}}],"collection":[{"href":"https:\/\/stoic-curie.212-227-153-4.plesk.page\/fr\/wp-json\/wp\/v2\/product"}],"about":[{"href":"https:\/\/stoic-curie.212-227-153-4.plesk.page\/fr\/wp-json\/wp\/v2\/types\/product"}],"replies":[{"embeddable":true,"href":"https:\/\/stoic-curie.212-227-153-4.plesk.page\/fr\/wp-json\/wp\/v2\/comments?post=730022"}],"version-history":[{"count":0,"href":"https:\/\/stoic-curie.212-227-153-4.plesk.page\/fr\/wp-json\/wp\/v2\/product\/730022\/revisions"}],"wp:featuredmedia":[{"embeddable":true,"href":"https:\/\/stoic-curie.212-227-153-4.plesk.page\/fr\/wp-json\/wp\/v2\/media\/5945126"}],"wp:attachment":[{"href":"https:\/\/stoic-curie.212-227-153-4.plesk.page\/fr\/wp-json\/wp\/v2\/media?parent=730022"}],"wp:term":[{"taxonomy":"product_brand","embeddable":true,"href":"https:\/\/stoic-curie.212-227-153-4.plesk.page\/fr\/wp-json\/wp\/v2\/product_brand?post=730022"},{"taxonomy":"product_cat","embeddable":true,"href":"https:\/\/stoic-curie.212-227-153-4.plesk.page\/fr\/wp-json\/wp\/v2\/product_cat?post=730022"},{"taxonomy":"product_tag","embeddable":true,"href":"https:\/\/stoic-curie.212-227-153-4.plesk.page\/fr\/wp-json\/wp\/v2\/product_tag?post=730022"}],"curies":[{"name":"wp","href":"https:\/\/api.w.org\/{rel}","templated":true}]}}