{"id":730064,"date":"2025-03-03T16:06:02","date_gmt":"2025-03-03T15:06:02","guid":{"rendered":"https:\/\/stoic-curie.212-227-153-4.plesk.page\/producto\/chaussette-pour-pare-battage-mega-fender-gris-2100-x-900-mm\/"},"modified":"2026-02-24T23:08:37","modified_gmt":"2026-02-24T23:08:37","slug":"chaussette-pour-pare-battage-mega-fender-gris-2100-x-900-mm","status":"publish","type":"product","link":"https:\/\/stoic-curie.212-227-153-4.plesk.page\/fr\/product\/chaussette-pour-pare-battage-mega-fender-gris-2100-x-900-mm\/","title":{"rendered":"Chaussette pour pare-battage Mega Fender, gris, 2100\u00a0x\u00a0900\u00a0mm"},"content":{"rendered":"<p>Chaussette pour pare-battage Mega Fender, gris, 2100\u00a0x\u00a0900\u00a0mm &#8211; <\/p>\n<p>Tissu en polaire \u00e0 double couche durable Fendress pour les couvre-fenders Mega Fender. Prot\u00e8ge les Mega Fender en \u00e9liminant l&#8217;usure, les marques et les bruits. Doux et r\u00e9sistants, ils ne laissent pas de taches sur les c\u00f4t\u00e9s et durent plus longtemps.<\/p>\n","protected":false},"excerpt":{"rendered":"<p>Chaussette pour pare-battage Mega Fender, gris, 2100\u00a0x\u00a0900\u00a0mm &#8211; Tissu en polaire \u00e0 double couche durable Fendress pour les couvre-fenders Mega<\/p>\n","protected":false},"featured_media":5945140,"comment_status":"open","ping_status":"closed","template":"","meta":[],"product_brand":[2934],"product_cat":[1277],"product_tag":[],"class_list":{"0":"post-730064","1":"product","2":"type-product","3":"status-publish","4":"has-post-thumbnail","6":"product_brand-fendress-fr","7":"product_cat-housses-de-pare-battage","9":"first","10":"instock","11":"shipping-taxable","12":"purchasable","13":"product-type-simple"},"_links":{"self":[{"href":"https:\/\/stoic-curie.212-227-153-4.plesk.page\/fr\/wp-json\/wp\/v2\/product\/730064","targetHints":{"allow":["GET"]}}],"collection":[{"href":"https:\/\/stoic-curie.212-227-153-4.plesk.page\/fr\/wp-json\/wp\/v2\/product"}],"about":[{"href":"https:\/\/stoic-curie.212-227-153-4.plesk.page\/fr\/wp-json\/wp\/v2\/types\/product"}],"replies":[{"embeddable":true,"href":"https:\/\/stoic-curie.212-227-153-4.plesk.page\/fr\/wp-json\/wp\/v2\/comments?post=730064"}],"version-history":[{"count":0,"href":"https:\/\/stoic-curie.212-227-153-4.plesk.page\/fr\/wp-json\/wp\/v2\/product\/730064\/revisions"}],"wp:featuredmedia":[{"embeddable":true,"href":"https:\/\/stoic-curie.212-227-153-4.plesk.page\/fr\/wp-json\/wp\/v2\/media\/5945140"}],"wp:attachment":[{"href":"https:\/\/stoic-curie.212-227-153-4.plesk.page\/fr\/wp-json\/wp\/v2\/media?parent=730064"}],"wp:term":[{"taxonomy":"product_brand","embeddable":true,"href":"https:\/\/stoic-curie.212-227-153-4.plesk.page\/fr\/wp-json\/wp\/v2\/product_brand?post=730064"},{"taxonomy":"product_cat","embeddable":true,"href":"https:\/\/stoic-curie.212-227-153-4.plesk.page\/fr\/wp-json\/wp\/v2\/product_cat?post=730064"},{"taxonomy":"product_tag","embeddable":true,"href":"https:\/\/stoic-curie.212-227-153-4.plesk.page\/fr\/wp-json\/wp\/v2\/product_tag?post=730064"}],"curies":[{"name":"wp","href":"https:\/\/api.w.org\/{rel}","templated":true}]}}