{"id":730076,"date":"2025-03-03T16:06:04","date_gmt":"2025-03-03T15:06:04","guid":{"rendered":"https:\/\/stoic-curie.212-227-153-4.plesk.page\/producto\/chaussette-a-pare-battage-fendress-f10-noir\/"},"modified":"2026-02-24T23:08:37","modified_gmt":"2026-02-24T23:08:37","slug":"chaussette-a-pare-battage-fendress-f10-noir","status":"publish","type":"product","link":"https:\/\/stoic-curie.212-227-153-4.plesk.page\/fr\/product\/chaussette-a-pare-battage-fendress-f10-noir\/","title":{"rendered":"Chaussette \u00e0 pare-battage Fendress F10, noir"},"content":{"rendered":"<p>Chaussette \u00e0 pare-battage Fendress F10, noir &#8211; <\/p>\n<p>Couvre-fenders en polaire douce faits main Fendress. Protection premium pour vos fenders, tout en \u00e9liminant les bruits de fender et les marques d\u2019usure. Doux et pourtant robustes, ces couvre-fenders prot\u00e8gent efficacement votre peinture en gel-coat et prolongent la dur\u00e9e de vie de vos fenders. <\/p>\n<p>\u2022 Les &#8220;Fendress Covers&#8221; sont 100% acryliques, faites main de haute qualit\u00e9, r\u00e9sistantes et non abrasives, tricot\u00e9es en boucle. Les doux couvre-fenders en polaire offrent une protection ultime pour les flancs de votre bateau. <br \/>\u2022 Les &#8220;Fendress Covers&#8221; sont r\u00e9sistantes aux UV et \u00e0 l\u2019eau de mer, prot\u00e9geant efficacement votre peinture en gel-coat des marques d\u2019usure et des abrasions. Le tissu en polaire r\u00e9sistant et robuste contient toutes les meilleures caract\u00e9ristiques, y compris la r\u00e9sistance \u00e0 la d\u00e9chirure et \u00e0 l&#8217;abrasion, un s\u00e9chage rapide et un retrait facile pour le nettoyage. <br \/>\u2022 Les &#8220;Fendress Covers&#8221; prolongent la dur\u00e9e de vie de vos fenders et \u00e9liminent les bruits de fender g\u00eanants. Les couleurs r\u00e9sistantes aux UV ne laissent pas de marque sur les flancs de votre bateau. Lavable en machine. <br \/>\u2022 Les &#8220;Fendress Covers&#8221; ont un dessus tr\u00e8s r\u00e9sistant et un ourlet \u00e9lastique qui permet un ajustement personnalis\u00e9 pour tous les types de fenders. Les couvre-fenders sont disponibles en 9 couleurs.<\/p>\n","protected":false},"excerpt":{"rendered":"<p>Chaussette \u00e0 pare-battage Fendress F10, noir &#8211; Couvre-fenders en polaire douce faits main Fendress. Protection premium pour vos fenders, tout<\/p>\n","protected":false},"featured_media":5944361,"comment_status":"open","ping_status":"closed","template":"","meta":[],"product_brand":[2934],"product_cat":[1277],"product_tag":[],"class_list":{"0":"post-730076","1":"product","2":"type-product","3":"status-publish","4":"has-post-thumbnail","6":"product_brand-fendress-fr","7":"product_cat-housses-de-pare-battage","9":"first","10":"instock","11":"shipping-taxable","12":"purchasable","13":"product-type-simple"},"_links":{"self":[{"href":"https:\/\/stoic-curie.212-227-153-4.plesk.page\/fr\/wp-json\/wp\/v2\/product\/730076","targetHints":{"allow":["GET"]}}],"collection":[{"href":"https:\/\/stoic-curie.212-227-153-4.plesk.page\/fr\/wp-json\/wp\/v2\/product"}],"about":[{"href":"https:\/\/stoic-curie.212-227-153-4.plesk.page\/fr\/wp-json\/wp\/v2\/types\/product"}],"replies":[{"embeddable":true,"href":"https:\/\/stoic-curie.212-227-153-4.plesk.page\/fr\/wp-json\/wp\/v2\/comments?post=730076"}],"version-history":[{"count":0,"href":"https:\/\/stoic-curie.212-227-153-4.plesk.page\/fr\/wp-json\/wp\/v2\/product\/730076\/revisions"}],"wp:featuredmedia":[{"embeddable":true,"href":"https:\/\/stoic-curie.212-227-153-4.plesk.page\/fr\/wp-json\/wp\/v2\/media\/5944361"}],"wp:attachment":[{"href":"https:\/\/stoic-curie.212-227-153-4.plesk.page\/fr\/wp-json\/wp\/v2\/media?parent=730076"}],"wp:term":[{"taxonomy":"product_brand","embeddable":true,"href":"https:\/\/stoic-curie.212-227-153-4.plesk.page\/fr\/wp-json\/wp\/v2\/product_brand?post=730076"},{"taxonomy":"product_cat","embeddable":true,"href":"https:\/\/stoic-curie.212-227-153-4.plesk.page\/fr\/wp-json\/wp\/v2\/product_cat?post=730076"},{"taxonomy":"product_tag","embeddable":true,"href":"https:\/\/stoic-curie.212-227-153-4.plesk.page\/fr\/wp-json\/wp\/v2\/product_tag?post=730076"}],"curies":[{"name":"wp","href":"https:\/\/api.w.org\/{rel}","templated":true}]}}