{"id":730087,"date":"2025-03-03T16:06:06","date_gmt":"2025-03-03T15:06:06","guid":{"rendered":"https:\/\/stoic-curie.212-227-153-4.plesk.page\/producto\/baguette-de-liston-en-inox-tessilmare-bino-2-m\/"},"modified":"2026-02-24T23:08:37","modified_gmt":"2026-02-24T23:08:37","slug":"baguette-de-liston-en-inox-tessilmare-bino-2-m","status":"publish","type":"product","link":"https:\/\/stoic-curie.212-227-153-4.plesk.page\/fr\/product\/baguette-de-liston-en-inox-tessilmare-bino-2-m\/","title":{"rendered":"Baguette de liston en inox Tessilmare Bino, 2\u00a0m"},"content":{"rendered":"<p>Baguette de liston en inox Tessilmare Bino, 2\u00a0m &#8211; <\/p>\n<p>Profil de fender au design contemporain, id\u00e9al pour une utilisation intensive sur tout bateau de travail ou professionnel. Con\u00e7u pour absorber les chocs importants tout en maintenant une structure l\u00e9g\u00e8re, avec une installation facile \u00e0 l&#8217;aide d&#8217;une base fixe, d&#8217;une barre en acier inoxydable pr\u00e9-perfor\u00e9e et d&#8217;un profil \u00e0 cr\u00eate de pression. Il convient \u00e0 toute coque avec un couplage lisse, en bo\u00eete ou plat.<\/p>\n","protected":false},"excerpt":{"rendered":"<p>Baguette de liston en inox Tessilmare Bino, 2\u00a0m &#8211; Profil de fender au design contemporain, id\u00e9al pour une utilisation intensive<\/p>\n","protected":false},"featured_media":5945151,"comment_status":"open","ping_status":"closed","template":"","meta":[],"product_brand":[3479],"product_cat":[1278],"product_tag":[],"class_list":{"0":"post-730087","1":"product","2":"type-product","3":"status-publish","4":"has-post-thumbnail","6":"product_brand-tessilmare-fr","7":"product_cat-profils-de-pare-battage","9":"first","10":"instock","11":"shipping-taxable","12":"purchasable","13":"product-type-simple"},"_links":{"self":[{"href":"https:\/\/stoic-curie.212-227-153-4.plesk.page\/fr\/wp-json\/wp\/v2\/product\/730087","targetHints":{"allow":["GET"]}}],"collection":[{"href":"https:\/\/stoic-curie.212-227-153-4.plesk.page\/fr\/wp-json\/wp\/v2\/product"}],"about":[{"href":"https:\/\/stoic-curie.212-227-153-4.plesk.page\/fr\/wp-json\/wp\/v2\/types\/product"}],"replies":[{"embeddable":true,"href":"https:\/\/stoic-curie.212-227-153-4.plesk.page\/fr\/wp-json\/wp\/v2\/comments?post=730087"}],"version-history":[{"count":0,"href":"https:\/\/stoic-curie.212-227-153-4.plesk.page\/fr\/wp-json\/wp\/v2\/product\/730087\/revisions"}],"wp:featuredmedia":[{"embeddable":true,"href":"https:\/\/stoic-curie.212-227-153-4.plesk.page\/fr\/wp-json\/wp\/v2\/media\/5945151"}],"wp:attachment":[{"href":"https:\/\/stoic-curie.212-227-153-4.plesk.page\/fr\/wp-json\/wp\/v2\/media?parent=730087"}],"wp:term":[{"taxonomy":"product_brand","embeddable":true,"href":"https:\/\/stoic-curie.212-227-153-4.plesk.page\/fr\/wp-json\/wp\/v2\/product_brand?post=730087"},{"taxonomy":"product_cat","embeddable":true,"href":"https:\/\/stoic-curie.212-227-153-4.plesk.page\/fr\/wp-json\/wp\/v2\/product_cat?post=730087"},{"taxonomy":"product_tag","embeddable":true,"href":"https:\/\/stoic-curie.212-227-153-4.plesk.page\/fr\/wp-json\/wp\/v2\/product_tag?post=730087"}],"curies":[{"name":"wp","href":"https:\/\/api.w.org\/{rel}","templated":true}]}}