{"id":730092,"date":"2025-03-03T16:06:07","date_gmt":"2025-03-03T15:06:07","guid":{"rendered":"https:\/\/stoic-curie.212-227-153-4.plesk.page\/producto\/profile-pare-battage-tessilmare-radial-30-noir-12-m\/"},"modified":"2026-02-24T23:08:38","modified_gmt":"2026-02-24T23:08:38","slug":"profile-pare-battage-tessilmare-radial-30-noir-12-m","status":"publish","type":"product","link":"https:\/\/stoic-curie.212-227-153-4.plesk.page\/fr\/product\/profile-pare-battage-tessilmare-radial-30-noir-12-m\/","title":{"rendered":"Profil\u00e9 pare-battage Tessilmare Radial 30 noir, 12\u00a0m"},"content":{"rendered":"<p>Profil\u00e9 pare-battage Tessilmare Radial 30 noir, 12\u00a0m &#8211; <\/p>\n<p style=\"color: rgb(34, 34, 34); font-family: Arial, Helvetica, sans-serif; font-size: small;\">Ce syst\u00e8me de protection brevet\u00e9 se compose de deux composants principaux :<\/p>\n<ol style=\"color: rgb(34, 34, 34); font-family: Arial, Helvetica, sans-serif; font-size: small;\">\n<li>Une barre durable qui peut \u00eatre solidement fix\u00e9e au bateau \u00e0 l&#8217;aide de vis ou de rivets, ce qui \u00e9limine le besoin d&#8217;outils sp\u00e9cialis\u00e9s.<\/li>\n<li>Un profil en caoutchouc flexible qui se connecte \u00e0 la base. Cet insert sans joint est disponible en rouleaux d\u00e9coup\u00e9s sur mesure pour r\u00e9duire le gaspillage. Les rails de protection en PVC radial peuvent \u00eatre pli\u00e9s dans n&#8217;importe quelle direction sans avoir besoin de chaleur, entra\u00eenant une r\u00e9duction de 70 % du temps de montage, des \u00e9conomies de co\u00fbts, une facilit\u00e9 de r\u00e9paration et un r\u00e9am\u00e9nagement plus rapide.<\/li>\n<\/ol>\n<p style=\"color: rgb(34, 34, 34); font-family: Arial, Helvetica, sans-serif; font-size: small;\">Le profil de protection radial pour bateaux est connu pour son processus d&#8217;installation simple, qui ne n\u00e9cessite aucun outil sp\u00e9cialis\u00e9. Sa housse en PVC adaptable permet un ajustement facile, m\u00eame par temps plus frais, \u00e9liminant ainsi le besoin de chauffage. Une fois install\u00e9, les segments de rail sont discr\u00e8tement cach\u00e9s sous la housse, offrant un aspect poli et raffin\u00e9.<\/p>\n<p style=\"color: rgb(34, 34, 34); font-family: Arial, Helvetica, sans-serif; font-size: small;\">Le kit comprend tous les composants n\u00e9cessaires : un rouleau continu de couverture en caoutchouc souple, le nombre requis de sections de rails de montage en vinyle semi-rigide, deux bouchons d&#8217;extr\u00e9mit\u00e9 en vinyle et un capuchon de joint en vinyle. L&#8217;installation de ce profil de protection est simple. Il suffit de fixer la barre en dural\u00e8ne \u00e0 l&#8217;aide de vis ou d&#8217;adh\u00e9sif Sika, puis de glisser le profil de protection sur la barre.<\/p>\n<p style=\"color: rgb(34, 34, 34); font-family: Arial, Helvetica, sans-serif; font-size: small;\">Ce profil de protection am\u00e9liore non seulement l&#8217;attrait visuel de votre bateau, mais aussi sa fonctionnalit\u00e9. Les designs brevet\u00e9s de Tessilmare allient efficacement durabilit\u00e9 haute r\u00e9sistance, style et abordabilit\u00e9, modernisant ainsi l&#8217;aspect traditionnel des rails de protection. Les profils de protection radiaux offrent une solution coh\u00e9rente et esth\u00e9tiquement agr\u00e9able, sans joints visibles ni bords tranchants, aboutissant \u00e0 une finition plus propre et plus attrayante par rapport aux rails de protection standard en plusieurs pi\u00e8ces.<\/p>\n<p style=\"color: rgb(34, 34, 34); font-family: Arial, Helvetica, sans-serif; font-size: small;\">Sp\u00e9cifiquement con\u00e7u pour le secteur nautique, le profil radial de Tessilmare peut \u00eatre assembl\u00e9 en quelques minutes seulement. Le processus d&#8217;installation est simple : fixez les segments de rail \u00e0 la coque du bateau et s\u00e9curisez la housse ext\u00e9rieure sur le rail. La housse se d\u00e9roule ais\u00e9ment d&#8217;une bobine de bulk, et les bouchons d&#8217;extr\u00e9mit\u00e9 inclus compl\u00e8tent l&#8217;installation.<\/p>\n","protected":false},"excerpt":{"rendered":"<p>Profil\u00e9 pare-battage Tessilmare Radial 30 noir, 12\u00a0m &#8211; Ce syst\u00e8me de protection brevet\u00e9 se compose de deux composants principaux :<\/p>\n","protected":false},"featured_media":5945154,"comment_status":"open","ping_status":"closed","template":"","meta":[],"product_brand":[3479],"product_cat":[1278],"product_tag":[],"class_list":{"0":"post-730092","1":"product","2":"type-product","3":"status-publish","4":"has-post-thumbnail","6":"product_brand-tessilmare-fr","7":"product_cat-profils-de-pare-battage","9":"first","10":"instock","11":"shipping-taxable","12":"purchasable","13":"product-type-simple"},"_links":{"self":[{"href":"https:\/\/stoic-curie.212-227-153-4.plesk.page\/fr\/wp-json\/wp\/v2\/product\/730092","targetHints":{"allow":["GET"]}}],"collection":[{"href":"https:\/\/stoic-curie.212-227-153-4.plesk.page\/fr\/wp-json\/wp\/v2\/product"}],"about":[{"href":"https:\/\/stoic-curie.212-227-153-4.plesk.page\/fr\/wp-json\/wp\/v2\/types\/product"}],"replies":[{"embeddable":true,"href":"https:\/\/stoic-curie.212-227-153-4.plesk.page\/fr\/wp-json\/wp\/v2\/comments?post=730092"}],"version-history":[{"count":0,"href":"https:\/\/stoic-curie.212-227-153-4.plesk.page\/fr\/wp-json\/wp\/v2\/product\/730092\/revisions"}],"wp:featuredmedia":[{"embeddable":true,"href":"https:\/\/stoic-curie.212-227-153-4.plesk.page\/fr\/wp-json\/wp\/v2\/media\/5945154"}],"wp:attachment":[{"href":"https:\/\/stoic-curie.212-227-153-4.plesk.page\/fr\/wp-json\/wp\/v2\/media?parent=730092"}],"wp:term":[{"taxonomy":"product_brand","embeddable":true,"href":"https:\/\/stoic-curie.212-227-153-4.plesk.page\/fr\/wp-json\/wp\/v2\/product_brand?post=730092"},{"taxonomy":"product_cat","embeddable":true,"href":"https:\/\/stoic-curie.212-227-153-4.plesk.page\/fr\/wp-json\/wp\/v2\/product_cat?post=730092"},{"taxonomy":"product_tag","embeddable":true,"href":"https:\/\/stoic-curie.212-227-153-4.plesk.page\/fr\/wp-json\/wp\/v2\/product_tag?post=730092"}],"curies":[{"name":"wp","href":"https:\/\/api.w.org\/{rel}","templated":true}]}}