{"id":730094,"date":"2025-03-03T16:06:07","date_gmt":"2025-03-03T15:06:07","guid":{"rendered":"https:\/\/stoic-curie.212-227-153-4.plesk.page\/producto\/profile-pare-battage-tessilmare-radial-30-blanc-12-m\/"},"modified":"2026-02-24T23:08:38","modified_gmt":"2026-02-24T23:08:38","slug":"profile-pare-battage-tessilmare-radial-30-blanc-12-m","status":"publish","type":"product","link":"https:\/\/stoic-curie.212-227-153-4.plesk.page\/fr\/product\/profile-pare-battage-tessilmare-radial-30-blanc-12-m\/","title":{"rendered":"Profil\u00e9 pare-battage Tessilmare Radial 30 blanc, 12\u00a0m"},"content":{"rendered":"<p>Profil\u00e9 pare-battage Tessilmare Radial 30 blanc, 12\u00a0m &#8211; <\/p>\n<p style=\"color: rgb(34, 34, 34); font-family: Arial, Helvetica, sans-serif; font-size: small;\">Ce syst\u00e8me de protection brevet\u00e9 se compose de deux \u00e9l\u00e9ments principaux :<\/p>\n<ol style=\"color: rgb(34, 34, 34); font-family: Arial, Helvetica, sans-serif; font-size: small;\">\n<li>Une barre robuste qui peut \u00eatre fix\u00e9e solidement au bateau \u00e0 l&#8217;aide de vis ou de rivets, \u00e9liminant ainsi la n\u00e9cessit\u00e9 d&#8217;outils sp\u00e9cialis\u00e9s.<\/li>\n<li>Un profil en caoutchouc flexible qui se connecte \u00e0 la base. Cet insert sans couture est propos\u00e9 en rouleaux d\u00e9coup\u00e9s sur mesure pour minimiser le gaspillage. Les barres de protection en PVC radial peuvent \u00eatre pli\u00e9es dans n&#8217;importe quelle direction sans n\u00e9cessiter de chaleur, ce qui r\u00e9duit le temps d&#8217;assemblage de 70 %, entra\u00eenant des \u00e9conomies de co\u00fbts, une facilit\u00e9 de r\u00e9paration et un refit plus rapide.<\/li>\n<\/ol>\n<p style=\"color: rgb(34, 34, 34); font-family: Arial, Helvetica, sans-serif; font-size: small;\">Le profil de protection radial pour bateaux est reconnu pour son processus d&#8217;installation simple, qui ne n\u00e9cessite aucun outil sp\u00e9cialis\u00e9. Sa couverture polyvalente en PVC permet une installation facile, m\u00eame par temps frais, \u00e9vitant ainsi la n\u00e9cessit\u00e9 de chauffer. Une fois install\u00e9, les segments de rail sont discr\u00e8tement dissimul\u00e9s sous la couverture, offrant un aspect poli et sophistiqu\u00e9.<\/p>\n<p style=\"color: rgb(34, 34, 34); font-family: Arial, Helvetica, sans-serif; font-size: small;\">Le kit comprend tous les composants essentiels : un rouleau continu de couverture douce, le nombre n\u00e9cessaire de sections de rail de montage en vinyle semi-rigide, deux bouchons d&#8217;extr\u00e9mit\u00e9 en vinyle et un bouchon de joint en vinyle. Installer ce profil de protection est simple. Il suffit de fixer la barre en dural\u00e8ne \u00e0 l&#8217;aide de vis ou d&#8217;adh\u00e9sif Sika, puis de glisser le profil de protection sur la barre.<\/p>\n<p style=\"color: rgb(34, 34, 34); font-family: Arial, Helvetica, sans-serif; font-size: small;\">Ce profil de protection am\u00e9liore non seulement l&#8217;attrait esth\u00e9tique de votre bateau, mais renforce \u00e9galement sa fonctionnalit\u00e9. Les designs brevet\u00e9s de Tessilmare allient efficacement durabilit\u00e9 \u00e0 fort impact, style et accessibilit\u00e9, modernisant l&#8217;apparence classique des barres de protection. Les profils de protection radiaux offrent une solution coh\u00e9rente et visuellement agr\u00e9able, sans joints visibles ni bords tranchants, r\u00e9sultant en une finition plus propre et plus attrayante par rapport aux barres multi-pi\u00e8ces standard.<\/p>\n<p style=\"color: rgb(34, 34, 34); font-family: Arial, Helvetica, sans-serif; font-size: small;\">Sp\u00e9cialement con\u00e7u pour l&#8217;industrie nautique, le Tessilmare Radial peut \u00eatre assembl\u00e9 en quelques minutes. Le processus d&#8217;installation est simple : fixez les segments de rail \u00e0 la coque du bateau et s\u00e9curisez la couverture ext\u00e9rieure sur le rail. La couverture se d\u00e9roule facilement d&#8217;une bobine en vrac, et les bouchons d&#8217;extr\u00e9mit\u00e9 inclus terminent l&#8217;installation.<\/p>\n","protected":false},"excerpt":{"rendered":"<p>Profil\u00e9 pare-battage Tessilmare Radial 30 blanc, 12\u00a0m &#8211; Ce syst\u00e8me de protection brevet\u00e9 se compose de deux \u00e9l\u00e9ments principaux :<\/p>\n","protected":false},"featured_media":5945169,"comment_status":"open","ping_status":"closed","template":"","meta":[],"product_brand":[3479],"product_cat":[1278],"product_tag":[],"class_list":{"0":"post-730094","1":"product","2":"type-product","3":"status-publish","4":"has-post-thumbnail","6":"product_brand-tessilmare-fr","7":"product_cat-profils-de-pare-battage","9":"first","10":"instock","11":"shipping-taxable","12":"purchasable","13":"product-type-simple"},"_links":{"self":[{"href":"https:\/\/stoic-curie.212-227-153-4.plesk.page\/fr\/wp-json\/wp\/v2\/product\/730094","targetHints":{"allow":["GET"]}}],"collection":[{"href":"https:\/\/stoic-curie.212-227-153-4.plesk.page\/fr\/wp-json\/wp\/v2\/product"}],"about":[{"href":"https:\/\/stoic-curie.212-227-153-4.plesk.page\/fr\/wp-json\/wp\/v2\/types\/product"}],"replies":[{"embeddable":true,"href":"https:\/\/stoic-curie.212-227-153-4.plesk.page\/fr\/wp-json\/wp\/v2\/comments?post=730094"}],"version-history":[{"count":0,"href":"https:\/\/stoic-curie.212-227-153-4.plesk.page\/fr\/wp-json\/wp\/v2\/product\/730094\/revisions"}],"wp:featuredmedia":[{"embeddable":true,"href":"https:\/\/stoic-curie.212-227-153-4.plesk.page\/fr\/wp-json\/wp\/v2\/media\/5945169"}],"wp:attachment":[{"href":"https:\/\/stoic-curie.212-227-153-4.plesk.page\/fr\/wp-json\/wp\/v2\/media?parent=730094"}],"wp:term":[{"taxonomy":"product_brand","embeddable":true,"href":"https:\/\/stoic-curie.212-227-153-4.plesk.page\/fr\/wp-json\/wp\/v2\/product_brand?post=730094"},{"taxonomy":"product_cat","embeddable":true,"href":"https:\/\/stoic-curie.212-227-153-4.plesk.page\/fr\/wp-json\/wp\/v2\/product_cat?post=730094"},{"taxonomy":"product_tag","embeddable":true,"href":"https:\/\/stoic-curie.212-227-153-4.plesk.page\/fr\/wp-json\/wp\/v2\/product_tag?post=730094"}],"curies":[{"name":"wp","href":"https:\/\/api.w.org\/{rel}","templated":true}]}}