{"id":730095,"date":"2025-03-03T16:06:07","date_gmt":"2025-03-03T15:06:07","guid":{"rendered":"https:\/\/stoic-curie.212-227-153-4.plesk.page\/producto\/profile-pare-battage-tessilmare-radial-30-blanc-24-m\/"},"modified":"2026-02-24T23:08:38","modified_gmt":"2026-02-24T23:08:38","slug":"profile-pare-battage-tessilmare-radial-30-blanc-24-m","status":"publish","type":"product","link":"https:\/\/stoic-curie.212-227-153-4.plesk.page\/fr\/product\/profile-pare-battage-tessilmare-radial-30-blanc-24-m\/","title":{"rendered":"Profil\u00e9 pare-battage Tessilmare Radial 30 blanc, 24\u00a0m"},"content":{"rendered":"<p>Profil\u00e9 pare-battage Tessilmare Radial 30 blanc, 24\u00a0m &#8211; <\/p>\n<p style=\"color: rgb(34, 34, 34); font-family: Arial, Helvetica, sans-serif; font-size: small;\">La rampe de protection radiale offre un avantage consid\u00e9rable gr\u00e2ce \u00e0 son installation facile, sans n\u00e9cessiter d&#8217;outils sp\u00e9cialis\u00e9s. Son rev\u00eatement en PVC polyvalent permet une installation simple, m\u00eame par basses temp\u00e9ratures, \u00e9liminant le besoin de chauffage. Une fois l&#8217;installation termin\u00e9e, les segments de rail sont soigneusement dissimul\u00e9s sous le rev\u00eatement, ce qui conf\u00e8re un aspect raffin\u00e9 et \u00e9l\u00e9gant.<\/p>\n<p style=\"color: rgb(34, 34, 34); font-family: Arial, Helvetica, sans-serif; font-size: small;\">Le kit est enti\u00e8rement \u00e9quip\u00e9 de tous les composants essentiels : un rouleau continu de rev\u00eatement de protection souple, la quantit\u00e9 appropri\u00e9e de sections de rails en vinyle semi-rigide, deux bouchons en vinyle et un bouchon de joint en vinyle. Installer ce profil de protection est un jeu d&#8217;enfant. Il suffit de fixer la barre en dural\u00e8ne avec des vis ou de l&#8217;adh\u00e9sif Sika, puis de glisser le profil de protection sur la barre.<\/p>\n<p style=\"color: rgb(34, 34, 34); font-family: Arial, Helvetica, sans-serif; font-size: small;\">Ce profil de protection am\u00e9liore non seulement l&#8217;attrait esth\u00e9tique, mais \u00e9galement la fonctionnalit\u00e9 de votre embarcation. Les designs brevet\u00e9s de Tessilmare allient durabilit\u00e9 \u00e0 impact \u00e9lev\u00e9, style et abordabilit\u00e9, modernisant ainsi l&#8217;apparence traditionnelle des rampes de protection. Les profils de protection radiaux offrent une solution harmonieuse et visuellement agr\u00e9able, sans joints visibles ni bords tranchants, ce qui aboutit \u00e0 une finition plus propre et plus attrayante que les rampes de protection multi-pi\u00e8ces standard.<\/p>\n<p style=\"color: rgb(34, 34, 34); font-family: Arial, Helvetica, sans-serif; font-size: small;\">Con\u00e7u sp\u00e9cifiquement pour le secteur maritime, le profil Radial de Tessilmare peut \u00eatre assembl\u00e9 en quelques minutes. L&#8217;installation est simple : fixez les segments de rails \u00e0 la coque du bateau et recouvrez-les avec le rev\u00eatement ext\u00e9rieur. Le rev\u00eatement se d\u00e9roule facilement \u00e0 partir d&#8217;une bobine, et les bouchons fournis finalisent l&#8217;installation.<\/p>\n<p style=\"color: rgb(34, 34, 34); font-family: Arial, Helvetica, sans-serif; font-size: small;\">Ce syst\u00e8me de protection brevet\u00e9 se compose de deux \u00e9l\u00e9ments cl\u00e9s :<\/p>\n<ol style=\"color: rgb(34, 34, 34); font-family: Arial, Helvetica, sans-serif; font-size: small;\">\n<li>Une barre robuste pouvant \u00eatre solidement fix\u00e9e au bateau \u00e0 l&#8217;aide de vis ou de rivets, sans n\u00e9cessiter d&#8217;outils sp\u00e9cialis\u00e9s.<\/li>\n<li>Un profil en caoutchouc flexible qui se connecte \u00e0 la base. Cet insert sans joint est disponible en rouleaux d\u00e9coup\u00e9s sur mesure pour r\u00e9duire le gaspillage. Les rampes de protection en PVC Radial peuvent \u00eatre courb\u00e9es dans n&#8217;importe quelle direction sans application de chaleur, ce qui entra\u00eene une r\u00e9duction de 70 % du temps d&#8217;assemblage, des \u00e9conomies de co\u00fbts, une facilit\u00e9 de r\u00e9paration et un reconditionnement rapide.<\/li>\n<\/ol>\n","protected":false},"excerpt":{"rendered":"<p>Profil\u00e9 pare-battage Tessilmare Radial 30 blanc, 24\u00a0m &#8211; La rampe de protection radiale offre un avantage consid\u00e9rable gr\u00e2ce \u00e0 son<\/p>\n","protected":false},"featured_media":5945169,"comment_status":"open","ping_status":"closed","template":"","meta":[],"product_brand":[3479],"product_cat":[1278],"product_tag":[],"class_list":{"0":"post-730095","1":"product","2":"type-product","3":"status-publish","4":"has-post-thumbnail","6":"product_brand-tessilmare-fr","7":"product_cat-profils-de-pare-battage","9":"first","10":"instock","11":"shipping-taxable","12":"purchasable","13":"product-type-simple"},"_links":{"self":[{"href":"https:\/\/stoic-curie.212-227-153-4.plesk.page\/fr\/wp-json\/wp\/v2\/product\/730095","targetHints":{"allow":["GET"]}}],"collection":[{"href":"https:\/\/stoic-curie.212-227-153-4.plesk.page\/fr\/wp-json\/wp\/v2\/product"}],"about":[{"href":"https:\/\/stoic-curie.212-227-153-4.plesk.page\/fr\/wp-json\/wp\/v2\/types\/product"}],"replies":[{"embeddable":true,"href":"https:\/\/stoic-curie.212-227-153-4.plesk.page\/fr\/wp-json\/wp\/v2\/comments?post=730095"}],"version-history":[{"count":0,"href":"https:\/\/stoic-curie.212-227-153-4.plesk.page\/fr\/wp-json\/wp\/v2\/product\/730095\/revisions"}],"wp:featuredmedia":[{"embeddable":true,"href":"https:\/\/stoic-curie.212-227-153-4.plesk.page\/fr\/wp-json\/wp\/v2\/media\/5945169"}],"wp:attachment":[{"href":"https:\/\/stoic-curie.212-227-153-4.plesk.page\/fr\/wp-json\/wp\/v2\/media?parent=730095"}],"wp:term":[{"taxonomy":"product_brand","embeddable":true,"href":"https:\/\/stoic-curie.212-227-153-4.plesk.page\/fr\/wp-json\/wp\/v2\/product_brand?post=730095"},{"taxonomy":"product_cat","embeddable":true,"href":"https:\/\/stoic-curie.212-227-153-4.plesk.page\/fr\/wp-json\/wp\/v2\/product_cat?post=730095"},{"taxonomy":"product_tag","embeddable":true,"href":"https:\/\/stoic-curie.212-227-153-4.plesk.page\/fr\/wp-json\/wp\/v2\/product_tag?post=730095"}],"curies":[{"name":"wp","href":"https:\/\/api.w.org\/{rel}","templated":true}]}}