{"id":730096,"date":"2025-03-03T16:06:08","date_gmt":"2025-03-03T15:06:08","guid":{"rendered":"https:\/\/stoic-curie.212-227-153-4.plesk.page\/producto\/profile-pare-battage-tessilmare-radial-30-gris-12-m\/"},"modified":"2026-02-24T23:08:38","modified_gmt":"2026-02-24T23:08:38","slug":"profile-pare-battage-tessilmare-radial-30-gris-12-m","status":"publish","type":"product","link":"https:\/\/stoic-curie.212-227-153-4.plesk.page\/fr\/product\/profile-pare-battage-tessilmare-radial-30-gris-12-m\/","title":{"rendered":"Profil\u00e9 pare-battage Tessilmare Radial 30 gris, 12\u00a0m"},"content":{"rendered":"<p>Profil\u00e9 pare-battage Tessilmare Radial 30 gris, 12\u00a0m &#8211; <\/p>\n<p style=\"color: rgb(34, 34, 34); font-family: Arial, Helvetica, sans-serif; font-size: small;\">Ce syst\u00e8me de d\u00e9fenses brevet\u00e9 se compose de deux principaux composants :<\/p>\n<ol style=\"color: rgb(34, 34, 34); font-family: Arial, Helvetica, sans-serif; font-size: small;\">\n<li>Une barre robuste pouvant \u00eatre solidement fix\u00e9e au navire \u00e0 l&#8217;aide de vis ou de rivets, \u00e9liminant ainsi le besoin d&#8217;outils sp\u00e9cialis\u00e9s.<\/li>\n<li>Un profil en caoutchouc flexible qui se fixe \u00e0 la base. Cet insert sans couture est disponible en rouleaux d\u00e9coup\u00e9s sur mesure pour r\u00e9duire les d\u00e9chets. Les pare-chocs en PVC Radial peuvent \u00eatre courb\u00e9s dans toutes les directions sans n\u00e9cessiter de chauffage, ce qui entra\u00eene une r\u00e9duction de 70 % du temps d&#8217;assemblage, des \u00e9conomies de co\u00fbts, une facilit\u00e9 de r\u00e9paration et un r\u00e9ajustement rapide.<\/li>\n<\/ol>\n<p style=\"color: rgb(34, 34, 34); font-family: Arial, Helvetica, sans-serif; font-size: small;\">Le Profil de D\u00e9fense Radial pour Bateaux est bien connu pour son processus d&#8217;installation facile, qui ne n\u00e9cessite aucun outil sp\u00e9cialis\u00e9. Sa couverture en PVC adaptable permet une installation simple, m\u00eame \u00e0 des temp\u00e9ratures plus fra\u00eeches, \u00e9liminant ainsi la n\u00e9cessit\u00e9 de chauffer. Une fois install\u00e9, les segments de rail sont discr\u00e8tement cach\u00e9s sous la couverture, offrant un look raffin\u00e9 et \u00e9l\u00e9gant.<\/p>\n<p style=\"color: rgb(34, 34, 34); font-family: Arial, Helvetica, sans-serif; font-size: small;\">Le kit comprend tous les composants n\u00e9cessaires : un rouleau continu de couverture en caoutchouc souple, le nombre requis de sections de rail de montage en vinyle semi-rigide, deux bouchons d&#8217;extr\u00e9mit\u00e9 en vinyle et un capuchon de joint en vinyle. Installer ce profil de d\u00e9fense est un jeu d&#8217;enfant. Il suffit de fixer la barre en dural\u00e8ne \u00e0 l&#8217;aide de vis ou d&#8217;adh\u00e9sif Sika, puis de glisser le profil de d\u00e9fense sur la barre.<\/p>\n<p style=\"color: rgb(34, 34, 34); font-family: Arial, Helvetica, sans-serif; font-size: small;\">Ce profil de d\u00e9fense non seulement am\u00e9liore l&#8217;attrait visuel de votre navire, mais il en am\u00e9liore \u00e9galement la fonctionnalit\u00e9. Les conceptions brevet\u00e9es de Tessilmare allient avec succ\u00e8s durabilit\u00e9 \u00e0 fort impact, style et abordabilit\u00e9, modernisant l&#8217;apparence traditionnelle des pare-chocs. Les profils de d\u00e9fense Radial offrent une solution coh\u00e9rente et esth\u00e9tiquement agr\u00e9able, sans joints visibles ni bords tranchants, r\u00e9sultant en une finition plus propre et plus attractive par rapport aux pare-chocs standard multi-pi\u00e8ces.<\/p>\n<p style=\"color: rgb(34, 34, 34); font-family: Arial, Helvetica, sans-serif; font-size: small;\">Con\u00e7u sp\u00e9cifiquement pour l&#8217;industrie nautique, le Tessilmare Radial peut \u00eatre assembl\u00e9 en quelques minutes. Le processus d&#8217;installation est simple : attachez les segments de rail \u00e0 la coque du bateau et fixez la couverture ext\u00e9rieure sur le rail. La couverture se d\u00e9roule commod\u00e9ment \u00e0 partir d&#8217;une bobine en vrac, et les bouchons d&#8217;extr\u00e9mit\u00e9 inclus compl\u00e8tent l&#8217;installation.<\/p>\n","protected":false},"excerpt":{"rendered":"<p>Profil\u00e9 pare-battage Tessilmare Radial 30 gris, 12\u00a0m &#8211; Ce syst\u00e8me de d\u00e9fenses brevet\u00e9 se compose de deux principaux composants :<\/p>\n","protected":false},"featured_media":5945170,"comment_status":"open","ping_status":"closed","template":"","meta":[],"product_brand":[3479],"product_cat":[1278],"product_tag":[],"class_list":{"0":"post-730096","1":"product","2":"type-product","3":"status-publish","4":"has-post-thumbnail","6":"product_brand-tessilmare-fr","7":"product_cat-profils-de-pare-battage","9":"first","10":"instock","11":"shipping-taxable","12":"purchasable","13":"product-type-simple"},"_links":{"self":[{"href":"https:\/\/stoic-curie.212-227-153-4.plesk.page\/fr\/wp-json\/wp\/v2\/product\/730096","targetHints":{"allow":["GET"]}}],"collection":[{"href":"https:\/\/stoic-curie.212-227-153-4.plesk.page\/fr\/wp-json\/wp\/v2\/product"}],"about":[{"href":"https:\/\/stoic-curie.212-227-153-4.plesk.page\/fr\/wp-json\/wp\/v2\/types\/product"}],"replies":[{"embeddable":true,"href":"https:\/\/stoic-curie.212-227-153-4.plesk.page\/fr\/wp-json\/wp\/v2\/comments?post=730096"}],"version-history":[{"count":0,"href":"https:\/\/stoic-curie.212-227-153-4.plesk.page\/fr\/wp-json\/wp\/v2\/product\/730096\/revisions"}],"wp:featuredmedia":[{"embeddable":true,"href":"https:\/\/stoic-curie.212-227-153-4.plesk.page\/fr\/wp-json\/wp\/v2\/media\/5945170"}],"wp:attachment":[{"href":"https:\/\/stoic-curie.212-227-153-4.plesk.page\/fr\/wp-json\/wp\/v2\/media?parent=730096"}],"wp:term":[{"taxonomy":"product_brand","embeddable":true,"href":"https:\/\/stoic-curie.212-227-153-4.plesk.page\/fr\/wp-json\/wp\/v2\/product_brand?post=730096"},{"taxonomy":"product_cat","embeddable":true,"href":"https:\/\/stoic-curie.212-227-153-4.plesk.page\/fr\/wp-json\/wp\/v2\/product_cat?post=730096"},{"taxonomy":"product_tag","embeddable":true,"href":"https:\/\/stoic-curie.212-227-153-4.plesk.page\/fr\/wp-json\/wp\/v2\/product_tag?post=730096"}],"curies":[{"name":"wp","href":"https:\/\/api.w.org\/{rel}","templated":true}]}}