{"id":730099,"date":"2025-03-03T16:06:08","date_gmt":"2025-03-03T15:06:08","guid":{"rendered":"https:\/\/stoic-curie.212-227-153-4.plesk.page\/producto\/profile-pare-battage-tessilmare-radial-40-noir-24-m\/"},"modified":"2026-02-24T23:08:38","modified_gmt":"2026-02-24T23:08:38","slug":"profile-pare-battage-tessilmare-radial-40-noir-24-m","status":"publish","type":"product","link":"https:\/\/stoic-curie.212-227-153-4.plesk.page\/fr\/product\/profile-pare-battage-tessilmare-radial-40-noir-24-m\/","title":{"rendered":"Profil\u00e9 pare-battage Tessilmare Radial 40 noir, 24\u00a0m"},"content":{"rendered":"<p>Profil\u00e9 pare-battage Tessilmare Radial 40 noir, 24\u00a0m &#8211; <\/p>\n<p style=\"color: rgb(34, 34, 34); font-family: Arial, Helvetica, sans-serif; font-size: small;\">Pour l&#8217;installation, ce profil de protection n\u00e9cessite simplement de fixer la barre en dural\u00e8ne avec des vis ou de l&#8217;adh\u00e9sif Sika, puis de glisser le profil de protection sur la barre. Le profil de protection d&#8217;un bateau peut efficacement allier style et fonctionnalit\u00e9. Les profils de protection brevet\u00e9s de Tessilmare combinent durabilit\u00e9 \u00e0 fort impact avec sophistication et rentabilit\u00e9. Leurs designs \u00e0 la pointe de la technologie ont r\u00e9volutionn\u00e9 l&#8217;apparence des rails anti-chocs conventionnels. Les profils de protection Radial offrent une solution esth\u00e9tique et harmonieuse, sans joints visibles ni bords tranchants, menant \u00e0 une finition plus propre et plus attrayante par rapport aux rails multi-pi\u00e8ces traditionnels. Le Radial de Tessilmare a \u00e9t\u00e9 soigneusement con\u00e7u pour le secteur maritime, permettant un assemblage en seulement quelques minutes. Le processus d&#8217;installation est tr\u00e8s simple ; il implique de fixer des segments de rails \u00e0 la coque du bateau et de s\u00e9curiser la couverture ext\u00e9rieure sur le rail. La couverture peut \u00eatre facilement d\u00e9roul\u00e9e \u00e0 partir d&#8217;une bobine en vrac, et les caps de finition inclus compl\u00e8tent l&#8217;installation.<\/p>\n<p style=\"color: rgb(34, 34, 34); font-family: Arial, Helvetica, sans-serif; font-size: small;\">L&#8217;un des principaux avantages du Rail Anti-Choc Radial est son installation facile, qui ne n\u00e9cessite aucun outil sp\u00e9cialis\u00e9. Sa couverture en PVC flexible permet un ajustement simple, m\u00eame par temps frais, \u00e9liminant ainsi la n\u00e9cessit\u00e9 de chauffage. Une fois l&#8217;installation termin\u00e9e, les segments de rail sont enti\u00e8rement dissimul\u00e9s sous la couverture, r\u00e9sultant en un aspect lisse et raffin\u00e9. Le kit comprend tous les composants essentiels : un rouleau continu de couverture de rail anti-choc souple, le nombre requis de sections de rail de montage en vinyle semi-rigide, deux caps en vinyle et un cap de joint en vinyle.<\/p>\n<p style=\"color: rgb(34, 34, 34); font-family: Arial, Helvetica, sans-serif; font-size: small;\">Ce syst\u00e8me de protection brevet\u00e9 comprend deux \u00e9l\u00e9ments cl\u00e9s :<\/p>\n<ol style=\"color: rgb(34, 34, 34); font-family: Arial, Helvetica, sans-serif; font-size: small;\">\n<li>Une barre robuste qui peut \u00eatre solidement fix\u00e9e au bateau \u00e0 l&#8217;aide de vis ou de rivets, sans n\u00e9cessiter d&#8217;outils sp\u00e9cialis\u00e9s.<\/li>\n<li>Un profil en caoutchouc flexible qui se connecte \u00e0 la base. Ce insert sans couture est disponible en bobines coup\u00e9es sur mesure pour minimiser les d\u00e9chets. Les rails anti-chocs en PVC Radial peuvent \u00eatre courb\u00e9s manuellement dans n&#8217;importe quelle direction sans n\u00e9cessiter de chaleur. Ils sont 70% plus rapides \u00e0 assembler, \u00e9conomiques, faciles \u00e0 r\u00e9parer et rapides \u00e0 r\u00e9installer.<\/li>\n<\/ol>\n","protected":false},"excerpt":{"rendered":"<p>Profil\u00e9 pare-battage Tessilmare Radial 40 noir, 24\u00a0m &#8211; Pour l&#8217;installation, ce profil de protection n\u00e9cessite simplement de fixer la barre<\/p>\n","protected":false},"featured_media":5945154,"comment_status":"open","ping_status":"closed","template":"","meta":[],"product_brand":[3479],"product_cat":[1278],"product_tag":[],"class_list":{"0":"post-730099","1":"product","2":"type-product","3":"status-publish","4":"has-post-thumbnail","6":"product_brand-tessilmare-fr","7":"product_cat-profils-de-pare-battage","9":"first","10":"instock","11":"shipping-taxable","12":"purchasable","13":"product-type-simple"},"_links":{"self":[{"href":"https:\/\/stoic-curie.212-227-153-4.plesk.page\/fr\/wp-json\/wp\/v2\/product\/730099","targetHints":{"allow":["GET"]}}],"collection":[{"href":"https:\/\/stoic-curie.212-227-153-4.plesk.page\/fr\/wp-json\/wp\/v2\/product"}],"about":[{"href":"https:\/\/stoic-curie.212-227-153-4.plesk.page\/fr\/wp-json\/wp\/v2\/types\/product"}],"replies":[{"embeddable":true,"href":"https:\/\/stoic-curie.212-227-153-4.plesk.page\/fr\/wp-json\/wp\/v2\/comments?post=730099"}],"version-history":[{"count":0,"href":"https:\/\/stoic-curie.212-227-153-4.plesk.page\/fr\/wp-json\/wp\/v2\/product\/730099\/revisions"}],"wp:featuredmedia":[{"embeddable":true,"href":"https:\/\/stoic-curie.212-227-153-4.plesk.page\/fr\/wp-json\/wp\/v2\/media\/5945154"}],"wp:attachment":[{"href":"https:\/\/stoic-curie.212-227-153-4.plesk.page\/fr\/wp-json\/wp\/v2\/media?parent=730099"}],"wp:term":[{"taxonomy":"product_brand","embeddable":true,"href":"https:\/\/stoic-curie.212-227-153-4.plesk.page\/fr\/wp-json\/wp\/v2\/product_brand?post=730099"},{"taxonomy":"product_cat","embeddable":true,"href":"https:\/\/stoic-curie.212-227-153-4.plesk.page\/fr\/wp-json\/wp\/v2\/product_cat?post=730099"},{"taxonomy":"product_tag","embeddable":true,"href":"https:\/\/stoic-curie.212-227-153-4.plesk.page\/fr\/wp-json\/wp\/v2\/product_tag?post=730099"}],"curies":[{"name":"wp","href":"https:\/\/api.w.org\/{rel}","templated":true}]}}