{"id":730102,"date":"2025-03-03T16:06:09","date_gmt":"2025-03-03T15:06:09","guid":{"rendered":"https:\/\/stoic-curie.212-227-153-4.plesk.page\/producto\/profile-pare-battage-tessilmare-radial-40-gris-12-m\/"},"modified":"2026-02-24T23:08:38","modified_gmt":"2026-02-24T23:08:38","slug":"profile-pare-battage-tessilmare-radial-40-gris-12-m","status":"publish","type":"product","link":"https:\/\/stoic-curie.212-227-153-4.plesk.page\/fr\/product\/profile-pare-battage-tessilmare-radial-40-gris-12-m\/","title":{"rendered":"Profil\u00e9 pare-battage Tessilmare Radial 40 gris, 12\u00a0m"},"content":{"rendered":"<p>Profil\u00e9 pare-battage Tessilmare Radial 40 gris, 12\u00a0m &#8211; <\/p>\n<p style=\"color: rgb(34, 34, 34); font-family: Arial, Helvetica, sans-serif; font-size: small;\">Ce syst\u00e8me de protection brevet\u00e9 se compose de deux \u00e9l\u00e9ments principaux :<\/p>\n<ol style=\"color: rgb(34, 34, 34); font-family: Arial, Helvetica, sans-serif; font-size: small;\">\n<li>Une barre robuste qui peut \u00eatre attach\u00e9e solidement au navire \u00e0 l&#8217;aide de vis ou de rivets, \u00e9liminant ainsi la n\u00e9cessit\u00e9 d&#8217;outils sp\u00e9cialis\u00e9s.<\/li>\n<li>Un profil en caoutchouc flexible qui se connecte \u00e0 la base. Cet insert sans joint est propos\u00e9 en rouleaux coup\u00e9s sur mesure pour r\u00e9duire le gaspillage. Les rails de protection en PVC Radial peuvent \u00eatre pli\u00e9s dans n&#8217;importe quelle direction sans n\u00e9cessiter de chaleur, ce qui entra\u00eene une r\u00e9duction de 70 % du temps d&#8217;assemblage, des \u00e9conomies de co\u00fbts, une facilit\u00e9 de r\u00e9paration et un r\u00e9am\u00e9nagement plus rapide.<\/li>\n<\/ol>\n<p style=\"color: rgb(34, 34, 34); font-family: Arial, Helvetica, sans-serif; font-size: small;\">Le Rail de Protection Radial se distingue par son processus d&#8217;installation simple, ne n\u00e9cessitant aucun outil sp\u00e9cialis\u00e9. Sa couverture en PVC adaptable permet un ajustement facile, m\u00eame par temps frais, \u00e9liminant ainsi le besoin de chaleur. Une fois install\u00e9, les segments de rail sont discr\u00e8tement cach\u00e9s sous la couverture, offrant un look poli et sophistiqu\u00e9.<\/p>\n<p style=\"color: rgb(34, 34, 34); font-family: Arial, Helvetica, sans-serif; font-size: small;\">Le kit comprend tous les composants n\u00e9cessaires : un rouleau continu de couverture de rail de protection souple, le nombre appropri\u00e9 de sections de rails de montage en vinyl semi-rigide, deux capuchons en vinyl et un capuchon de joint en vinyl. L&#8217;installation de ce profil de fendering est simple. Il suffit de fixer la barre en dural\u00e8ne \u00e0 l&#8217;aide de vis ou d&#8217;adh\u00e9sif Sika, puis de glisser le profil de protection sur la barre.<\/p>\n<p style=\"color: rgb(34, 34, 34); font-family: Arial, Helvetica, sans-serif; font-size: small;\">Ce profil de fendering non seulement am\u00e9liore l&#8217;attrait visuel de votre navire mais aussi sa fonctionnalit\u00e9. Les designs brevet\u00e9s de Tessilmare combinent harmonieusement une durabilit\u00e9 \u00e0 fort impact avec style et abordabilit\u00e9, modernisant efficacement l&#8217;apparence traditionnelle des rails de protection. Les profils de fendering Radial offrent une solution esth\u00e9tique et homog\u00e8ne, sans joints visibles ni bords tranchants, aboutissant \u00e0 une finition plus propre et plus attrayante par rapport aux rails de protection standards \u00e0 plusieurs pi\u00e8ces.<\/p>\n<p style=\"color: rgb(34, 34, 34); font-family: Arial, Helvetica, sans-serif; font-size: small;\">Sp\u00e9cialement con\u00e7ue pour l&#8217;industrie marine, la solution Tessilmare Radial peut \u00eatre assembl\u00e9e en quelques minutes seulement. Le processus d&#8217;installation est simple : attachez les segments de rail \u00e0 la coque du bateau et fixez la couverture ext\u00e9rieure sur le rail. La couverture se d\u00e9roule commod\u00e9ment depuis un rouleau en vrac, et les capuchons de finition inclus finalisent l&#8217;installation.<\/p>\n","protected":false},"excerpt":{"rendered":"<p>Profil\u00e9 pare-battage Tessilmare Radial 40 gris, 12\u00a0m &#8211; Ce syst\u00e8me de protection brevet\u00e9 se compose de deux \u00e9l\u00e9ments principaux :<\/p>\n","protected":false},"featured_media":5945170,"comment_status":"open","ping_status":"closed","template":"","meta":[],"product_brand":[3479],"product_cat":[1278],"product_tag":[],"class_list":{"0":"post-730102","1":"product","2":"type-product","3":"status-publish","4":"has-post-thumbnail","6":"product_brand-tessilmare-fr","7":"product_cat-profils-de-pare-battage","9":"first","10":"instock","11":"shipping-taxable","12":"purchasable","13":"product-type-simple"},"_links":{"self":[{"href":"https:\/\/stoic-curie.212-227-153-4.plesk.page\/fr\/wp-json\/wp\/v2\/product\/730102","targetHints":{"allow":["GET"]}}],"collection":[{"href":"https:\/\/stoic-curie.212-227-153-4.plesk.page\/fr\/wp-json\/wp\/v2\/product"}],"about":[{"href":"https:\/\/stoic-curie.212-227-153-4.plesk.page\/fr\/wp-json\/wp\/v2\/types\/product"}],"replies":[{"embeddable":true,"href":"https:\/\/stoic-curie.212-227-153-4.plesk.page\/fr\/wp-json\/wp\/v2\/comments?post=730102"}],"version-history":[{"count":0,"href":"https:\/\/stoic-curie.212-227-153-4.plesk.page\/fr\/wp-json\/wp\/v2\/product\/730102\/revisions"}],"wp:featuredmedia":[{"embeddable":true,"href":"https:\/\/stoic-curie.212-227-153-4.plesk.page\/fr\/wp-json\/wp\/v2\/media\/5945170"}],"wp:attachment":[{"href":"https:\/\/stoic-curie.212-227-153-4.plesk.page\/fr\/wp-json\/wp\/v2\/media?parent=730102"}],"wp:term":[{"taxonomy":"product_brand","embeddable":true,"href":"https:\/\/stoic-curie.212-227-153-4.plesk.page\/fr\/wp-json\/wp\/v2\/product_brand?post=730102"},{"taxonomy":"product_cat","embeddable":true,"href":"https:\/\/stoic-curie.212-227-153-4.plesk.page\/fr\/wp-json\/wp\/v2\/product_cat?post=730102"},{"taxonomy":"product_tag","embeddable":true,"href":"https:\/\/stoic-curie.212-227-153-4.plesk.page\/fr\/wp-json\/wp\/v2\/product_tag?post=730102"}],"curies":[{"name":"wp","href":"https:\/\/api.w.org\/{rel}","templated":true}]}}