{"id":730105,"date":"2025-03-03T16:06:09","date_gmt":"2025-03-03T15:06:09","guid":{"rendered":"https:\/\/stoic-curie.212-227-153-4.plesk.page\/producto\/profile-pare-battage-tessilmare-radial-52-blanc-12-m\/"},"modified":"2026-02-24T23:08:38","modified_gmt":"2026-02-24T23:08:38","slug":"profile-pare-battage-tessilmare-radial-52-blanc-12-m","status":"publish","type":"product","link":"https:\/\/stoic-curie.212-227-153-4.plesk.page\/fr\/product\/profile-pare-battage-tessilmare-radial-52-blanc-12-m\/","title":{"rendered":"Profil\u00e9 pare-battage Tessilmare Radial 52 blanc, 12\u00a0m"},"content":{"rendered":"<p>Profil\u00e9 pare-battage Tessilmare Radial 52 blanc, 12\u00a0m &#8211; <\/p>\n<p style=\"color: rgb(34, 34, 34); font-family: Arial, Helvetica, sans-serif; font-size: small;\">Le Rail de Protection Radial pr\u00e9sente un avantage consid\u00e9rable gr\u00e2ce \u00e0 son processus d&#8217;installation simple, qui ne n\u00e9cessite aucun outil sp\u00e9cialis\u00e9. Son rev\u00eatement en PVC adaptable facilite un ajustement facile, m\u00eame \u00e0 des temp\u00e9ratures plus basses, \u00e9liminant ainsi le besoin de chauffage. Apr\u00e8s l&#8217;installation, les segments de la piste sont dissimul\u00e9s sous le couvercle, ce qui donne une apparence \u00e9l\u00e9gante et raffin\u00e9e.<\/p>\n<p style=\"color: rgb(34, 34, 34); font-family: Arial, Helvetica, sans-serif; font-size: small;\">Le kit est enti\u00e8rement \u00e9quip\u00e9 de tous les composants n\u00e9cessaires : un rouleau continu de rev\u00eatement en caoutchouc souple, la quantit\u00e9 appropri\u00e9e de sections de piste de montage en vinyle semi-rigide, deux bouchons d&#8217;extr\u00e9mit\u00e9 en vinyle et un capuchon de joint en vinyle. L&#8217;installation de ce profil de protection est simple. Il suffit de fixer la barre en dural\u00e8ne \u00e0 l&#8217;aide de vis ou d&#8217;adh\u00e9sif Sika, puis de glisser le profil de protection sur la barre.<\/p>\n<p style=\"color: rgb(34, 34, 34); font-family: Arial, Helvetica, sans-serif; font-size: small;\">Ce profil de protection non seulement am\u00e9liore l&#8217;attrait esth\u00e9tique, mais aussi la fonctionnalit\u00e9 de votre bateau. Les conceptions brevet\u00e9es de Tessilmare allient r\u00e9silience aux impacts \u00e9lev\u00e9s, sophistication et co\u00fbt abordable, r\u00e9volutionnant ainsi l&#8217;apparence conventionnelle des rails de protection. Les profils de protection Radial offrent une solution homog\u00e8ne et agr\u00e9able visuellement, sans joints visibles ni bords tranchants, aboutissant \u00e0 une finition plus propre et plus attrayante par rapport aux rails de protection multi-pi\u00e8ces traditionnels.<\/p>\n<p style=\"color: rgb(34, 34, 34); font-family: Arial, Helvetica, sans-serif; font-size: small;\">Sp\u00e9cialement con\u00e7u pour le secteur maritime, le Tessilmare Radial peut \u00eatre assembl\u00e9 en quelques minutes. La proc\u00e9dure d&#8217;installation est simple : attachez les segments de la piste \u00e0 la coque du bateau et s\u00e9curisez le couvercle ext\u00e9rieur sur la piste. Le couvercle se d\u00e9roule facilement \u00e0 partir d&#8217;une bobine en vrac, et les bouchons d&#8217;extr\u00e9mit\u00e9 fournis compl\u00e8tent l&#8217;installation.<\/p>\n<p style=\"color: rgb(34, 34, 34); font-family: Arial, Helvetica, sans-serif; font-size: small;\">Ce syst\u00e8me de protection brevet\u00e9 comprend deux composants essentiels :<\/p>\n<ol style=\"color: rgb(34, 34, 34); font-family: Arial, Helvetica, sans-serif; font-size: small;\">\n<li>Une barre robuste qui peut \u00eatre solidement fix\u00e9e au bateau \u00e0 l&#8217;aide de vis ou de rivets, sans n\u00e9cessiter d&#8217;outils sp\u00e9cialis\u00e9s.<\/li>\n<li>Un profil en caoutchouc flexible qui se connecte \u00e0 la base. Ce insert sans couture est disponible en bobines d\u00e9coup\u00e9es sur mesure pour minimiser les d\u00e9chets. Les rails en PVC Radial peuvent \u00eatre pli\u00e9s dans n&#8217;importe quelle direction sans avoir besoin de chaleur, ce qui les rend 70% plus rapides \u00e0 assembler, \u00e9conomiques, faciles \u00e0 r\u00e9parer et rapides \u00e0 r\u00e9ajuster.<\/li>\n<\/ol>\n","protected":false},"excerpt":{"rendered":"<p>Profil\u00e9 pare-battage Tessilmare Radial 52 blanc, 12\u00a0m &#8211; Le Rail de Protection Radial pr\u00e9sente un avantage consid\u00e9rable gr\u00e2ce \u00e0 son<\/p>\n","protected":false},"featured_media":5945169,"comment_status":"open","ping_status":"closed","template":"","meta":[],"product_brand":[3479],"product_cat":[1278],"product_tag":[],"class_list":{"0":"post-730105","1":"product","2":"type-product","3":"status-publish","4":"has-post-thumbnail","6":"product_brand-tessilmare-fr","7":"product_cat-profils-de-pare-battage","9":"first","10":"instock","11":"shipping-taxable","12":"purchasable","13":"product-type-simple"},"_links":{"self":[{"href":"https:\/\/stoic-curie.212-227-153-4.plesk.page\/fr\/wp-json\/wp\/v2\/product\/730105","targetHints":{"allow":["GET"]}}],"collection":[{"href":"https:\/\/stoic-curie.212-227-153-4.plesk.page\/fr\/wp-json\/wp\/v2\/product"}],"about":[{"href":"https:\/\/stoic-curie.212-227-153-4.plesk.page\/fr\/wp-json\/wp\/v2\/types\/product"}],"replies":[{"embeddable":true,"href":"https:\/\/stoic-curie.212-227-153-4.plesk.page\/fr\/wp-json\/wp\/v2\/comments?post=730105"}],"version-history":[{"count":0,"href":"https:\/\/stoic-curie.212-227-153-4.plesk.page\/fr\/wp-json\/wp\/v2\/product\/730105\/revisions"}],"wp:featuredmedia":[{"embeddable":true,"href":"https:\/\/stoic-curie.212-227-153-4.plesk.page\/fr\/wp-json\/wp\/v2\/media\/5945169"}],"wp:attachment":[{"href":"https:\/\/stoic-curie.212-227-153-4.plesk.page\/fr\/wp-json\/wp\/v2\/media?parent=730105"}],"wp:term":[{"taxonomy":"product_brand","embeddable":true,"href":"https:\/\/stoic-curie.212-227-153-4.plesk.page\/fr\/wp-json\/wp\/v2\/product_brand?post=730105"},{"taxonomy":"product_cat","embeddable":true,"href":"https:\/\/stoic-curie.212-227-153-4.plesk.page\/fr\/wp-json\/wp\/v2\/product_cat?post=730105"},{"taxonomy":"product_tag","embeddable":true,"href":"https:\/\/stoic-curie.212-227-153-4.plesk.page\/fr\/wp-json\/wp\/v2\/product_tag?post=730105"}],"curies":[{"name":"wp","href":"https:\/\/api.w.org\/{rel}","templated":true}]}}