{"id":730106,"date":"2025-03-03T16:06:09","date_gmt":"2025-03-03T15:06:09","guid":{"rendered":"https:\/\/stoic-curie.212-227-153-4.plesk.page\/producto\/profile-pare-battage-tessilmare-radial-52-gris-12-m\/"},"modified":"2026-02-24T23:08:38","modified_gmt":"2026-02-24T23:08:38","slug":"profile-pare-battage-tessilmare-radial-52-gris-12-m","status":"publish","type":"product","link":"https:\/\/stoic-curie.212-227-153-4.plesk.page\/fr\/product\/profile-pare-battage-tessilmare-radial-52-gris-12-m\/","title":{"rendered":"Profil\u00e9 pare-battage Tessilmare Radial 52 gris, 12\u00a0m"},"content":{"rendered":"<p>Profil\u00e9 pare-battage Tessilmare Radial 52 gris, 12\u00a0m &#8211; <\/p>\n<p style=\"color: rgb(34, 34, 34); font-family: Arial, Helvetica, sans-serif; font-size: small;\">Le Rail de Frottement Radial pr\u00e9sente un avantage consid\u00e9rable gr\u00e2ce \u00e0 son processus d&#8217;installation simple, qui ne n\u00e9cessite pas d&#8217;outils sp\u00e9cialis\u00e9s. Son rev\u00eatement en PVC polyvalent permet un ajustement facile, m\u00eame par temps froid, \u00e9liminant ainsi le besoin de chaleur. Une fois l&#8217;installation termin\u00e9e, les segments de rail sont discr\u00e8tement dissimul\u00e9s sous le rev\u00eatement, offrant une apparence soign\u00e9e et sophistiqu\u00e9e.<\/p>\n<p style=\"color: rgb(34, 34, 34); font-family: Arial, Helvetica, sans-serif; font-size: small;\">Le kit est compl\u00e8tement fourni avec tous les composants n\u00e9cessaires : un rouleau continu de rev\u00eatement en caoutchouc souple, la quantit\u00e9 appropri\u00e9e de sections de rail de montage en vinyle semi-rigide, deux capuchons en vinyle et un capuchon de joint en vinyle. L&#8217;installation de ce profil de protection est simple. Il suffit de fixer la barre en dural\u00e8ne \u00e0 l&#8217;aide de vis ou d&#8217;adh\u00e9sif Sika, puis de glisser le profilong dessus.<\/p>\n<p style=\"color: rgb(34, 34, 34); font-family: Arial, Helvetica, sans-serif; font-size: small;\">Ce profil de protection non seulement am\u00e9liore l&#8217;attrait visuel, mais augmente \u00e9galement la fonctionnalit\u00e9 de votre embarcation. Les conceptions brevet\u00e9es de Tessilmare allient r\u00e9sistance aux chocs et \u00e9l\u00e9gance \u00e0 un prix abordable, transformant l&#8217;esth\u00e9tique traditionnelle des rails de frottement. Les profils de protection Radiales offrent une solution homog\u00e8ne et visuellement attrayante, sans joints visibles ni bords tranchants, r\u00e9sultant en une finition plus propre et plus attrayante que les rails de frottement multi-pi\u00e8ces conventionnels.<\/p>\n<p style=\"color: rgb(34, 34, 34); font-family: Arial, Helvetica, sans-serif; font-size: small;\">Sp\u00e9cialement con\u00e7ue pour l&#8217;industrie marine, la Radiale de Tessilmare peut \u00eatre assembl\u00e9e en quelques minutes. Le processus d&#8217;installation est simple : fixez les segments de rail \u00e0 la coque du bateau et s\u00e9curisez le rev\u00eatement ext\u00e9rieur sur le rail. Le rev\u00eatement se d\u00e9roule facilement \u00e0 partir d&#8217;une bobine en vrac, et les capuchons fournis terminent l&#8217;installation.<\/p>\n<p style=\"color: rgb(34, 34, 34); font-family: Arial, Helvetica, sans-serif; font-size: small;\">Ce syst\u00e8me de protection brevet\u00e9 se compose de deux composants essentiels :<\/p>\n<ol style=\"color: rgb(34, 34, 34); font-family: Arial, Helvetica, sans-serif; font-size: small;\">\n<li>Une barre robuste qui peut \u00eatre solidement fix\u00e9e au bateau \u00e0 l&#8217;aide de vis ou de rivets, sans n\u00e9cessiter d&#8217;outils sp\u00e9cialis\u00e9s.<\/li>\n<li>Un profil en caoutchouc flexible qui se connecte \u00e0 la base. Cet insert homog\u00e8ne est disponible en rouleaux d\u00e9coup\u00e9s sur mesure pour minimiser le gaspillage. Les rails de frottement en PVC Radial peuvent \u00eatre pli\u00e9s dans n&#8217;importe quelle direction sans application de chaleur, ce qui permet une r\u00e9duction de 70 % du temps d&#8217;assemblage, une rentabilit\u00e9, une facilit\u00e9 de r\u00e9paration et un r\u00e9am\u00e9nagement rapide.<\/li>\n<\/ol>\n","protected":false},"excerpt":{"rendered":"<p>Profil\u00e9 pare-battage Tessilmare Radial 52 gris, 12\u00a0m &#8211; Le Rail de Frottement Radial pr\u00e9sente un avantage consid\u00e9rable gr\u00e2ce \u00e0 son<\/p>\n","protected":false},"featured_media":5945170,"comment_status":"open","ping_status":"closed","template":"","meta":[],"product_brand":[3479],"product_cat":[1278],"product_tag":[],"class_list":{"0":"post-730106","1":"product","2":"type-product","3":"status-publish","4":"has-post-thumbnail","6":"product_brand-tessilmare-fr","7":"product_cat-profils-de-pare-battage","9":"first","10":"instock","11":"shipping-taxable","12":"purchasable","13":"product-type-simple"},"_links":{"self":[{"href":"https:\/\/stoic-curie.212-227-153-4.plesk.page\/fr\/wp-json\/wp\/v2\/product\/730106","targetHints":{"allow":["GET"]}}],"collection":[{"href":"https:\/\/stoic-curie.212-227-153-4.plesk.page\/fr\/wp-json\/wp\/v2\/product"}],"about":[{"href":"https:\/\/stoic-curie.212-227-153-4.plesk.page\/fr\/wp-json\/wp\/v2\/types\/product"}],"replies":[{"embeddable":true,"href":"https:\/\/stoic-curie.212-227-153-4.plesk.page\/fr\/wp-json\/wp\/v2\/comments?post=730106"}],"version-history":[{"count":0,"href":"https:\/\/stoic-curie.212-227-153-4.plesk.page\/fr\/wp-json\/wp\/v2\/product\/730106\/revisions"}],"wp:featuredmedia":[{"embeddable":true,"href":"https:\/\/stoic-curie.212-227-153-4.plesk.page\/fr\/wp-json\/wp\/v2\/media\/5945170"}],"wp:attachment":[{"href":"https:\/\/stoic-curie.212-227-153-4.plesk.page\/fr\/wp-json\/wp\/v2\/media?parent=730106"}],"wp:term":[{"taxonomy":"product_brand","embeddable":true,"href":"https:\/\/stoic-curie.212-227-153-4.plesk.page\/fr\/wp-json\/wp\/v2\/product_brand?post=730106"},{"taxonomy":"product_cat","embeddable":true,"href":"https:\/\/stoic-curie.212-227-153-4.plesk.page\/fr\/wp-json\/wp\/v2\/product_cat?post=730106"},{"taxonomy":"product_tag","embeddable":true,"href":"https:\/\/stoic-curie.212-227-153-4.plesk.page\/fr\/wp-json\/wp\/v2\/product_tag?post=730106"}],"curies":[{"name":"wp","href":"https:\/\/api.w.org\/{rel}","templated":true}]}}