{"id":730112,"date":"2025-03-03T16:06:10","date_gmt":"2025-03-03T15:06:10","guid":{"rendered":"https:\/\/stoic-curie.212-227-153-4.plesk.page\/producto\/echelle-de-bain-telescopique-escamotable-a-3-echelons-25-x-h-875-cm\/"},"modified":"2026-02-24T23:08:39","modified_gmt":"2026-02-24T23:08:39","slug":"echelle-de-bain-telescopique-escamotable-a-3-echelons-25-x-h-875-cm","status":"publish","type":"product","link":"https:\/\/stoic-curie.212-227-153-4.plesk.page\/fr\/product\/echelle-de-bain-telescopique-escamotable-a-3-echelons-25-x-h-875-cm\/","title":{"rendered":"\u00c9chelle de bain t\u00e9lescopique escamotable \u00e0 3\u00a0\u00e9chelons, 25\u00a0x\u00a0H\u00a087,5\u00a0cm"},"content":{"rendered":"<p>\u00c9chelle de bain t\u00e9lescopique escamotable \u00e0 3\u00a0\u00e9chelons, 25\u00a0x\u00a0H\u00a087,5\u00a0cm &#8211; <\/p>\n<p>\u00c9chelles t\u00e9lescopiques en acier inoxydable sous plateforme avec marches larges pour une mont\u00e9e confortable. Livr\u00e9es avec cage et rails de guidage.<\/p>\n","protected":false},"excerpt":{"rendered":"<p>\u00c9chelle de bain t\u00e9lescopique escamotable \u00e0 3\u00a0\u00e9chelons, 25\u00a0x\u00a0H\u00a087,5\u00a0cm &#8211; \u00c9chelles t\u00e9lescopiques en acier inoxydable sous plateforme avec marches larges pour<\/p>\n","protected":false},"featured_media":5945225,"comment_status":"open","ping_status":"closed","template":"","meta":[],"product_brand":[3489],"product_cat":[1044],"product_tag":[],"class_list":{"0":"post-730112","1":"product","2":"type-product","3":"status-publish","4":"has-post-thumbnail","6":"product_brand-trem-fr","7":"product_cat-echelles","9":"first","10":"instock","11":"shipping-taxable","12":"purchasable","13":"product-type-simple"},"_links":{"self":[{"href":"https:\/\/stoic-curie.212-227-153-4.plesk.page\/fr\/wp-json\/wp\/v2\/product\/730112","targetHints":{"allow":["GET"]}}],"collection":[{"href":"https:\/\/stoic-curie.212-227-153-4.plesk.page\/fr\/wp-json\/wp\/v2\/product"}],"about":[{"href":"https:\/\/stoic-curie.212-227-153-4.plesk.page\/fr\/wp-json\/wp\/v2\/types\/product"}],"replies":[{"embeddable":true,"href":"https:\/\/stoic-curie.212-227-153-4.plesk.page\/fr\/wp-json\/wp\/v2\/comments?post=730112"}],"version-history":[{"count":0,"href":"https:\/\/stoic-curie.212-227-153-4.plesk.page\/fr\/wp-json\/wp\/v2\/product\/730112\/revisions"}],"wp:featuredmedia":[{"embeddable":true,"href":"https:\/\/stoic-curie.212-227-153-4.plesk.page\/fr\/wp-json\/wp\/v2\/media\/5945225"}],"wp:attachment":[{"href":"https:\/\/stoic-curie.212-227-153-4.plesk.page\/fr\/wp-json\/wp\/v2\/media?parent=730112"}],"wp:term":[{"taxonomy":"product_brand","embeddable":true,"href":"https:\/\/stoic-curie.212-227-153-4.plesk.page\/fr\/wp-json\/wp\/v2\/product_brand?post=730112"},{"taxonomy":"product_cat","embeddable":true,"href":"https:\/\/stoic-curie.212-227-153-4.plesk.page\/fr\/wp-json\/wp\/v2\/product_cat?post=730112"},{"taxonomy":"product_tag","embeddable":true,"href":"https:\/\/stoic-curie.212-227-153-4.plesk.page\/fr\/wp-json\/wp\/v2\/product_tag?post=730112"}],"curies":[{"name":"wp","href":"https:\/\/api.w.org\/{rel}","templated":true}]}}