{"id":730114,"date":"2025-03-03T16:06:11","date_gmt":"2025-03-03T15:06:11","guid":{"rendered":"https:\/\/stoic-curie.212-227-153-4.plesk.page\/producto\/echelle-de-bain-telescopique-escamotable-en-coffre-a-encastrer-3-echelons-25-x-h-115-cm\/"},"modified":"2026-02-24T23:08:39","modified_gmt":"2026-02-24T23:08:39","slug":"echelle-de-bain-telescopique-escamotable-en-coffre-a-encastrer-3-echelons-25-x-h-115-cm","status":"publish","type":"product","link":"https:\/\/stoic-curie.212-227-153-4.plesk.page\/fr\/product\/echelle-de-bain-telescopique-escamotable-en-coffre-a-encastrer-3-echelons-25-x-h-115-cm\/","title":{"rendered":"\u00c9chelle de bain t\u00e9lescopique escamotable en coffre \u00e0 encastrer, 3\u00a0\u00e9chelons, 25\u00a0x\u00a0H\u00a0115\u00a0cm"},"content":{"rendered":"<p>\u00c9chelle de bain t\u00e9lescopique escamotable en coffre \u00e0 encastrer, 3\u00a0\u00e9chelons, 25\u00a0x\u00a0H\u00a0115\u00a0cm &#8211; <\/p>\n<p>\u00c9chelles t\u00e9lescopiques en acier inoxydable dans une bo\u00eete. Compl\u00e8tes avec bo\u00eete et rails de guidage. Montage en fa\u00e7ade. Dimensions de la bo\u00eete 33 x 47 x 4,6 cm (49 cm pour la version 4 marches).<\/p>\n","protected":false},"excerpt":{"rendered":"<p>\u00c9chelle de bain t\u00e9lescopique escamotable en coffre \u00e0 encastrer, 3\u00a0\u00e9chelons, 25\u00a0x\u00a0H\u00a0115\u00a0cm &#8211; \u00c9chelles t\u00e9lescopiques en acier inoxydable dans une bo\u00eete.<\/p>\n","protected":false},"featured_media":5945228,"comment_status":"open","ping_status":"closed","template":"","meta":[],"product_brand":[3489],"product_cat":[1044],"product_tag":[],"class_list":{"0":"post-730114","1":"product","2":"type-product","3":"status-publish","4":"has-post-thumbnail","6":"product_brand-trem-fr","7":"product_cat-echelles","9":"first","10":"instock","11":"shipping-taxable","12":"purchasable","13":"product-type-simple"},"_links":{"self":[{"href":"https:\/\/stoic-curie.212-227-153-4.plesk.page\/fr\/wp-json\/wp\/v2\/product\/730114","targetHints":{"allow":["GET"]}}],"collection":[{"href":"https:\/\/stoic-curie.212-227-153-4.plesk.page\/fr\/wp-json\/wp\/v2\/product"}],"about":[{"href":"https:\/\/stoic-curie.212-227-153-4.plesk.page\/fr\/wp-json\/wp\/v2\/types\/product"}],"replies":[{"embeddable":true,"href":"https:\/\/stoic-curie.212-227-153-4.plesk.page\/fr\/wp-json\/wp\/v2\/comments?post=730114"}],"version-history":[{"count":0,"href":"https:\/\/stoic-curie.212-227-153-4.plesk.page\/fr\/wp-json\/wp\/v2\/product\/730114\/revisions"}],"wp:featuredmedia":[{"embeddable":true,"href":"https:\/\/stoic-curie.212-227-153-4.plesk.page\/fr\/wp-json\/wp\/v2\/media\/5945228"}],"wp:attachment":[{"href":"https:\/\/stoic-curie.212-227-153-4.plesk.page\/fr\/wp-json\/wp\/v2\/media?parent=730114"}],"wp:term":[{"taxonomy":"product_brand","embeddable":true,"href":"https:\/\/stoic-curie.212-227-153-4.plesk.page\/fr\/wp-json\/wp\/v2\/product_brand?post=730114"},{"taxonomy":"product_cat","embeddable":true,"href":"https:\/\/stoic-curie.212-227-153-4.plesk.page\/fr\/wp-json\/wp\/v2\/product_cat?post=730114"},{"taxonomy":"product_tag","embeddable":true,"href":"https:\/\/stoic-curie.212-227-153-4.plesk.page\/fr\/wp-json\/wp\/v2\/product_tag?post=730114"}],"curies":[{"name":"wp","href":"https:\/\/api.w.org\/{rel}","templated":true}]}}