{"id":730115,"date":"2025-03-03T16:06:11","date_gmt":"2025-03-03T15:06:11","guid":{"rendered":"https:\/\/stoic-curie.212-227-153-4.plesk.page\/producto\/echelle-de-bain-telescopique-repliable-a-4-echelons-et-mains-courantes\/"},"modified":"2026-02-24T23:08:39","modified_gmt":"2026-02-24T23:08:39","slug":"echelle-de-bain-telescopique-repliable-a-4-echelons-et-mains-courantes","status":"publish","type":"product","link":"https:\/\/stoic-curie.212-227-153-4.plesk.page\/fr\/product\/echelle-de-bain-telescopique-repliable-a-4-echelons-et-mains-courantes\/","title":{"rendered":"\u00c9chelle de bain t\u00e9lescopique repliable \u00e0 4\u00a0\u00e9chelons et mains courantes"},"content":{"rendered":"<p>\u00c9chelle de bain t\u00e9lescopique repliable \u00e0 4\u00a0\u00e9chelons et mains courantes &#8211; <\/p>\n<p>\u00c9chelles de bateau en acier inoxydable t\u00e9l\u00e9scopiques et pliables avec main courante pliable. Marches plates en polyur\u00e9thane pour un confort accru. Pour montage sur plateforme. Dimensions de la main courante 30 cm.<\/p>\n","protected":false},"excerpt":{"rendered":"<p>\u00c9chelle de bain t\u00e9lescopique repliable \u00e0 4\u00a0\u00e9chelons et mains courantes &#8211; \u00c9chelles de bateau en acier inoxydable t\u00e9l\u00e9scopiques et pliables<\/p>\n","protected":false},"featured_media":5945231,"comment_status":"open","ping_status":"closed","template":"","meta":[],"product_brand":[3489],"product_cat":[1044],"product_tag":[],"class_list":{"0":"post-730115","1":"product","2":"type-product","3":"status-publish","4":"has-post-thumbnail","6":"product_brand-trem-fr","7":"product_cat-echelles","9":"first","10":"instock","11":"shipping-taxable","12":"purchasable","13":"product-type-simple"},"_links":{"self":[{"href":"https:\/\/stoic-curie.212-227-153-4.plesk.page\/fr\/wp-json\/wp\/v2\/product\/730115","targetHints":{"allow":["GET"]}}],"collection":[{"href":"https:\/\/stoic-curie.212-227-153-4.plesk.page\/fr\/wp-json\/wp\/v2\/product"}],"about":[{"href":"https:\/\/stoic-curie.212-227-153-4.plesk.page\/fr\/wp-json\/wp\/v2\/types\/product"}],"replies":[{"embeddable":true,"href":"https:\/\/stoic-curie.212-227-153-4.plesk.page\/fr\/wp-json\/wp\/v2\/comments?post=730115"}],"version-history":[{"count":0,"href":"https:\/\/stoic-curie.212-227-153-4.plesk.page\/fr\/wp-json\/wp\/v2\/product\/730115\/revisions"}],"wp:featuredmedia":[{"embeddable":true,"href":"https:\/\/stoic-curie.212-227-153-4.plesk.page\/fr\/wp-json\/wp\/v2\/media\/5945231"}],"wp:attachment":[{"href":"https:\/\/stoic-curie.212-227-153-4.plesk.page\/fr\/wp-json\/wp\/v2\/media?parent=730115"}],"wp:term":[{"taxonomy":"product_brand","embeddable":true,"href":"https:\/\/stoic-curie.212-227-153-4.plesk.page\/fr\/wp-json\/wp\/v2\/product_brand?post=730115"},{"taxonomy":"product_cat","embeddable":true,"href":"https:\/\/stoic-curie.212-227-153-4.plesk.page\/fr\/wp-json\/wp\/v2\/product_cat?post=730115"},{"taxonomy":"product_tag","embeddable":true,"href":"https:\/\/stoic-curie.212-227-153-4.plesk.page\/fr\/wp-json\/wp\/v2\/product_tag?post=730115"}],"curies":[{"name":"wp","href":"https:\/\/api.w.org\/{rel}","templated":true}]}}