{"id":730116,"date":"2025-03-03T16:06:11","date_gmt":"2025-03-03T15:06:11","guid":{"rendered":"https:\/\/stoic-curie.212-227-153-4.plesk.page\/producto\/echelle-telescopique-a-3-echelons-pour-canots-pneumatiques\/"},"modified":"2026-02-24T23:08:39","modified_gmt":"2026-02-24T23:08:39","slug":"echelle-telescopique-a-3-echelons-pour-canots-pneumatiques","status":"publish","type":"product","link":"https:\/\/stoic-curie.212-227-153-4.plesk.page\/fr\/product\/echelle-telescopique-a-3-echelons-pour-canots-pneumatiques\/","title":{"rendered":"\u00c9chelle t\u00e9lescopique \u00e0 3\u00a0\u00e9chelons pour canots pneumatiques"},"content":{"rendered":"<p>\u00c9chelle t\u00e9lescopique \u00e0 3\u00a0\u00e9chelons pour canots pneumatiques &#8211; <\/p>\n<p>\u00c9chelles pliantes t\u00e9lescopiques en acier inoxydable pour bateaux pneumatiques. Livr\u00e9 avec des sangles de fixation.<\/p>\n","protected":false},"excerpt":{"rendered":"<p>\u00c9chelle t\u00e9lescopique \u00e0 3\u00a0\u00e9chelons pour canots pneumatiques &#8211; \u00c9chelles pliantes t\u00e9lescopiques en acier inoxydable pour bateaux pneumatiques. Livr\u00e9 avec des<\/p>\n","protected":false},"featured_media":5945236,"comment_status":"open","ping_status":"closed","template":"","meta":[],"product_brand":[3489],"product_cat":[1265,1044],"product_tag":[],"class_list":{"0":"post-730116","1":"product","2":"type-product","3":"status-publish","4":"has-post-thumbnail","6":"product_brand-trem-fr","7":"product_cat-accessoires-pour-annexes-gonflables","8":"product_cat-echelles","10":"first","11":"instock","12":"shipping-taxable","13":"purchasable","14":"product-type-simple"},"_links":{"self":[{"href":"https:\/\/stoic-curie.212-227-153-4.plesk.page\/fr\/wp-json\/wp\/v2\/product\/730116","targetHints":{"allow":["GET"]}}],"collection":[{"href":"https:\/\/stoic-curie.212-227-153-4.plesk.page\/fr\/wp-json\/wp\/v2\/product"}],"about":[{"href":"https:\/\/stoic-curie.212-227-153-4.plesk.page\/fr\/wp-json\/wp\/v2\/types\/product"}],"replies":[{"embeddable":true,"href":"https:\/\/stoic-curie.212-227-153-4.plesk.page\/fr\/wp-json\/wp\/v2\/comments?post=730116"}],"version-history":[{"count":0,"href":"https:\/\/stoic-curie.212-227-153-4.plesk.page\/fr\/wp-json\/wp\/v2\/product\/730116\/revisions"}],"wp:featuredmedia":[{"embeddable":true,"href":"https:\/\/stoic-curie.212-227-153-4.plesk.page\/fr\/wp-json\/wp\/v2\/media\/5945236"}],"wp:attachment":[{"href":"https:\/\/stoic-curie.212-227-153-4.plesk.page\/fr\/wp-json\/wp\/v2\/media?parent=730116"}],"wp:term":[{"taxonomy":"product_brand","embeddable":true,"href":"https:\/\/stoic-curie.212-227-153-4.plesk.page\/fr\/wp-json\/wp\/v2\/product_brand?post=730116"},{"taxonomy":"product_cat","embeddable":true,"href":"https:\/\/stoic-curie.212-227-153-4.plesk.page\/fr\/wp-json\/wp\/v2\/product_cat?post=730116"},{"taxonomy":"product_tag","embeddable":true,"href":"https:\/\/stoic-curie.212-227-153-4.plesk.page\/fr\/wp-json\/wp\/v2\/product_tag?post=730116"}],"curies":[{"name":"wp","href":"https:\/\/api.w.org\/{rel}","templated":true}]}}