{"id":730120,"date":"2025-03-03T16:06:12","date_gmt":"2025-03-03T15:06:12","guid":{"rendered":"https:\/\/stoic-curie.212-227-153-4.plesk.page\/producto\/passerelle-tpc-en-materiaux-composites-9-kg-245-x-40-cm-charge-max-250-kg\/"},"modified":"2026-02-24T23:08:39","modified_gmt":"2026-02-24T23:08:39","slug":"passerelle-tpc-en-materiaux-composites-9-kg-245-x-40-cm-charge-max-250-kg","status":"publish","type":"product","link":"https:\/\/stoic-curie.212-227-153-4.plesk.page\/fr\/product\/passerelle-tpc-en-materiaux-composites-9-kg-245-x-40-cm-charge-max-250-kg\/","title":{"rendered":"Passerelle TPC en mat\u00e9riaux composites 245\u00a0x\u00a040\u00a0cm"},"content":{"rendered":"<p>Passerelle TPC en mat\u00e9riaux composites 245\u00a0x\u00a040\u00a0cm &#8211; <\/p>\n<p>Le passerelle TPC est fabriqu\u00e9e \u00e0 partir d&#8217;un mat\u00e9riau composite thermoplastique, souvent salu\u00e9 comme le mat\u00e9riau du futur. Ce mat\u00e9riau avanc\u00e9 permet \u00e0 la passerelle TPC de remplacer les planches en bois traditionnelles et peu co\u00fbteuses. C&#8217;est une option solide et l\u00e9g\u00e8re, con\u00e7ue pour un usage intensif et continu, ce qui la rend parfaite pour les charters et les marinas. La passerelle est construite comme une pi\u00e8ce unique sans joints, garantissant qu&#8217;elle flotte, r\u00e9siste \u00e0 la corrosion et supporte les UV. Sa surface est enti\u00e8rement antid\u00e9rapante, avec des bords en caoutchouc qui sont r\u00e9sistants aux rayures et offrent une protection suppl\u00e9mentaire.<\/p>\n<p><strong>Pourquoi choisir les passerelles POLYMER ?<\/strong><\/p>\n<p>Avec des ann\u00e9es d&#8217;innovation dans le domaine des passerelles maritimes et notre position de leader dans l&#8217;industrie, nous avons d\u00e9velopp\u00e9 une solution d&#8217;acc\u00e8s simplifi\u00e9e qui remplace les passerelles en bois lourdes.<\/p>\n<p>Les passerelles TPC sont con\u00e7ues pour r\u00e9sister aux conditions difficiles des environnements de charter, en faisant la meilleure option l\u00e9g\u00e8re, flottante et durable disponible.<\/p>\n<p><strong>Caract\u00e9ristiques cl\u00e9s<\/strong><\/p>\n<ul>\n<li>Design simplifi\u00e9<\/li>\n<li>Construction l\u00e9g\u00e8re<\/li>\n<li>Versions non pliables uniquement<\/li>\n<li>Surface antid\u00e9rapante pour un acc\u00e8s s\u00e9curis\u00e9 \u00e0 votre bateau<\/li>\n<li>Tous les mat\u00e9riaux sont prot\u00e9g\u00e9s contre les UV<\/li>\n<\/ul>\n<p>Les bords en plastique souple ne laissent aucune marque et servent de supports de montage et de protections de bord, qui peuvent \u00eatre remplac\u00e9s lorsqu&#8217;ils sont us\u00e9s. Le design ferm\u00e9 garantit que la passerelle POLYMER reste flottante.<\/p>\n<p><strong>Sp\u00e9cifications techniques<\/strong><\/p>\n<ul>\n<li>Longueur : 220 cm ou 245 cm<\/li>\n<li>Largeur : 40 cm ou sur mesure<\/li>\n<li>Poids : 8,5 kg ou 10,5 kg<\/li>\n<li>Capacit\u00e9 de charge : 250 kg<\/li>\n<\/ul>\n<p>Avec la passerelle TPC, vous pouvez profiter d&#8217;une solution d&#8217;acc\u00e8s fiable et efficace pour tous vos besoins nautiques.<\/p>\n","protected":false},"excerpt":{"rendered":"<p>Passerelle TPC en mat\u00e9riaux composites 245\u00a0x\u00a040\u00a0cm &#8211; Le passerelle TPC est fabriqu\u00e9e \u00e0 partir d&#8217;un mat\u00e9riau composite thermoplastique, souvent salu\u00e9<\/p>\n","protected":false},"featured_media":5945254,"comment_status":"open","ping_status":"closed","template":"","meta":[],"product_brand":[3489],"product_cat":[1038],"product_tag":[],"class_list":{"0":"post-730120","1":"product","2":"type-product","3":"status-publish","4":"has-post-thumbnail","6":"product_brand-trem-fr","7":"product_cat-passerelles","9":"first","10":"instock","11":"shipping-taxable","12":"purchasable","13":"product-type-simple"},"_links":{"self":[{"href":"https:\/\/stoic-curie.212-227-153-4.plesk.page\/fr\/wp-json\/wp\/v2\/product\/730120","targetHints":{"allow":["GET"]}}],"collection":[{"href":"https:\/\/stoic-curie.212-227-153-4.plesk.page\/fr\/wp-json\/wp\/v2\/product"}],"about":[{"href":"https:\/\/stoic-curie.212-227-153-4.plesk.page\/fr\/wp-json\/wp\/v2\/types\/product"}],"replies":[{"embeddable":true,"href":"https:\/\/stoic-curie.212-227-153-4.plesk.page\/fr\/wp-json\/wp\/v2\/comments?post=730120"}],"version-history":[{"count":0,"href":"https:\/\/stoic-curie.212-227-153-4.plesk.page\/fr\/wp-json\/wp\/v2\/product\/730120\/revisions"}],"wp:featuredmedia":[{"embeddable":true,"href":"https:\/\/stoic-curie.212-227-153-4.plesk.page\/fr\/wp-json\/wp\/v2\/media\/5945254"}],"wp:attachment":[{"href":"https:\/\/stoic-curie.212-227-153-4.plesk.page\/fr\/wp-json\/wp\/v2\/media?parent=730120"}],"wp:term":[{"taxonomy":"product_brand","embeddable":true,"href":"https:\/\/stoic-curie.212-227-153-4.plesk.page\/fr\/wp-json\/wp\/v2\/product_brand?post=730120"},{"taxonomy":"product_cat","embeddable":true,"href":"https:\/\/stoic-curie.212-227-153-4.plesk.page\/fr\/wp-json\/wp\/v2\/product_cat?post=730120"},{"taxonomy":"product_tag","embeddable":true,"href":"https:\/\/stoic-curie.212-227-153-4.plesk.page\/fr\/wp-json\/wp\/v2\/product_tag?post=730120"}],"curies":[{"name":"wp","href":"https:\/\/api.w.org\/{rel}","templated":true}]}}